{"id":4286,"date":"2020-01-20T13:46:27","date_gmt":"2020-01-20T12:46:27","guid":{"rendered":"https:\/\/utek.de\/referenzen\/kunden-und-projekte-a-h\/"},"modified":"2025-05-15T17:03:20","modified_gmt":"2025-05-15T15:03:20","slug":"clients-et-projets-a-i","status":"publish","type":"page","link":"https:\/\/utek.de\/fr\/references\/clients-et-projets-a-i\/","title":{"rendered":"Clients et projets, A-I"},"content":{"rendered":"<h1>LES DONNEURS D&rsquo;ORDRE D&rsquo;UTEK<\/h1>\n<h2>R\u00e9alisations de projets de qualit\u00e9 sup\u00e9rieure<\/h2>\n<h3>Clients et projets actuels d&rsquo;UTEK, A-I<\/h3>\n ","protected":false},"excerpt":{"rendered":"<p>LES DONNEURS D&rsquo;ORDRE D&rsquo;UTEK R\u00e9alisations de projets de qualit\u00e9 sup\u00e9rieure Clients et projets actuels d&rsquo;UTEK, A-I<\/p>\n","protected":false},"author":1,"featured_media":0,"parent":4285,"menu_order":17,"comment_status":"closed","ping_status":"closed","template":"page-kunden.php","meta":{"_acf_changed":false,"footnotes":""},"class_list":["post-4286","page","type-page","status-publish","hentry"],"acf":[],"yoast_head":"<!-- This site is optimized with the Yoast SEO plugin v27.1.1 - https:\/\/yoast.com\/product\/yoast-seo-wordpress\/ -->\n<title>UTEK ing\u00e9nieurs pour la construction d&#039;installations et l&#039;ing\u00e9nierie<\/title>\n<meta name=\"description\" content=\"Avec UTEK dans l&#039;industrie pharmaceutique et chimique, la raffinerie, la planification et la construction d&#039;installations.\" \/>\n<meta name=\"robots\" content=\"index, follow, max-snippet:-1, max-image-preview:large, max-video-preview:-1\" \/>\n<link rel=\"canonical\" href=\"https:\/\/utek.de\/fr\/references\/clients-et-projets-a-i\/\" \/>\n<meta property=\"og:locale\" content=\"fr_FR\" \/>\n<meta property=\"og:type\" content=\"article\" \/>\n<meta property=\"og:title\" content=\"UTEK ing\u00e9nieurs pour la construction d&#039;installations et l&#039;ing\u00e9nierie\" \/>\n<meta property=\"og:description\" content=\"Avec UTEK dans l&#039;industrie pharmaceutique et chimique, la raffinerie, la planification et la construction d&#039;installations.\" \/>\n<meta property=\"og:url\" content=\"https:\/\/utek.de\/fr\/references\/clients-et-projets-a-i\/\" \/>\n<meta property=\"og:site_name\" content=\"utek\" \/>\n<meta property=\"article:modified_time\" content=\"2025-05-15T15:03:20+00:00\" \/>\n<meta name=\"twitter:card\" content=\"summary_large_image\" \/>\n<meta name=\"twitter:label1\" content=\"Dur\u00e9e de lecture estim\u00e9e\" \/>\n\t<meta name=\"twitter:data1\" content=\"1 minute\" \/>\n<script type=\"application\/ld+json\" class=\"yoast-schema-graph\">{\"@context\":\"https:\/\/schema.org\",\"@graph\":[{\"@type\":\"WebPage\",\"@id\":\"https:\/\/utek.de\/fr\/references\/clients-et-projets-a-i\/\",\"url\":\"https:\/\/utek.de\/fr\/references\/clients-et-projets-a-i\/\",\"name\":\"UTEK ing\u00e9nieurs pour la construction d'installations et l'ing\u00e9nierie\",\"isPartOf\":{\"@id\":\"https:\/\/utek.de\/fr\/#website\"},\"datePublished\":\"2020-01-20T12:46:27+00:00\",\"dateModified\":\"2025-05-15T15:03:20+00:00\",\"description\":\"Avec UTEK dans l'industrie pharmaceutique et chimique, la raffinerie, la planification et la construction d'installations.\",\"breadcrumb\":{\"@id\":\"https:\/\/utek.de\/fr\/references\/clients-et-projets-a-i\/#breadcrumb\"},\"inLanguage\":\"fr-FR\",\"potentialAction\":[{\"@type\":\"ReadAction\",\"target\":[\"https:\/\/utek.de\/fr\/references\/clients-et-projets-a-i\/\"]}]},{\"@type\":\"BreadcrumbList\",\"@id\":\"https:\/\/utek.de\/fr\/references\/clients-et-projets-a-i\/#breadcrumb\",\"itemListElement\":[{\"@type\":\"ListItem\",\"position\":1,\"name\":\"Startseite\",\"item\":\"https:\/\/utek.de\/fr\/\"},{\"@type\":\"ListItem\",\"position\":2,\"name\":\"R\u00e9f\u00e9rences\",\"item\":\"https:\/\/utek.de\/fr\/references\/\"},{\"@type\":\"ListItem\",\"position\":3,\"name\":\"Clients et projets, A-I\"}]},{\"@type\":\"WebSite\",\"@id\":\"https:\/\/utek.de\/fr\/#website\",\"url\":\"https:\/\/utek.de\/fr\/\",\"name\":\"utek\",\"description\":\"\",\"potentialAction\":[{\"@type\":\"SearchAction\",\"target\":{\"@type\":\"EntryPoint\",\"urlTemplate\":\"https:\/\/utek.de\/fr\/?s={search_term_string}\"},\"query-input\":{\"@type\":\"PropertyValueSpecification\",\"valueRequired\":true,\"valueName\":\"search_term_string\"}}],\"inLanguage\":\"fr-FR\"}]}<\/script>\n<!-- \/ Yoast SEO plugin. -->","yoast_head_json":{"title":"UTEK ing\u00e9nieurs pour la construction d'installations et l'ing\u00e9nierie","description":"Avec UTEK dans l'industrie pharmaceutique et chimique, la raffinerie, la planification et la construction d'installations.","robots":{"index":"index","follow":"follow","max-snippet":"max-snippet:-1","max-image-preview":"max-image-preview:large","max-video-preview":"max-video-preview:-1"},"canonical":"https:\/\/utek.de\/fr\/references\/clients-et-projets-a-i\/","og_locale":"fr_FR","og_type":"article","og_title":"UTEK ing\u00e9nieurs pour la construction d'installations et l'ing\u00e9nierie","og_description":"Avec UTEK dans l'industrie pharmaceutique et chimique, la raffinerie, la planification et la construction d'installations.","og_url":"https:\/\/utek.de\/fr\/references\/clients-et-projets-a-i\/","og_site_name":"utek","article_modified_time":"2025-05-15T15:03:20+00:00","twitter_card":"summary_large_image","twitter_misc":{"Dur\u00e9e de lecture estim\u00e9e":"1 minute"},"schema":{"@context":"https:\/\/schema.org","@graph":[{"@type":"WebPage","@id":"https:\/\/utek.de\/fr\/references\/clients-et-projets-a-i\/","url":"https:\/\/utek.de\/fr\/references\/clients-et-projets-a-i\/","name":"UTEK ing\u00e9nieurs pour la construction d'installations et l'ing\u00e9nierie","isPartOf":{"@id":"https:\/\/utek.de\/fr\/#website"},"datePublished":"2020-01-20T12:46:27+00:00","dateModified":"2025-05-15T15:03:20+00:00","description":"Avec UTEK dans l'industrie pharmaceutique et chimique, la raffinerie, la planification et la construction d'installations.","breadcrumb":{"@id":"https:\/\/utek.de\/fr\/references\/clients-et-projets-a-i\/#breadcrumb"},"inLanguage":"fr-FR","potentialAction":[{"@type":"ReadAction","target":["https:\/\/utek.de\/fr\/references\/clients-et-projets-a-i\/"]}]},{"@type":"BreadcrumbList","@id":"https:\/\/utek.de\/fr\/references\/clients-et-projets-a-i\/#breadcrumb","itemListElement":[{"@type":"ListItem","position":1,"name":"Startseite","item":"https:\/\/utek.de\/fr\/"},{"@type":"ListItem","position":2,"name":"R\u00e9f\u00e9rences","item":"https:\/\/utek.de\/fr\/references\/"},{"@type":"ListItem","position":3,"name":"Clients et projets, A-I"}]},{"@type":"WebSite","@id":"https:\/\/utek.de\/fr\/#website","url":"https:\/\/utek.de\/fr\/","name":"utek","description":"","potentialAction":[{"@type":"SearchAction","target":{"@type":"EntryPoint","urlTemplate":"https:\/\/utek.de\/fr\/?s={search_term_string}"},"query-input":{"@type":"PropertyValueSpecification","valueRequired":true,"valueName":"search_term_string"}}],"inLanguage":"fr-FR"}]}},"_links":{"self":[{"href":"https:\/\/utek.de\/fr\/wp-json\/wp\/v2\/pages\/4286","targetHints":{"allow":["GET"]}}],"collection":[{"href":"https:\/\/utek.de\/fr\/wp-json\/wp\/v2\/pages"}],"about":[{"href":"https:\/\/utek.de\/fr\/wp-json\/wp\/v2\/types\/page"}],"author":[{"embeddable":true,"href":"https:\/\/utek.de\/fr\/wp-json\/wp\/v2\/users\/1"}],"replies":[{"embeddable":true,"href":"https:\/\/utek.de\/fr\/wp-json\/wp\/v2\/comments?post=4286"}],"version-history":[{"count":4,"href":"https:\/\/utek.de\/fr\/wp-json\/wp\/v2\/pages\/4286\/revisions"}],"predecessor-version":[{"id":7727,"href":"https:\/\/utek.de\/fr\/wp-json\/wp\/v2\/pages\/4286\/revisions\/7727"}],"up":[{"embeddable":true,"href":"https:\/\/utek.de\/fr\/wp-json\/wp\/v2\/pages\/4285"}],"wp:attachment":[{"href":"https:\/\/utek.de\/fr\/wp-json\/wp\/v2\/media?parent=4286"}],"curies":[{"name":"wp","href":"https:\/\/api.w.org\/{rel}","templated":true}]}}