{"id":4285,"date":"2020-01-20T13:25:27","date_gmt":"2020-01-20T12:25:27","guid":{"rendered":"https:\/\/utek.de\/referenzen\/"},"modified":"2023-10-12T12:16:16","modified_gmt":"2023-10-12T10:16:16","slug":"references","status":"publish","type":"page","link":"https:\/\/utek.de\/fr\/references\/","title":{"rendered":"R\u00e9f\u00e9rences"},"content":{"rendered":"<h1>Un partenariat \u00e9quitable<\/h1>\n<h2>Une collaboration de confiance avec des clients nationaux et internationaux<\/h2>\n<p>Le bureau d&rsquo;ing\u00e9nieurs UTEK se d\u00e9veloppe continuellement, car la qualit\u00e9 et la fiabilit\u00e9 cr\u00e9ent la confiance et la fid\u00e9lit\u00e9.<\/p>\n<p>Au d\u00e9but, nous \u00e9tions trois ing\u00e9nieurs. Aujourd&rsquo;hui, pr\u00e8s de trois d\u00e9cennies et de nombreux projets passionnants plus tard, nous sommes l&#8217;employeur d&rsquo;une grande \u00e9quipe motiv\u00e9e et exp\u00e9riment\u00e9e de plus de 50 ing\u00e9nieurs. Nous devons la possibilit\u00e9 de cette \u00e9volution positive \u00e0 nos clients de l&rsquo;industrie chimique et pharmaceutique ainsi que de la construction d&rsquo;installations. Nombre de nos clients nous sont fid\u00e8les depuis une dizaine d&rsquo;ann\u00e9es, voire plus, et confirment ainsi la qualit\u00e9 de notre collaboration productive.<\/p>\n<p>C&rsquo;est avec plaisir que nous vous pr\u00e9sentons sur ces pages nos clients (de A \u00e0 Z) et nos r\u00e9f\u00e9rences.<\/p>\n ","protected":false},"excerpt":{"rendered":"<p>Un partenariat \u00e9quitable Une collaboration de confiance avec des clients nationaux et internationaux Le bureau d&rsquo;ing\u00e9nieurs UTEK se d\u00e9veloppe continuellement, car la qualit\u00e9 et la fiabilit\u00e9 cr\u00e9ent la confiance et la fid\u00e9lit\u00e9. Au d\u00e9but, nous \u00e9tions trois ing\u00e9nieurs. Aujourd&rsquo;hui, pr\u00e8s de trois d\u00e9cennies et de nombreux projets passionnants plus tard, nous sommes l&#8217;employeur d&rsquo;une grande [&hellip;]<\/p>\n","protected":false},"author":1,"featured_media":0,"parent":0,"menu_order":16,"comment_status":"closed","ping_status":"closed","template":"","meta":{"_acf_changed":false,"footnotes":""},"class_list":["post-4285","page","type-page","status-publish","hentry"],"acf":[],"yoast_head":"<!-- This site is optimized with the Yoast SEO plugin v27.1.1 - https:\/\/yoast.com\/product\/yoast-seo-wordpress\/ -->\n<title>R\u00e9f\u00e9rences UTEK \u2013 Un partenariat \u00e9quitable international<\/title>\n<meta name=\"description\" content=\"R\u00e9f\u00e9rences UTEK. Des clients satisfaits depuis 1994 - dans l&#039;industrie pharmaceutique et chimique et encore\" \/>\n<meta name=\"robots\" content=\"index, follow, max-snippet:-1, max-image-preview:large, max-video-preview:-1\" \/>\n<link rel=\"canonical\" href=\"https:\/\/utek.de\/fr\/references\/\" \/>\n<meta property=\"og:locale\" content=\"fr_FR\" \/>\n<meta property=\"og:type\" content=\"article\" \/>\n<meta property=\"og:title\" content=\"R\u00e9f\u00e9rences UTEK \u2013 Un partenariat \u00e9quitable international\" \/>\n<meta property=\"og:description\" content=\"R\u00e9f\u00e9rences UTEK. Des clients satisfaits depuis 1994 - dans l&#039;industrie pharmaceutique et chimique et encore\" \/>\n<meta property=\"og:url\" content=\"https:\/\/utek.de\/fr\/references\/\" \/>\n<meta property=\"og:site_name\" content=\"utek\" \/>\n<meta property=\"article:modified_time\" content=\"2023-10-12T10:16:16+00:00\" \/>\n<meta name=\"twitter:card\" content=\"summary_large_image\" \/>\n<meta name=\"twitter:label1\" content=\"Dur\u00e9e de lecture estim\u00e9e\" \/>\n\t<meta name=\"twitter:data1\" content=\"1 minute\" \/>\n<script type=\"application\/ld+json\" class=\"yoast-schema-graph\">{\"@context\":\"https:\/\/schema.org\",\"@graph\":[{\"@type\":\"WebPage\",\"@id\":\"https:\/\/utek.de\/fr\/references\/\",\"url\":\"https:\/\/utek.de\/fr\/references\/\",\"name\":\"R\u00e9f\u00e9rences UTEK \u2013 Un partenariat \u00e9quitable international\",\"isPartOf\":{\"@id\":\"https:\/\/utek.de\/fr\/#website\"},\"datePublished\":\"2020-01-20T12:25:27+00:00\",\"dateModified\":\"2023-10-12T10:16:16+00:00\",\"description\":\"R\u00e9f\u00e9rences UTEK. Des clients satisfaits depuis 1994 - dans l'industrie pharmaceutique et chimique et encore\",\"breadcrumb\":{\"@id\":\"https:\/\/utek.de\/fr\/references\/#breadcrumb\"},\"inLanguage\":\"fr-FR\",\"potentialAction\":[{\"@type\":\"ReadAction\",\"target\":[\"https:\/\/utek.de\/fr\/references\/\"]}]},{\"@type\":\"BreadcrumbList\",\"@id\":\"https:\/\/utek.de\/fr\/references\/#breadcrumb\",\"itemListElement\":[{\"@type\":\"ListItem\",\"position\":1,\"name\":\"Startseite\",\"item\":\"https:\/\/utek.de\/fr\/\"},{\"@type\":\"ListItem\",\"position\":2,\"name\":\"R\u00e9f\u00e9rences\"}]},{\"@type\":\"WebSite\",\"@id\":\"https:\/\/utek.de\/fr\/#website\",\"url\":\"https:\/\/utek.de\/fr\/\",\"name\":\"utek\",\"description\":\"\",\"potentialAction\":[{\"@type\":\"SearchAction\",\"target\":{\"@type\":\"EntryPoint\",\"urlTemplate\":\"https:\/\/utek.de\/fr\/?s={search_term_string}\"},\"query-input\":{\"@type\":\"PropertyValueSpecification\",\"valueRequired\":true,\"valueName\":\"search_term_string\"}}],\"inLanguage\":\"fr-FR\"}]}<\/script>\n<!-- \/ Yoast SEO plugin. -->","yoast_head_json":{"title":"R\u00e9f\u00e9rences UTEK \u2013 Un partenariat \u00e9quitable international","description":"R\u00e9f\u00e9rences UTEK. Des clients satisfaits depuis 1994 - dans l'industrie pharmaceutique et chimique et encore","robots":{"index":"index","follow":"follow","max-snippet":"max-snippet:-1","max-image-preview":"max-image-preview:large","max-video-preview":"max-video-preview:-1"},"canonical":"https:\/\/utek.de\/fr\/references\/","og_locale":"fr_FR","og_type":"article","og_title":"R\u00e9f\u00e9rences UTEK \u2013 Un partenariat \u00e9quitable international","og_description":"R\u00e9f\u00e9rences UTEK. Des clients satisfaits depuis 1994 - dans l'industrie pharmaceutique et chimique et encore","og_url":"https:\/\/utek.de\/fr\/references\/","og_site_name":"utek","article_modified_time":"2023-10-12T10:16:16+00:00","twitter_card":"summary_large_image","twitter_misc":{"Dur\u00e9e de lecture estim\u00e9e":"1 minute"},"schema":{"@context":"https:\/\/schema.org","@graph":[{"@type":"WebPage","@id":"https:\/\/utek.de\/fr\/references\/","url":"https:\/\/utek.de\/fr\/references\/","name":"R\u00e9f\u00e9rences UTEK \u2013 Un partenariat \u00e9quitable international","isPartOf":{"@id":"https:\/\/utek.de\/fr\/#website"},"datePublished":"2020-01-20T12:25:27+00:00","dateModified":"2023-10-12T10:16:16+00:00","description":"R\u00e9f\u00e9rences UTEK. Des clients satisfaits depuis 1994 - dans l'industrie pharmaceutique et chimique et encore","breadcrumb":{"@id":"https:\/\/utek.de\/fr\/references\/#breadcrumb"},"inLanguage":"fr-FR","potentialAction":[{"@type":"ReadAction","target":["https:\/\/utek.de\/fr\/references\/"]}]},{"@type":"BreadcrumbList","@id":"https:\/\/utek.de\/fr\/references\/#breadcrumb","itemListElement":[{"@type":"ListItem","position":1,"name":"Startseite","item":"https:\/\/utek.de\/fr\/"},{"@type":"ListItem","position":2,"name":"R\u00e9f\u00e9rences"}]},{"@type":"WebSite","@id":"https:\/\/utek.de\/fr\/#website","url":"https:\/\/utek.de\/fr\/","name":"utek","description":"","potentialAction":[{"@type":"SearchAction","target":{"@type":"EntryPoint","urlTemplate":"https:\/\/utek.de\/fr\/?s={search_term_string}"},"query-input":{"@type":"PropertyValueSpecification","valueRequired":true,"valueName":"search_term_string"}}],"inLanguage":"fr-FR"}]}},"_links":{"self":[{"href":"https:\/\/utek.de\/fr\/wp-json\/wp\/v2\/pages\/4285","targetHints":{"allow":["GET"]}}],"collection":[{"href":"https:\/\/utek.de\/fr\/wp-json\/wp\/v2\/pages"}],"about":[{"href":"https:\/\/utek.de\/fr\/wp-json\/wp\/v2\/types\/page"}],"author":[{"embeddable":true,"href":"https:\/\/utek.de\/fr\/wp-json\/wp\/v2\/users\/1"}],"replies":[{"embeddable":true,"href":"https:\/\/utek.de\/fr\/wp-json\/wp\/v2\/comments?post=4285"}],"version-history":[{"count":2,"href":"https:\/\/utek.de\/fr\/wp-json\/wp\/v2\/pages\/4285\/revisions"}],"predecessor-version":[{"id":4289,"href":"https:\/\/utek.de\/fr\/wp-json\/wp\/v2\/pages\/4285\/revisions\/4289"}],"wp:attachment":[{"href":"https:\/\/utek.de\/fr\/wp-json\/wp\/v2\/media?parent=4285"}],"curies":[{"name":"wp","href":"https:\/\/api.w.org\/{rel}","templated":true}]}}