{"id":4281,"date":"2020-01-20T14:00:42","date_gmt":"2020-01-20T13:00:42","guid":{"rendered":"https:\/\/utek.de\/entreprise\/arbeitsweise\/"},"modified":"2023-10-12T12:10:58","modified_gmt":"2023-10-12T10:10:58","slug":"mode-de-travail","status":"publish","type":"page","link":"https:\/\/utek.de\/fr\/entreprise\/mode-de-travail\/","title":{"rendered":"Mode de travail"},"content":{"rendered":"<h1>Au c\u0153ur de l&rsquo;action: La m\u00e9thode de travail UTEK<\/h1>\n<h2>Dans un \u00e9change constructif avec le client, les prestataires de services d&rsquo;ing\u00e9nierie:internes au projet.<\/h2>\n<p><strong>UTEK travaille en fonction des clients et des solutions.<\/strong><\/p>\n<p>Saisir la t\u00e2che dans son int\u00e9gralit\u00e9 pour la r\u00e9soudre ensuite de mani\u00e8re efficace et dans le respect des d\u00e9lais : Le bureau d&rsquo;ing\u00e9nieurs UTEK planifie et optimise exactement l\u00e0 o\u00f9 nos clients \u00ab\u00a0ont besoin d&rsquo;aide\u00a0\u00bb. Les exigences de nos clients sont syst\u00e9matiquement mises en \u0153uvre. Nous respectons toujours les d\u00e9lais et les accords. Cela vaut aussi bien pour les solutions syst\u00e9matiques que pour les solutions \u00e0 court terme. L&rsquo;objectif est toujours une collaboration \u00e0 long terme. Chaque client doit nous recommander avec plaisir et conviction.<\/p>\n<p><strong>UTEK propose des ing\u00e9nieurs exp\u00e9riment\u00e9s et sp\u00e9cialis\u00e9s comme interlocuteurs.<\/strong><\/p>\n<p>Tous les collaborateurs d&rsquo;UTEK vous soutiennent avec comp\u00e9tence. Des interlocuteurs de haut niveau sont une \u00e9vidence pour nous. Nos ing\u00e9nieurs disposent d&rsquo;une formation compl\u00e8te et d&rsquo;une exp\u00e9rience de projet sur diff\u00e9rents sites. Tous les collaborateurs apprennent chaque jour : En tant que prestataire de services d&rsquo;ing\u00e9nierie, nous nous engageons \u00e0 un \u00e9change intensif avec le client, au sein de l&rsquo;\u00e9quipe et entre les \u00e9quipes, ainsi qu&rsquo;\u00e0 des mesures de formation continue r\u00e9guli\u00e8res.<\/p>\n<p><strong>Ing\u00e9nieurs UTEK &#8211; directement chez vous.<\/strong><\/p>\n<p>Nous travaillons sur place, chez notre client, en \u00e9troite collaboration avec les collaborateurs\/trices responsables. Gr\u00e2ce \u00e0 un \u00e9change direct et personnel, nous trouvons les solutions d&rsquo;ing\u00e9nierie convaincantes et s\u00fbres qui fonctionnent le mieux dans la pratique quotidienne.<\/p>\n<p><strong>UTEK se charge des t\u00e2ches de coordination.<\/strong><\/p>\n<p>Dans le cadre des projets trait\u00e9s, nous coordonnons les travaux avec les services sp\u00e9cialis\u00e9s et les entreprises ext\u00e9rieures impliqu\u00e9s. Les ing\u00e9nieurs UTEK sont \u00e0 l&rsquo;\u00e9coute et s&rsquo;organisent de mani\u00e8re respectueuse, constructive et motivante.<\/p>\n<p><strong>UTEK demande des informations \u00e0 ses clients.<\/strong><\/p>\n<p>Nous demandons les informations n\u00e9cessaires aux services sp\u00e9cialis\u00e9s responsables. Nous pouvons ainsi respecter exactement les accords et les d\u00e9lais convenus pour vous. Le bureau d&rsquo;\u00e9tudes UTEK salue la participation de nos clients \u00e0 la recherche de solutions. Nous acceptons la discussion et la v\u00e9rification des r\u00e9sultats de travail.<\/p>\n<p><strong>UTEK respecte les r\u00e8gles de protection de l&rsquo;environnement et de s\u00e9curit\u00e9.<\/strong><\/p>\n<p>Avec le bureau d&rsquo;\u00e9tudes UTEK, la s\u00e9curit\u00e9 des personnes, des installations, des processus et de l&rsquo;environnement est toujours au centre des pr\u00e9occupations. Le respect de toutes les normes de s\u00e9curit\u00e9 et de protection de l&rsquo;environnement de nos clients et des l\u00e9gislateurs est la condition de base de notre action.<\/p>\n ","protected":false},"excerpt":{"rendered":"<p>Au c\u0153ur de l&rsquo;action: La m\u00e9thode de travail UTEK Dans un \u00e9change constructif avec le client, les prestataires de services d&rsquo;ing\u00e9nierie:internes au projet. UTEK travaille en fonction des clients et des solutions. Saisir la t\u00e2che dans son int\u00e9gralit\u00e9 pour la r\u00e9soudre ensuite de mani\u00e8re efficace et dans le respect des d\u00e9lais : Le bureau d&rsquo;ing\u00e9nieurs [&hellip;]<\/p>\n","protected":false},"author":1,"featured_media":0,"parent":4278,"menu_order":3,"comment_status":"closed","ping_status":"closed","template":"","meta":{"_acf_changed":false,"footnotes":""},"class_list":["post-4281","page","type-page","status-publish","hentry"],"acf":[],"yoast_head":"<!-- This site is optimized with the Yoast SEO plugin v27.1.1 - https:\/\/yoast.com\/product\/yoast-seo-wordpress\/ -->\n<title>Nous sommes des prestataires de services d&#039;ing\u00e9nierie.<\/title>\n<meta name=\"description\" content=\"Prestataire de services d&#039;ing\u00e9nierie UTEK Prozessautomation. Nous trouvons pour vous les solutions s\u00fbres.\" \/>\n<meta name=\"robots\" content=\"index, follow, max-snippet:-1, max-image-preview:large, max-video-preview:-1\" \/>\n<link rel=\"canonical\" href=\"https:\/\/utek.de\/fr\/entreprise\/mode-de-travail\/\" \/>\n<meta property=\"og:locale\" content=\"fr_FR\" \/>\n<meta property=\"og:type\" content=\"article\" \/>\n<meta property=\"og:title\" content=\"Nous sommes des prestataires de services d&#039;ing\u00e9nierie.\" \/>\n<meta property=\"og:description\" content=\"Prestataire de services d&#039;ing\u00e9nierie UTEK Prozessautomation. Nous trouvons pour vous les solutions s\u00fbres.\" \/>\n<meta property=\"og:url\" content=\"https:\/\/utek.de\/fr\/entreprise\/mode-de-travail\/\" \/>\n<meta property=\"og:site_name\" content=\"utek\" \/>\n<meta property=\"article:modified_time\" content=\"2023-10-12T10:10:58+00:00\" \/>\n<meta name=\"twitter:card\" content=\"summary_large_image\" \/>\n<meta name=\"twitter:label1\" content=\"Dur\u00e9e de lecture estim\u00e9e\" \/>\n\t<meta name=\"twitter:data1\" content=\"3 minutes\" \/>\n<script type=\"application\/ld+json\" class=\"yoast-schema-graph\">{\"@context\":\"https:\/\/schema.org\",\"@graph\":[{\"@type\":\"WebPage\",\"@id\":\"https:\/\/utek.de\/fr\/entreprise\/mode-de-travail\/\",\"url\":\"https:\/\/utek.de\/fr\/entreprise\/mode-de-travail\/\",\"name\":\"Nous sommes des prestataires de services d'ing\u00e9nierie.\",\"isPartOf\":{\"@id\":\"https:\/\/utek.de\/fr\/#website\"},\"datePublished\":\"2020-01-20T13:00:42+00:00\",\"dateModified\":\"2023-10-12T10:10:58+00:00\",\"description\":\"Prestataire de services d'ing\u00e9nierie UTEK Prozessautomation. Nous trouvons pour vous les solutions s\u00fbres.\",\"breadcrumb\":{\"@id\":\"https:\/\/utek.de\/fr\/entreprise\/mode-de-travail\/#breadcrumb\"},\"inLanguage\":\"fr-FR\",\"potentialAction\":[{\"@type\":\"ReadAction\",\"target\":[\"https:\/\/utek.de\/fr\/entreprise\/mode-de-travail\/\"]}]},{\"@type\":\"BreadcrumbList\",\"@id\":\"https:\/\/utek.de\/fr\/entreprise\/mode-de-travail\/#breadcrumb\",\"itemListElement\":[{\"@type\":\"ListItem\",\"position\":1,\"name\":\"Startseite\",\"item\":\"https:\/\/utek.de\/fr\/\"},{\"@type\":\"ListItem\",\"position\":2,\"name\":\"Entreprise\",\"item\":\"https:\/\/utek.de\/fr\/entreprise\/\"},{\"@type\":\"ListItem\",\"position\":3,\"name\":\"Mode de travail\"}]},{\"@type\":\"WebSite\",\"@id\":\"https:\/\/utek.de\/fr\/#website\",\"url\":\"https:\/\/utek.de\/fr\/\",\"name\":\"utek\",\"description\":\"\",\"potentialAction\":[{\"@type\":\"SearchAction\",\"target\":{\"@type\":\"EntryPoint\",\"urlTemplate\":\"https:\/\/utek.de\/fr\/?s={search_term_string}\"},\"query-input\":{\"@type\":\"PropertyValueSpecification\",\"valueRequired\":true,\"valueName\":\"search_term_string\"}}],\"inLanguage\":\"fr-FR\"}]}<\/script>\n<!-- \/ Yoast SEO plugin. -->","yoast_head_json":{"title":"Nous sommes des prestataires de services d'ing\u00e9nierie.","description":"Prestataire de services d'ing\u00e9nierie UTEK Prozessautomation. Nous trouvons pour vous les solutions s\u00fbres.","robots":{"index":"index","follow":"follow","max-snippet":"max-snippet:-1","max-image-preview":"max-image-preview:large","max-video-preview":"max-video-preview:-1"},"canonical":"https:\/\/utek.de\/fr\/entreprise\/mode-de-travail\/","og_locale":"fr_FR","og_type":"article","og_title":"Nous sommes des prestataires de services d'ing\u00e9nierie.","og_description":"Prestataire de services d'ing\u00e9nierie UTEK Prozessautomation. Nous trouvons pour vous les solutions s\u00fbres.","og_url":"https:\/\/utek.de\/fr\/entreprise\/mode-de-travail\/","og_site_name":"utek","article_modified_time":"2023-10-12T10:10:58+00:00","twitter_card":"summary_large_image","twitter_misc":{"Dur\u00e9e de lecture estim\u00e9e":"3 minutes"},"schema":{"@context":"https:\/\/schema.org","@graph":[{"@type":"WebPage","@id":"https:\/\/utek.de\/fr\/entreprise\/mode-de-travail\/","url":"https:\/\/utek.de\/fr\/entreprise\/mode-de-travail\/","name":"Nous sommes des prestataires de services d'ing\u00e9nierie.","isPartOf":{"@id":"https:\/\/utek.de\/fr\/#website"},"datePublished":"2020-01-20T13:00:42+00:00","dateModified":"2023-10-12T10:10:58+00:00","description":"Prestataire de services d'ing\u00e9nierie UTEK Prozessautomation. Nous trouvons pour vous les solutions s\u00fbres.","breadcrumb":{"@id":"https:\/\/utek.de\/fr\/entreprise\/mode-de-travail\/#breadcrumb"},"inLanguage":"fr-FR","potentialAction":[{"@type":"ReadAction","target":["https:\/\/utek.de\/fr\/entreprise\/mode-de-travail\/"]}]},{"@type":"BreadcrumbList","@id":"https:\/\/utek.de\/fr\/entreprise\/mode-de-travail\/#breadcrumb","itemListElement":[{"@type":"ListItem","position":1,"name":"Startseite","item":"https:\/\/utek.de\/fr\/"},{"@type":"ListItem","position":2,"name":"Entreprise","item":"https:\/\/utek.de\/fr\/entreprise\/"},{"@type":"ListItem","position":3,"name":"Mode de travail"}]},{"@type":"WebSite","@id":"https:\/\/utek.de\/fr\/#website","url":"https:\/\/utek.de\/fr\/","name":"utek","description":"","potentialAction":[{"@type":"SearchAction","target":{"@type":"EntryPoint","urlTemplate":"https:\/\/utek.de\/fr\/?s={search_term_string}"},"query-input":{"@type":"PropertyValueSpecification","valueRequired":true,"valueName":"search_term_string"}}],"inLanguage":"fr-FR"}]}},"_links":{"self":[{"href":"https:\/\/utek.de\/fr\/wp-json\/wp\/v2\/pages\/4281","targetHints":{"allow":["GET"]}}],"collection":[{"href":"https:\/\/utek.de\/fr\/wp-json\/wp\/v2\/pages"}],"about":[{"href":"https:\/\/utek.de\/fr\/wp-json\/wp\/v2\/types\/page"}],"author":[{"embeddable":true,"href":"https:\/\/utek.de\/fr\/wp-json\/wp\/v2\/users\/1"}],"replies":[{"embeddable":true,"href":"https:\/\/utek.de\/fr\/wp-json\/wp\/v2\/comments?post=4281"}],"version-history":[{"count":2,"href":"https:\/\/utek.de\/fr\/wp-json\/wp\/v2\/pages\/4281\/revisions"}],"predecessor-version":[{"id":4283,"href":"https:\/\/utek.de\/fr\/wp-json\/wp\/v2\/pages\/4281\/revisions\/4283"}],"up":[{"embeddable":true,"href":"https:\/\/utek.de\/fr\/wp-json\/wp\/v2\/pages\/4278"}],"wp:attachment":[{"href":"https:\/\/utek.de\/fr\/wp-json\/wp\/v2\/media?parent=4281"}],"curies":[{"name":"wp","href":"https:\/\/api.w.org\/{rel}","templated":true}]}}