{"id":4278,"date":"2020-01-20T13:59:43","date_gmt":"2020-01-20T12:59:43","guid":{"rendered":"https:\/\/utek.de\/firma\/"},"modified":"2023-10-12T12:04:36","modified_gmt":"2023-10-12T10:04:36","slug":"entreprise","status":"publish","type":"page","link":"https:\/\/utek.de\/fr\/entreprise\/","title":{"rendered":"Entreprise"},"content":{"rendered":"<h1>UTEK &#8211; Services d&rsquo;ing\u00e9nierie depuis 1994<\/h1>\n<h2>Partenaire de solutions pour les entreprises de la chimie, de la pharmacie et de la construction d&rsquo;installations.<\/h2>\n<p>En tant qu&rsquo;experts en proc\u00e9dures d&rsquo;autorisation des installations, en validation de la s\u00e9curit\u00e9 des installations (concepts de protection contre les explosions, mesures de protection) et en planification de la maintenance des installations, nous travaillons pour de grandes marques, pour la plupart issues des secteurs de la chimie, de la pharmacie et de la construction d&rsquo;installations.<\/p>\n<p>Notre entreprise UTEK se caract\u00e9rise par son expertise, une m\u00e9thode de travail structur\u00e9e, orient\u00e9e vers les besoins et les clients, mais aussi par une pens\u00e9e innovante. Dans la mesure du possible, nos ing\u00e9nieurs mettent en \u0153uvre les exigences des clients dans les d\u00e9lais et de mani\u00e8re syst\u00e9matique. Nos collaborateurs r\u00e9agissent avec flexibilit\u00e9 aux changements d&rsquo;exigences. Les informations pertinentes sont activement demand\u00e9es par les clients afin d&rsquo;acc\u00e9l\u00e9rer l&rsquo;avancement du projet.<\/p>\n<p>Gr\u00e2ce \u00e0 notre conception du service clairement d\u00e9finie et mise en \u0153uvre, nos clients collaborent avec nous \u00e0 long terme et nous recommandent souvent. UTEK est votre premi\u00e8re adresse pour des prestations d&rsquo;ing\u00e9nierie convaincantes en mati\u00e8re de planification, d&rsquo;automatisation des processus, d&rsquo;autorisations, de s\u00e9curit\u00e9 des installations, de qualification et de planification de la maintenance.<\/p>\n<h3>Nous sommes synonymes de clart\u00e9 et de fiabilit\u00e9.<\/h3>\n<p><strong>UTEK vous propose des interlocuteurs comp\u00e9tents.<\/strong><\/p>\n<p>Nos collaborateurs sont toujours des interlocuteurs comp\u00e9tents pour vous. En effet, les ing\u00e9nieurs UTEK disposent d&rsquo;une formation et d&rsquo;une formation continue compl\u00e8tes et, pour la plupart, d&rsquo;une exp\u00e9rience de projet sur diff\u00e9rents sites. C&rsquo;est pourquoi ils travaillent de mani\u00e8re particuli\u00e8rement structur\u00e9e et orient\u00e9e vers les r\u00e9sultats.<\/p>\n<p><strong>UTEK est tr\u00e8s proche.\u2028<\/strong><\/p>\n<p>Nous travaillons la plupart du temps sur place &#8211; sur le site du client &#8211; en \u00e9troite collaboration avec les collaborateurs responsables de nos clients. Nous apprenons ainsi \u00e0 conna\u00eetre toutes les sp\u00e9cificit\u00e9s. Cela conduit \u00e0 une bonne collaboration et permet d&rsquo;\u00e9viter des malentendus critiques et co\u00fbteux.<\/p>\n<p><strong>UTEK assume des t\u00e2ches de coordination.\u2028<\/strong><\/p>\n<p>Nous assistons nos clients et, s&rsquo;ils le souhaitent, nous coordonnons les travaux avec les services sp\u00e9cialis\u00e9s et les entreprises externes impliqu\u00e9s dans les projets trait\u00e9s. Nous voulons en effet compl\u00e9ter la profondeur des connaissances de nos clients par notre exp\u00e9rience, mais aussi contribuer \u00e0 les soulager des activit\u00e9s organisationnelles qui prennent du temps.<\/p>\n<p><strong>UTEK travaille de mani\u00e8re proactive et demande des informations \u00e0 ses clients de mani\u00e8re cibl\u00e9e.\u2028<\/strong><\/p>\n<p>Afin d&rsquo;\u00e9viter les retards de travail et de pouvoir utiliser efficacement les ressources et les comp\u00e9tences, nous r\u00e9fl\u00e9chissons avec et en amont. Nous demandons toujours \u00e0 temps toutes les informations n\u00e9cessaires \u00e0 l&rsquo;obtention de r\u00e9sultats de travail aux d\u00e9partements sp\u00e9cialis\u00e9s responsables.<\/p>\n<p><strong>UTEK effectue soigneusement des revues de projet.\u2028<\/strong><\/p>\n<p>Nous nous soumettons \u00e0 la discussion et \u00e0 l&rsquo;examen des r\u00e9sultats du travail. Nous profitons de l&rsquo;examen d&rsquo;un projet termin\u00e9 avec nos clients pour nous pencher sur les aspects positifs ainsi que sur les aspects \u00e0 optimiser du projet.<\/p>\n<p><strong>UTEK respecte la l\u00e9gislation en mati\u00e8re d&rsquo;environnement et de s\u00e9curit\u00e9.\u2028<\/strong><\/p>\n<p>Il va de soi que nous respectons scrupuleusement les normes de protection de l&rsquo;environnement et de s\u00e9curit\u00e9 de nos clients. Car, tout comme nos clients, nous nous consid\u00e9rons comme responsables de la nature et du bien commun. R\u00e9duire autant que possible l&rsquo;impact environnemental des processus de production est pour nous une pr\u00e9occupation majeure.<\/p>\n<p>Vous \u00eates curieux de conna\u00eetre UTEK ? Nous le sommes aussi pour vous et <strong>nous nous r\u00e9jouissons de votre prise de contact!<\/strong><\/p>\n ","protected":false},"excerpt":{"rendered":"<p>UTEK &#8211; Services d&rsquo;ing\u00e9nierie depuis 1994 Partenaire de solutions pour les entreprises de la chimie, de la pharmacie et de la construction d&rsquo;installations. En tant qu&rsquo;experts en proc\u00e9dures d&rsquo;autorisation des installations, en validation de la s\u00e9curit\u00e9 des installations (concepts de protection contre les explosions, mesures de protection) et en planification de la maintenance des installations, [&hellip;]<\/p>\n","protected":false},"author":1,"featured_media":3919,"parent":0,"menu_order":2,"comment_status":"closed","ping_status":"closed","template":"","meta":{"_acf_changed":false,"footnotes":""},"class_list":["post-4278","page","type-page","status-publish","has-post-thumbnail","hentry"],"acf":[],"yoast_head":"<!-- This site is optimized with the Yoast SEO plugin v27.1.1 - https:\/\/yoast.com\/product\/yoast-seo-wordpress\/ -->\n<title>Validation de la s\u00e9curit\u00e9 des installations avec UTEK ing\u00e9nieurs<\/title>\n<meta name=\"description\" content=\"En tant qu&#039;experts des proc\u00e9dures d&#039;autorisation des installations et encore nous travaillons pour de grandes entreprises.\" \/>\n<meta name=\"robots\" content=\"index, follow, max-snippet:-1, max-image-preview:large, max-video-preview:-1\" \/>\n<link rel=\"canonical\" href=\"https:\/\/utek.de\/fr\/entreprise\/\" \/>\n<meta property=\"og:locale\" content=\"fr_FR\" \/>\n<meta property=\"og:type\" content=\"article\" \/>\n<meta property=\"og:title\" content=\"Validation de la s\u00e9curit\u00e9 des installations avec UTEK ing\u00e9nieurs\" \/>\n<meta property=\"og:description\" content=\"En tant qu&#039;experts des proc\u00e9dures d&#039;autorisation des installations et encore nous travaillons pour de grandes entreprises.\" \/>\n<meta property=\"og:url\" content=\"https:\/\/utek.de\/fr\/entreprise\/\" \/>\n<meta property=\"og:site_name\" content=\"utek\" \/>\n<meta property=\"article:modified_time\" content=\"2023-10-12T10:04:36+00:00\" \/>\n<meta property=\"og:image\" content=\"https:\/\/utek.de\/wp-content\/uploads\/2021\/11\/ingenieurbuero-utek-dortmund-anlagenbau-prozessautomation-engineering-anlagensicherheitsvalidierung.jpg\" \/>\n\t<meta property=\"og:image:width\" content=\"2560\" \/>\n\t<meta property=\"og:image:height\" content=\"848\" \/>\n\t<meta property=\"og:image:type\" content=\"image\/jpeg\" \/>\n<meta name=\"twitter:card\" content=\"summary_large_image\" \/>\n<meta name=\"twitter:label1\" content=\"Dur\u00e9e de lecture estim\u00e9e\" \/>\n\t<meta name=\"twitter:data1\" content=\"4 minutes\" \/>\n<script type=\"application\/ld+json\" class=\"yoast-schema-graph\">{\"@context\":\"https:\/\/schema.org\",\"@graph\":[{\"@type\":\"WebPage\",\"@id\":\"https:\/\/utek.de\/fr\/entreprise\/\",\"url\":\"https:\/\/utek.de\/fr\/entreprise\/\",\"name\":\"Validation de la s\u00e9curit\u00e9 des installations avec UTEK ing\u00e9nieurs\",\"isPartOf\":{\"@id\":\"https:\/\/utek.de\/fr\/#website\"},\"primaryImageOfPage\":{\"@id\":\"https:\/\/utek.de\/fr\/entreprise\/#primaryimage\"},\"image\":{\"@id\":\"https:\/\/utek.de\/fr\/entreprise\/#primaryimage\"},\"thumbnailUrl\":\"https:\/\/utek.de\/wp-content\/uploads\/2021\/11\/ingenieurbuero-utek-dortmund-anlagenbau-prozessautomation-engineering-anlagensicherheitsvalidierung.jpg\",\"datePublished\":\"2020-01-20T12:59:43+00:00\",\"dateModified\":\"2023-10-12T10:04:36+00:00\",\"description\":\"En tant qu'experts des proc\u00e9dures d'autorisation des installations et encore nous travaillons pour de grandes entreprises.\",\"breadcrumb\":{\"@id\":\"https:\/\/utek.de\/fr\/entreprise\/#breadcrumb\"},\"inLanguage\":\"fr-FR\",\"potentialAction\":[{\"@type\":\"ReadAction\",\"target\":[\"https:\/\/utek.de\/fr\/entreprise\/\"]}]},{\"@type\":\"ImageObject\",\"inLanguage\":\"fr-FR\",\"@id\":\"https:\/\/utek.de\/fr\/entreprise\/#primaryimage\",\"url\":\"https:\/\/utek.de\/wp-content\/uploads\/2021\/11\/ingenieurbuero-utek-dortmund-anlagenbau-prozessautomation-engineering-anlagensicherheitsvalidierung.jpg\",\"contentUrl\":\"https:\/\/utek.de\/wp-content\/uploads\/2021\/11\/ingenieurbuero-utek-dortmund-anlagenbau-prozessautomation-engineering-anlagensicherheitsvalidierung.jpg\",\"width\":2560,\"height\":848},{\"@type\":\"BreadcrumbList\",\"@id\":\"https:\/\/utek.de\/fr\/entreprise\/#breadcrumb\",\"itemListElement\":[{\"@type\":\"ListItem\",\"position\":1,\"name\":\"Startseite\",\"item\":\"https:\/\/utek.de\/fr\/\"},{\"@type\":\"ListItem\",\"position\":2,\"name\":\"Entreprise\"}]},{\"@type\":\"WebSite\",\"@id\":\"https:\/\/utek.de\/fr\/#website\",\"url\":\"https:\/\/utek.de\/fr\/\",\"name\":\"utek\",\"description\":\"\",\"potentialAction\":[{\"@type\":\"SearchAction\",\"target\":{\"@type\":\"EntryPoint\",\"urlTemplate\":\"https:\/\/utek.de\/fr\/?s={search_term_string}\"},\"query-input\":{\"@type\":\"PropertyValueSpecification\",\"valueRequired\":true,\"valueName\":\"search_term_string\"}}],\"inLanguage\":\"fr-FR\"}]}<\/script>\n<!-- \/ Yoast SEO plugin. -->","yoast_head_json":{"title":"Validation de la s\u00e9curit\u00e9 des installations avec UTEK ing\u00e9nieurs","description":"En tant qu'experts des proc\u00e9dures d'autorisation des installations et encore nous travaillons pour de grandes entreprises.","robots":{"index":"index","follow":"follow","max-snippet":"max-snippet:-1","max-image-preview":"max-image-preview:large","max-video-preview":"max-video-preview:-1"},"canonical":"https:\/\/utek.de\/fr\/entreprise\/","og_locale":"fr_FR","og_type":"article","og_title":"Validation de la s\u00e9curit\u00e9 des installations avec UTEK ing\u00e9nieurs","og_description":"En tant qu'experts des proc\u00e9dures d'autorisation des installations et encore nous travaillons pour de grandes entreprises.","og_url":"https:\/\/utek.de\/fr\/entreprise\/","og_site_name":"utek","article_modified_time":"2023-10-12T10:04:36+00:00","og_image":[{"width":2560,"height":848,"url":"https:\/\/utek.de\/wp-content\/uploads\/2021\/11\/ingenieurbuero-utek-dortmund-anlagenbau-prozessautomation-engineering-anlagensicherheitsvalidierung.jpg","type":"image\/jpeg"}],"twitter_card":"summary_large_image","twitter_misc":{"Dur\u00e9e de lecture estim\u00e9e":"4 minutes"},"schema":{"@context":"https:\/\/schema.org","@graph":[{"@type":"WebPage","@id":"https:\/\/utek.de\/fr\/entreprise\/","url":"https:\/\/utek.de\/fr\/entreprise\/","name":"Validation de la s\u00e9curit\u00e9 des installations avec UTEK ing\u00e9nieurs","isPartOf":{"@id":"https:\/\/utek.de\/fr\/#website"},"primaryImageOfPage":{"@id":"https:\/\/utek.de\/fr\/entreprise\/#primaryimage"},"image":{"@id":"https:\/\/utek.de\/fr\/entreprise\/#primaryimage"},"thumbnailUrl":"https:\/\/utek.de\/wp-content\/uploads\/2021\/11\/ingenieurbuero-utek-dortmund-anlagenbau-prozessautomation-engineering-anlagensicherheitsvalidierung.jpg","datePublished":"2020-01-20T12:59:43+00:00","dateModified":"2023-10-12T10:04:36+00:00","description":"En tant qu'experts des proc\u00e9dures d'autorisation des installations et encore nous travaillons pour de grandes entreprises.","breadcrumb":{"@id":"https:\/\/utek.de\/fr\/entreprise\/#breadcrumb"},"inLanguage":"fr-FR","potentialAction":[{"@type":"ReadAction","target":["https:\/\/utek.de\/fr\/entreprise\/"]}]},{"@type":"ImageObject","inLanguage":"fr-FR","@id":"https:\/\/utek.de\/fr\/entreprise\/#primaryimage","url":"https:\/\/utek.de\/wp-content\/uploads\/2021\/11\/ingenieurbuero-utek-dortmund-anlagenbau-prozessautomation-engineering-anlagensicherheitsvalidierung.jpg","contentUrl":"https:\/\/utek.de\/wp-content\/uploads\/2021\/11\/ingenieurbuero-utek-dortmund-anlagenbau-prozessautomation-engineering-anlagensicherheitsvalidierung.jpg","width":2560,"height":848},{"@type":"BreadcrumbList","@id":"https:\/\/utek.de\/fr\/entreprise\/#breadcrumb","itemListElement":[{"@type":"ListItem","position":1,"name":"Startseite","item":"https:\/\/utek.de\/fr\/"},{"@type":"ListItem","position":2,"name":"Entreprise"}]},{"@type":"WebSite","@id":"https:\/\/utek.de\/fr\/#website","url":"https:\/\/utek.de\/fr\/","name":"utek","description":"","potentialAction":[{"@type":"SearchAction","target":{"@type":"EntryPoint","urlTemplate":"https:\/\/utek.de\/fr\/?s={search_term_string}"},"query-input":{"@type":"PropertyValueSpecification","valueRequired":true,"valueName":"search_term_string"}}],"inLanguage":"fr-FR"}]}},"_links":{"self":[{"href":"https:\/\/utek.de\/fr\/wp-json\/wp\/v2\/pages\/4278","targetHints":{"allow":["GET"]}}],"collection":[{"href":"https:\/\/utek.de\/fr\/wp-json\/wp\/v2\/pages"}],"about":[{"href":"https:\/\/utek.de\/fr\/wp-json\/wp\/v2\/types\/page"}],"author":[{"embeddable":true,"href":"https:\/\/utek.de\/fr\/wp-json\/wp\/v2\/users\/1"}],"replies":[{"embeddable":true,"href":"https:\/\/utek.de\/fr\/wp-json\/wp\/v2\/comments?post=4278"}],"version-history":[{"count":2,"href":"https:\/\/utek.de\/fr\/wp-json\/wp\/v2\/pages\/4278\/revisions"}],"predecessor-version":[{"id":4280,"href":"https:\/\/utek.de\/fr\/wp-json\/wp\/v2\/pages\/4278\/revisions\/4280"}],"wp:featuredmedia":[{"embeddable":true,"href":"https:\/\/utek.de\/fr\/wp-json\/wp\/v2\/media\/3919"}],"wp:attachment":[{"href":"https:\/\/utek.de\/fr\/wp-json\/wp\/v2\/media?parent=4278"}],"curies":[{"name":"wp","href":"https:\/\/api.w.org\/{rel}","templated":true}]}}