{"id":4275,"date":"2020-01-20T17:20:05","date_gmt":"2020-01-20T16:20:05","guid":{"rendered":"https:\/\/utek.de\/performances\/instandhaltung\/"},"modified":"2024-03-27T15:48:51","modified_gmt":"2024-03-27T14:48:51","slug":"maintenance","status":"publish","type":"page","link":"https:\/\/utek.de\/fr\/performances\/maintenance\/","title":{"rendered":"Planification de la maintenance"},"content":{"rendered":"<h1>Pr\u00e9server la valeur : assurer le fonctionnement des processus et installations existants.<\/h1>\n<h2>Chez UTEK, nous ne nous contentons pas de planifier du neuf.<\/h2>\n<p>La planification de la maintenance avec le bureau d&rsquo;\u00e9tudes UTEK signifie \u00e9galement \u00e9laborer des concepts pour la maintenance des installations nouvelles et existantes. Une telle planification de la maintenance des installations est payante, car elle permet de r\u00e9duire les investissements co\u00fbteux et elle est en outre \u00e9conome en ressources. Voici un aper\u00e7u des prestations d&rsquo;ing\u00e9nierie de notre portefeuille qui contribuent \u00e0 optimiser la dur\u00e9e de vie, la s\u00e9curit\u00e9 et la valeur ajout\u00e9e de vos installations :<\/p>\n<p><strong>Organisation d&rsquo;une maintenance r\u00e9guli\u00e8re<\/strong><\/p>\n<ul>\n<li>S\u00e9lection de l&rsquo;\u00e9quipement pour une maintenance planifi\u00e9e, notamment en tenant compte des aspects relatifs \u00e0 la qualit\u00e9 et \u00e0 la responsabilit\u00e9 du fait des produits, de la disponibilit\u00e9 de l&rsquo;installation, des prescriptions en mati\u00e8re de protection de l&rsquo;environnement et de s\u00e9curit\u00e9 ainsi que des normes, directives et standards donn\u00e9s.<\/li>\n<li>\u00e9laboration des documents de travail n\u00e9cessaires (descriptions d&rsquo;activit\u00e9s, fiches de sp\u00e9cifications, listes de contr\u00f4le, protocoles de contr\u00f4le)<\/li>\n<li>D\u00e9finition des m\u00e9thodes d&rsquo;inspection (thermographie, mesures des vibrations, analyses d&rsquo;huile)<\/li>\n<li>Mise en place d&rsquo;outils appropri\u00e9s pour le suivi des d\u00e9lais et l&rsquo;\u00e9valuation des activit\u00e9s, en int\u00e9grant les moyens existants ou de nouvelles solutions informatiques.<\/li>\n<li>Mettre en place un syst\u00e8me de surveillance des moyens de contr\u00f4le<\/li>\n<li>Contr\u00f4ler et optimiser le syst\u00e8me en analysant r\u00e9guli\u00e8rement les activit\u00e9s r\u00e9alis\u00e9es.<\/li>\n<\/ul>\n<p><strong>\u00ab\u00a0Planification de la maintenance\u00a0\u00bb avec le module SAP PM<\/strong><\/p>\n<ul>\n<li>Conseil lors de l&rsquo;introduction de l&rsquo;\u00e9l\u00e9ment \u00ab\u00a0planification de la maintenance\u00a0\u00bb dans le module SAP PM<\/li>\n<li>Mise en place et d\u00e9veloppement de concepts de maintenance<\/li>\n<li>Mise en \u0153uvre du concept dans la planification de la maintenance du module PM de SAP (cr\u00e9ation de strat\u00e9gies de maintenance, \u00e9laboration de plans directeurs, cr\u00e9ation d&rsquo;instructions de maintenance, de postes de maintenance et de plans de maintenance).<\/li>\n<li>R\u00e9alisation de formations du personnel sur l&rsquo;application du concept.<\/li>\n<\/ul>\n<p><strong>Syst\u00e8mes informatiques<\/strong><\/p>\n<ul>\n<li>Soutien lors de l&rsquo;introduction de syst\u00e8mes informatiques (\u00e9laboration de profils d&rsquo;exigences, r\u00e9daction de cahiers des charges\/cahiers des charges)<\/li>\n<li>Cr\u00e9ation de bases de donn\u00e9es orient\u00e9es vers l&rsquo;utilisateur pour soutenir les processus de travail, comme par exemple pour la planification de la maintenance en fonction du temps et des performances et pour la gestion des \u00e9quipements.<\/li>\n<\/ul>\n<p><strong>Syst\u00e8mes de gestion dans la planification de la maintenance<\/strong><\/p>\n<ul>\n<li>Mise en place et d\u00e9veloppement de syst\u00e8mes de gestion dans la maintenance (syst\u00e8mes de gestion de la qualit\u00e9\/environnementale\/int\u00e9gr\u00e9e)<\/li>\n<li>R\u00e9alisation d&rsquo;inventaires (comparaison des objectifs et des r\u00e9sultats)<\/li>\n<li>Documenter le syst\u00e8me de gestion conform\u00e9ment aux exigences du client<\/li>\n<li>Soutien lors de la mise en \u0153uvre efficace des mesures<\/li>\n<\/ul>\n<p>Pour pr\u00e9server la valeur de vos installations, il vaut la peine de faire appel \u00e0 nos ing\u00e9nieurs exp\u00e9riment\u00e9s. <strong>Vous trouverez en UTEK un partenaire solide et fiable.\u2028<\/strong><\/p>\n ","protected":false},"excerpt":{"rendered":"<p>Pr\u00e9server la valeur : assurer le fonctionnement des processus et installations existants. Chez UTEK, nous ne nous contentons pas de planifier du neuf. La planification de la maintenance avec le bureau d&rsquo;\u00e9tudes UTEK signifie \u00e9galement \u00e9laborer des concepts pour la maintenance des installations nouvelles et existantes. Une telle planification de la maintenance des installations est [&hellip;]<\/p>\n","protected":false},"author":1,"featured_media":3947,"parent":4258,"menu_order":12,"comment_status":"closed","ping_status":"closed","template":"","meta":{"_acf_changed":false,"footnotes":""},"class_list":["post-4275","page","type-page","status-publish","has-post-thumbnail","hentry"],"acf":[],"yoast_head":"<!-- This site is optimized with the Yoast SEO plugin v27.1.1 - https:\/\/yoast.com\/product\/yoast-seo-wordpress\/ -->\n<title>Planification de la maintenance avec UTEK ing\u00e9nieurs<\/title>\n<meta name=\"description\" content=\"Mise en place et d\u00e9veloppement de concepts de maintenance, planification de la maintenance, mise en \u0153uvre dans les modules SAP R\/3 PM, \u2026\" \/>\n<meta name=\"robots\" content=\"index, follow, max-snippet:-1, max-image-preview:large, max-video-preview:-1\" \/>\n<link rel=\"canonical\" href=\"https:\/\/utek.de\/fr\/performances\/maintenance\/\" \/>\n<meta property=\"og:locale\" content=\"fr_FR\" \/>\n<meta property=\"og:type\" content=\"article\" \/>\n<meta property=\"og:title\" content=\"Planification de la maintenance avec UTEK ing\u00e9nieurs\" \/>\n<meta property=\"og:description\" content=\"Mise en place et d\u00e9veloppement de concepts de maintenance, planification de la maintenance, mise en \u0153uvre dans les modules SAP R\/3 PM, \u2026\" \/>\n<meta property=\"og:url\" content=\"https:\/\/utek.de\/fr\/performances\/maintenance\/\" \/>\n<meta property=\"og:site_name\" content=\"utek\" \/>\n<meta property=\"article:modified_time\" content=\"2024-03-27T14:48:51+00:00\" \/>\n<meta property=\"og:image\" content=\"https:\/\/utek.de\/wp-content\/uploads\/2021\/11\/ingenieurbuero-utek-prozessautomation-ingenieure-ih-planung.jpg\" \/>\n\t<meta property=\"og:image:width\" content=\"640\" \/>\n\t<meta property=\"og:image:height\" content=\"427\" \/>\n\t<meta property=\"og:image:type\" content=\"image\/jpeg\" \/>\n<meta name=\"twitter:card\" content=\"summary_large_image\" \/>\n<meta name=\"twitter:label1\" content=\"Dur\u00e9e de lecture estim\u00e9e\" \/>\n\t<meta name=\"twitter:data1\" content=\"4 minutes\" \/>\n<script type=\"application\/ld+json\" class=\"yoast-schema-graph\">{\"@context\":\"https:\/\/schema.org\",\"@graph\":[{\"@type\":\"WebPage\",\"@id\":\"https:\/\/utek.de\/fr\/performances\/maintenance\/\",\"url\":\"https:\/\/utek.de\/fr\/performances\/maintenance\/\",\"name\":\"Planification de la maintenance avec UTEK ing\u00e9nieurs\",\"isPartOf\":{\"@id\":\"https:\/\/utek.de\/fr\/#website\"},\"primaryImageOfPage\":{\"@id\":\"https:\/\/utek.de\/fr\/performances\/maintenance\/#primaryimage\"},\"image\":{\"@id\":\"https:\/\/utek.de\/fr\/performances\/maintenance\/#primaryimage\"},\"thumbnailUrl\":\"https:\/\/utek.de\/wp-content\/uploads\/2021\/11\/ingenieurbuero-utek-prozessautomation-ingenieure-ih-planung.jpg\",\"datePublished\":\"2020-01-20T16:20:05+00:00\",\"dateModified\":\"2024-03-27T14:48:51+00:00\",\"description\":\"Mise en place et d\u00e9veloppement de concepts de maintenance, planification de la maintenance, mise en \u0153uvre dans les modules SAP R\/3 PM, \u2026\",\"breadcrumb\":{\"@id\":\"https:\/\/utek.de\/fr\/performances\/maintenance\/#breadcrumb\"},\"inLanguage\":\"fr-FR\",\"potentialAction\":[{\"@type\":\"ReadAction\",\"target\":[\"https:\/\/utek.de\/fr\/performances\/maintenance\/\"]}]},{\"@type\":\"ImageObject\",\"inLanguage\":\"fr-FR\",\"@id\":\"https:\/\/utek.de\/fr\/performances\/maintenance\/#primaryimage\",\"url\":\"https:\/\/utek.de\/wp-content\/uploads\/2021\/11\/ingenieurbuero-utek-prozessautomation-ingenieure-ih-planung.jpg\",\"contentUrl\":\"https:\/\/utek.de\/wp-content\/uploads\/2021\/11\/ingenieurbuero-utek-prozessautomation-ingenieure-ih-planung.jpg\",\"width\":640,\"height\":427},{\"@type\":\"BreadcrumbList\",\"@id\":\"https:\/\/utek.de\/fr\/performances\/maintenance\/#breadcrumb\",\"itemListElement\":[{\"@type\":\"ListItem\",\"position\":1,\"name\":\"Startseite\",\"item\":\"https:\/\/utek.de\/fr\/\"},{\"@type\":\"ListItem\",\"position\":2,\"name\":\"Performances\",\"item\":\"https:\/\/utek.de\/fr\/performances\/\"},{\"@type\":\"ListItem\",\"position\":3,\"name\":\"Planification de la maintenance\"}]},{\"@type\":\"WebSite\",\"@id\":\"https:\/\/utek.de\/fr\/#website\",\"url\":\"https:\/\/utek.de\/fr\/\",\"name\":\"utek\",\"description\":\"\",\"potentialAction\":[{\"@type\":\"SearchAction\",\"target\":{\"@type\":\"EntryPoint\",\"urlTemplate\":\"https:\/\/utek.de\/fr\/?s={search_term_string}\"},\"query-input\":{\"@type\":\"PropertyValueSpecification\",\"valueRequired\":true,\"valueName\":\"search_term_string\"}}],\"inLanguage\":\"fr-FR\"}]}<\/script>\n<!-- \/ Yoast SEO plugin. -->","yoast_head_json":{"title":"Planification de la maintenance avec UTEK ing\u00e9nieurs","description":"Mise en place et d\u00e9veloppement de concepts de maintenance, planification de la maintenance, mise en \u0153uvre dans les modules SAP R\/3 PM, \u2026","robots":{"index":"index","follow":"follow","max-snippet":"max-snippet:-1","max-image-preview":"max-image-preview:large","max-video-preview":"max-video-preview:-1"},"canonical":"https:\/\/utek.de\/fr\/performances\/maintenance\/","og_locale":"fr_FR","og_type":"article","og_title":"Planification de la maintenance avec UTEK ing\u00e9nieurs","og_description":"Mise en place et d\u00e9veloppement de concepts de maintenance, planification de la maintenance, mise en \u0153uvre dans les modules SAP R\/3 PM, \u2026","og_url":"https:\/\/utek.de\/fr\/performances\/maintenance\/","og_site_name":"utek","article_modified_time":"2024-03-27T14:48:51+00:00","og_image":[{"width":640,"height":427,"url":"https:\/\/utek.de\/wp-content\/uploads\/2021\/11\/ingenieurbuero-utek-prozessautomation-ingenieure-ih-planung.jpg","type":"image\/jpeg"}],"twitter_card":"summary_large_image","twitter_misc":{"Dur\u00e9e de lecture estim\u00e9e":"4 minutes"},"schema":{"@context":"https:\/\/schema.org","@graph":[{"@type":"WebPage","@id":"https:\/\/utek.de\/fr\/performances\/maintenance\/","url":"https:\/\/utek.de\/fr\/performances\/maintenance\/","name":"Planification de la maintenance avec UTEK ing\u00e9nieurs","isPartOf":{"@id":"https:\/\/utek.de\/fr\/#website"},"primaryImageOfPage":{"@id":"https:\/\/utek.de\/fr\/performances\/maintenance\/#primaryimage"},"image":{"@id":"https:\/\/utek.de\/fr\/performances\/maintenance\/#primaryimage"},"thumbnailUrl":"https:\/\/utek.de\/wp-content\/uploads\/2021\/11\/ingenieurbuero-utek-prozessautomation-ingenieure-ih-planung.jpg","datePublished":"2020-01-20T16:20:05+00:00","dateModified":"2024-03-27T14:48:51+00:00","description":"Mise en place et d\u00e9veloppement de concepts de maintenance, planification de la maintenance, mise en \u0153uvre dans les modules SAP R\/3 PM, \u2026","breadcrumb":{"@id":"https:\/\/utek.de\/fr\/performances\/maintenance\/#breadcrumb"},"inLanguage":"fr-FR","potentialAction":[{"@type":"ReadAction","target":["https:\/\/utek.de\/fr\/performances\/maintenance\/"]}]},{"@type":"ImageObject","inLanguage":"fr-FR","@id":"https:\/\/utek.de\/fr\/performances\/maintenance\/#primaryimage","url":"https:\/\/utek.de\/wp-content\/uploads\/2021\/11\/ingenieurbuero-utek-prozessautomation-ingenieure-ih-planung.jpg","contentUrl":"https:\/\/utek.de\/wp-content\/uploads\/2021\/11\/ingenieurbuero-utek-prozessautomation-ingenieure-ih-planung.jpg","width":640,"height":427},{"@type":"BreadcrumbList","@id":"https:\/\/utek.de\/fr\/performances\/maintenance\/#breadcrumb","itemListElement":[{"@type":"ListItem","position":1,"name":"Startseite","item":"https:\/\/utek.de\/fr\/"},{"@type":"ListItem","position":2,"name":"Performances","item":"https:\/\/utek.de\/fr\/performances\/"},{"@type":"ListItem","position":3,"name":"Planification de la maintenance"}]},{"@type":"WebSite","@id":"https:\/\/utek.de\/fr\/#website","url":"https:\/\/utek.de\/fr\/","name":"utek","description":"","potentialAction":[{"@type":"SearchAction","target":{"@type":"EntryPoint","urlTemplate":"https:\/\/utek.de\/fr\/?s={search_term_string}"},"query-input":{"@type":"PropertyValueSpecification","valueRequired":true,"valueName":"search_term_string"}}],"inLanguage":"fr-FR"}]}},"_links":{"self":[{"href":"https:\/\/utek.de\/fr\/wp-json\/wp\/v2\/pages\/4275","targetHints":{"allow":["GET"]}}],"collection":[{"href":"https:\/\/utek.de\/fr\/wp-json\/wp\/v2\/pages"}],"about":[{"href":"https:\/\/utek.de\/fr\/wp-json\/wp\/v2\/types\/page"}],"author":[{"embeddable":true,"href":"https:\/\/utek.de\/fr\/wp-json\/wp\/v2\/users\/1"}],"replies":[{"embeddable":true,"href":"https:\/\/utek.de\/fr\/wp-json\/wp\/v2\/comments?post=4275"}],"version-history":[{"count":3,"href":"https:\/\/utek.de\/fr\/wp-json\/wp\/v2\/pages\/4275\/revisions"}],"predecessor-version":[{"id":5686,"href":"https:\/\/utek.de\/fr\/wp-json\/wp\/v2\/pages\/4275\/revisions\/5686"}],"up":[{"embeddable":true,"href":"https:\/\/utek.de\/fr\/wp-json\/wp\/v2\/pages\/4258"}],"wp:featuredmedia":[{"embeddable":true,"href":"https:\/\/utek.de\/fr\/wp-json\/wp\/v2\/media\/3947"}],"wp:attachment":[{"href":"https:\/\/utek.de\/fr\/wp-json\/wp\/v2\/media?parent=4275"}],"curies":[{"name":"wp","href":"https:\/\/api.w.org\/{rel}","templated":true}]}}