{"id":4267,"date":"2020-01-20T17:18:56","date_gmt":"2020-01-20T16:18:56","guid":{"rendered":"https:\/\/utek.de\/performances\/compliance-engineering\/"},"modified":"2023-10-12T11:36:03","modified_gmt":"2023-10-12T09:36:03","slug":"compliance-engineering","status":"publish","type":"page","link":"https:\/\/utek.de\/fr\/performances\/compliance-engineering\/","title":{"rendered":"Compliance Engineering"},"content":{"rendered":"<h1>Ing\u00e9nierie professionnelle de la conformit\u00e9<\/h1>\n<h2>Engagement pour la conformit\u00e9 aux r\u00e8gles reconnues &#8211; syst\u00e9matique et comp\u00e9tent<\/h2>\n<p>UTEK a plus de vingt ans d&rsquo;exp\u00e9rience dans la mise en \u0153uvre des exigences l\u00e9gales et plus de quinze ans d&rsquo;exp\u00e9rience dans la r\u00e9alisation d&rsquo;analyses des dangers li\u00e9s aux processus. Dans ce contexte, UTEK reprend et prend en compte les exigences modifi\u00e9es, \u00e9largies ou suppl\u00e9mentaires et d\u00e9veloppe l&rsquo;ing\u00e9nierie de la conformit\u00e9 avec ses clients.<\/p>\n<h3>Aper\u00e7u de nos prestations pour vous:<\/h3>\n<p><strong>Analyses des dangers de processus (tests HAZOP\/PAAG\/A)<\/strong><\/p>\n<ul>\n<li>UTEK vous permet d&rsquo;identifier syst\u00e9matiquement les dangers. Nous r\u00e9alisons la mise en \u0153uvre de HAZOP \/ PAAG complets ou de HAZOP \/ PAAG de revalidation pour les installations existantes (HAZOP = Hazard and Operability).<\/li>\n<li>En outre, nous g\u00e9rons pour vous la r\u00e9alisation de HAZOP de projet d&rsquo;accompagnement (HAZID\/concept HAZOP, HAZOP de conception, HAZOP de design et HAZOP de mise en service). Ils comprennent:\n<ul>\n<li>l&rsquo;examen et l&rsquo;\u00e9valuation de la documentation existante de l&rsquo;installation,<\/li>\n<li>un relev\u00e9 sur place de l&rsquo;\u00e9tat actuel et une comparaison avec les sch\u00e9mas de flux actuels et les donn\u00e9es de l&rsquo;installation ainsi qu&rsquo;une comparaison avec les documentations internes du client,<\/li>\n<li>la d\u00e9termination des limites d&rsquo;observation et la d\u00e9finition des installations partielles\/fonctions th\u00e9oriques,<\/li>\n<li>la pr\u00e9paration du contenu des fonctions th\u00e9oriques sur la base des param\u00e8tres \u00e0 consid\u00e9rer (par ex. d\u00e9bit, pression, temp\u00e9rature) et des mots-cl\u00e9s (par ex. plus, pas),<\/li>\n<li>une repr\u00e9sentation graphique des fonctions th\u00e9oriques dans des sch\u00e9mas de proc\u00e9d\u00e9 et de RI avec CAO (par ex. Microstation),<\/li>\n<li>l&rsquo;animation et le compte rendu des r\u00e9unions HAZOP,<\/li>\n<li>l&rsquo;\u00e9valuation des dispositifs de DRS existants et l&rsquo;attribution et la classification dans les classes de protection correspondantes selon la proc\u00e9dure LOPA,<\/li>\n<li>la r\u00e9alisation d&rsquo;\u00e9valuations SIL selon VDI-2180 pour les dispositifs MSR existants,<\/li>\n<li>la d\u00e9finition d&rsquo;actions et de mesures avec l&rsquo;\u00e9quipe HAZOP,<\/li>\n<li>la v\u00e9rification de la mise en \u0153uvre des mesures et, le cas \u00e9ch\u00e9ant, l&rsquo;int\u00e9gration des mesures dans la HAZOP,<\/li>\n<li>l&rsquo;\u00e9laboration de la documentation finale conform\u00e9ment aux instructions du client.<\/li>\n<\/ul>\n<\/li>\n<li>Des logiciels sp\u00e9cialis\u00e9s sont utilis\u00e9s pour la r\u00e9alisation et la documentation des HAZOP (par ex. PHA-Pro ou Lihou HAZOP-Manager).<\/li>\n<\/ul>\n<p>Lors de l&rsquo;\u00e9tude de la s\u00e9curit\u00e9 des installations techniques, vous avez en UTEK un partenaire comp\u00e9tent qui travaille de mani\u00e8re syst\u00e9matique afin d&rsquo;identifier \u00e0 temps les \u00e9ventuels dysfonctionnements et dangers et de pouvoir r\u00e9agir de mani\u00e8re ad\u00e9quate avec des mesures appropri\u00e9es.<\/p>\n<p><strong>Ing\u00e9nierie de la conformit\u00e9 avec UTEK &#8211; conseils g\u00e9n\u00e9raux, avec expertise en mati\u00e8re de conformit\u00e9 aux r\u00e8gles<\/strong><\/p>\n<ul>\n<li>UTEK vous propose des services de conseil, par exemple dans les domaines de la protection contre les \u00e9missions, de la protection contre les explosions, des substances dangereuses et du d\u00e9cret sur la s\u00e9curit\u00e9 des entreprises, en tenant compte des r\u00e9glementations techniques et des exigences qui en d\u00e9coulent.<\/li>\n<li>Nous vous aidons \u00e0 \u00e9valuer la possibilit\u00e9 d&rsquo;obtenir des autorisations pour la construction de nouvelles installations et vous apportons notre savoir-faire particulier pour les modifications pr\u00e9vues sur des installations existantes.<\/li>\n<li>Nous proposons aux clients un r\u00e9sum\u00e9 de l&rsquo;\u00e9tat actuel de la documentation de l&rsquo;installation.<\/li>\n<li>Ils b\u00e9n\u00e9ficient \u00e9galement d&rsquo;un contr\u00f4le et d&rsquo;une optimisation de leur documentation d&rsquo;installation en tenant compte des aspects de conformit\u00e9 technique.<\/li>\n<li>UTEK propose la r\u00e9alisation d&rsquo;\u00e9valuations de conformit\u00e9 CE pour les installations techniques de traitement.<\/li>\n<\/ul>\n<p><strong>Loi f\u00e9d\u00e9rale sur la protection contre les \u00e9missions (BImSchG): Nouvelles autorisations, autorisations de modification et avis de modification selon la loi f\u00e9d\u00e9rale sur la protection contre les immissions (BImSchG).<\/strong><\/p>\n<p>Pour la construction et l&rsquo;exploitation de certaines installations industrielles polluantes ainsi que pour certaines modifications de ces installations, une autorisation relevant de la l\u00e9gislation sur la protection contre les \u00e9missions est n\u00e9cessaire. Le d\u00e9cret sur les installations soumises \u00e0 autorisation (4. BImSchV) pr\u00e9cise quelles installations sont concern\u00e9es. Les ing\u00e9nieurs d&rsquo;UTEK accompagnent et soutiennent les entreprises d\u00e8s le d\u00e9but avec comp\u00e9tence et expertise dans le cadre des exigences de proc\u00e9dure \u00e0 mettre en \u0153uvre l\u00e9galement et vous garantissent un all\u00e8gement maximal des t\u00e2ches administratives. Les points suivants font partie de notre offre de prestations pour vous:<\/p>\n<ul>\n<li>le traitement de l&rsquo;ensemble des formulaires,<\/li>\n<li>la r\u00e9daction de descriptions d&rsquo;installations et d&rsquo;op\u00e9rations ainsi que l&rsquo;\u00e9laboration de prises de position sur les th\u00e8mes de la s\u00e9curit\u00e9 au travail, de la protection contre les incendies, de la protection contre les immissions, de la protection des eaux et des d\u00e9chets,<\/li>\n<li>la coordination lors de la d\u00e9finition d&rsquo;autres mesures techniques (par exemple en mati\u00e8re de protection contre l&rsquo;incendie) sur la base de directives &#8211; en particulier celles du r\u00e8glement national de construction ou du r\u00e8glement sur la s\u00e9curit\u00e9 des entreprises,<\/li>\n<li>le traitement des documents de construction,<\/li>\n<li>l&rsquo;\u00e9tablissement de sch\u00e9mas de base et de sch\u00e9mas de proc\u00e9d\u00e9s,<\/li>\n<li>l&rsquo;\u00e9tablissement de calculs d&rsquo;\u00e9missions et de propagation selon la TA Luft,<\/li>\n<li>l&rsquo;\u00e9tablissement de documents de screening pour l&rsquo;EIE (examen pr\u00e9liminaire g\u00e9n\u00e9ral selon l&rsquo;article 7 de la loi sur l&rsquo;EIE),<\/li>\n<li>l&rsquo;\u00e9valuation des modifications des installations ayant une incidence sur les accidents,<\/li>\n<li>la coordination d&rsquo;expertises (par ex. avis de l&rsquo;AwSV, pr\u00e9visions de protection contre les immissions et d&rsquo;immissions sonores, concepts de protection contre les incendies),<\/li>\n<li>la pr\u00e9paration et la prise en charge des contacts avec les autorit\u00e9s, qui prennent beaucoup de temps,<\/li>\n<li>la coordination des dispositions annexes de la d\u00e9cision d&rsquo;autorisation (ou du projet) avec les d\u00e9partements responsables et les autorit\u00e9s,<\/li>\n<li>la gestion de la correspondance avec les autorit\u00e9s (par ex. le traitement des oppositions),<\/li>\n<li>la pr\u00e9paration d&rsquo;un suivi syst\u00e9matique des conditions.<\/li>\n<\/ul>\n<p><strong>Ordonnance sur les accidents majeurs (12. BImSchV)<\/strong><\/p>\n<p>Afin de garantir les exigences en mati\u00e8re de s\u00e9curit\u00e9 des installations, de protection de l&rsquo;environnement et de protection contre l&rsquo;incendie conform\u00e9ment \u00e0 l&rsquo;ordonnance sur les accidents majeurs, il est important de se pencher d\u00e8s le d\u00e9part de mani\u00e8re approfondie et d\u00e9termin\u00e9e sur certains sc\u00e9narios de crise ou d&rsquo;accident majeur. L&rsquo;ordonnance sur les accidents majeurs doit contribuer \u00e0 pr\u00e9venir les accidents majeurs dans la mesure du possible ou \u00e0 en limiter les effets. UTEK propose aux clients l&rsquo;assistance suivante:<\/p>\n<ul>\n<li>l&rsquo;\u00e9laboration d&rsquo;un concept de pr\u00e9vention des incidents sur la base du syst\u00e8me de gestion de la s\u00e9curit\u00e9 existant,<\/li>\n<li>l&rsquo;\u00e9laboration, la mise \u00e0 jour et la r\u00e9vision des rapports de s\u00e9curit\u00e9 conform\u00e9ment \u00e0 la 12e BImSchV (pour les installations existantes et dans le cadre des demandes d&rsquo;autorisation),<\/li>\n<li>la r\u00e9alisation et l&rsquo;\u00e9valuation de sc\u00e9narios de propagation pour des incidents malgr\u00e9 tout et des incidents ne pouvant raisonnablement pas \u00eatre exclus avec le logiciel de simulation d&rsquo;incidents ProNuSs<\/li>\n<\/ul>\n<p><strong>Exigences de l&rsquo;ordonnance sur les substances dangereuses (GefStoffV) et de la protection contre les explosions.<\/strong><\/p>\n<p>Les sp\u00e9cialistes UTEK connaissent parfaitement l&rsquo;ordonnance sur les substances dangereuses et les questions de protection contre les explosions et sont \u00e0 votre disposition pour vous aider \u00e0 \u00e9laborer tous les documents importants. Nous vous assistons en particulier:<\/p>\n<ul>\n<li>lors de l&rsquo;\u00e9laboration\/du compl\u00e9ment de documents relatifs \u00e0 la protection contre les explosions conform\u00e9ment au \u00a7 6 de la GefStoffV,<\/li>\n<li>lors de l&rsquo;\u00e9laboration\/compl\u00e9ment de concepts de protection contre les explosions sur la base des TRGS 720 &#8211; 725 et TRGS 727, y compris la r\u00e9alisation d&rsquo;\u00e9valuations des sources d&rsquo;inflammation,<\/li>\n<li>lors de l&rsquo;\u00e9laboration de la liste des sources d&rsquo;\u00e9mission &#8211; en tenant compte en particulier de la directive sur la protection contre les explosions (Ex-RL\/DGUV-R 113-001, anciennement BGR 104) et d&rsquo;autres r\u00e8gles et normes techniques pertinentes,<\/li>\n<li>lors de l&rsquo;\u00e9tablissement et de la mise \u00e0 jour de plans de zones Ex,<\/li>\n<li>lors de la pr\u00e9paration et de la coordination des contr\u00f4les Ex par des personnes qualifi\u00e9es ou des Z\u00dcS.<\/li>\n<\/ul>\n<p><strong>Ordonnance sur la s\u00e9curit\u00e9 des entreprises (BetrSichV)<\/strong><\/p>\n<p>UTEK vous aide \u00e0 garantir la s\u00e9curit\u00e9 de votre entreprise et de vos collaborateurs. Pour y parvenir, nous vous proposons l&rsquo;assistance suivante:<\/p>\n<ul>\n<li>Mise en place et r\u00e9vision de la documentation conform\u00e9ment au BetrSichV.\n<ul>\n<li>Classification des installations et d\u00e9termination du volume de documentation n\u00e9cessaire<\/li>\n<li>Cr\u00e9ation et mise \u00e0 jour de listes d&rsquo;appareils et de tuyauteries<\/li>\n<li>D\u00e9termination des obligations de contr\u00f4le (contr\u00f4le initial, contr\u00f4les p\u00e9riodiques, enregistrements des contr\u00f4les, exigences envers le contr\u00f4leur), en particulier pour les \u00e9quipements sous pression et les installations pr\u00e9sentant des risques d&rsquo;explosion<\/li>\n<li>Obtention de la documentation n\u00e9cessaire du fabricant conform\u00e9ment \u00e0 BetrSichV<\/li>\n<li>Constitution et compilation de documentations d&rsquo;installations et de contr\u00f4le<\/li>\n<\/ul>\n<\/li>\n<li>R\u00e9alisation d&rsquo;\u00e9valuations des risques selon le \u00a7 3 du BetrSichV<\/li>\n<li>\u00c9tablissement d&rsquo;instructions d&rsquo;exploitation conform\u00e9ment au \u00a7 12 du BetrSichV<\/li>\n<li>Pr\u00e9paration des demandes d&rsquo;autorisation selon le \u00a7 18 du d\u00e9cret sur la s\u00e9curit\u00e9 des entreprises en tenant compte des directives de la publication LASI LV 49, par ex. pour le stockage et le remplissage de liquides inflammables ou de gaz inflammables<\/li>\n<li>coordination de l&rsquo;\u00e9laboration du rapport de contr\u00f4le Z\u00dcS par le Z\u00dcS mandat\u00e9<\/li>\n<li>pr\u00e9paration et coordination des r\u00e9ceptions du Z\u00dcS pour les \u00e9quipements sous pression et les installations soumises \u00e0 autorisation<\/li>\n<\/ul>\n<p><strong>Loi sur le r\u00e9gime des eaux (WHG) \/ Ordonnance sur les installations de manipulation de substances dangereuses pour l&rsquo;eau (AwSV)<\/strong><\/p>\n<p>L&rsquo;obligation pour les exploitants d&rsquo;installations de respecter certaines r\u00e8gles lors de la manipulation de substances dangereuses pour l&rsquo;eau exige une approche structur\u00e9e de ce th\u00e8me complexe et une syst\u00e9matique coh\u00e9rente lors de la mise en \u0153uvre des mesures. Les ing\u00e9nieurs de la soci\u00e9t\u00e9 UTEK vous proposent un soutien complet dans ce domaine:<\/p>\n<ul>\n<li>l&rsquo;\u00e9tablissement de demandes d&rsquo;autorisation pour le d\u00e9versement d&rsquo;eaux us\u00e9es dans un cours d&rsquo;eau superficiel ou pour le pr\u00e9l\u00e8vement d&rsquo;eau dans un cours d&rsquo;eau superficiel,<\/li>\n<li>la pr\u00e9paration des avis de canalisation selon le \u00a7 57 de la loi r\u00e9gionale sur l&rsquo;eau (LWG),<\/li>\n<li>l&rsquo;\u00e9tablissement et la mise \u00e0 jour de cadastres des eaux us\u00e9es,<\/li>\n<li>la pr\u00e9paration de constats d&rsquo;aptitude pour les installations dites LAU,<\/li>\n<li>la pr\u00e9paration d&rsquo;annonces selon le \u00a7 40 AwSV pour la modification d&rsquo;installations AwSV soumises \u00e0 contr\u00f4le,<\/li>\n<li>la d\u00e9termination et le calcul des volumes de r\u00e9tention n\u00e9cessaires et existants sur la base des normes TRwS 779 et TRwS 785 et de la directive sur la r\u00e9tention des eaux d&rsquo;extinction,<\/li>\n<li>l&rsquo;\u00e9tablissement de cadastres d&rsquo;installations et de documentations d&rsquo;installations conform\u00e9ment au \u00a7 43 AwSV et aux r\u00e8glements pertinents (en particulier la fiche de travail DWA-A 779)\n<ul>\n<li>la classification et la d\u00e9finition de la d\u00e9limitation de l&rsquo;installation en fonction de la l\u00e9gislation sur l&rsquo;eau,<\/li>\n<li>l&rsquo;analyse et l&rsquo;\u00e9valuation de la conception de l&rsquo;installation,<\/li>\n<li>la recherche de donn\u00e9es relatives \u00e0 l&rsquo;installation et au d\u00e9roulement des proc\u00e9dures,<\/li>\n<li>la compilation de la situation d&rsquo;autorisation,<\/li>\n<li>l&rsquo;\u00e9tablissement de la description de l&rsquo;installation et la pr\u00e9sentation du concept de r\u00e9tention,<\/li>\n<li>la constitution de la documentation.<\/li>\n<\/ul>\n<\/li>\n<li>la pr\u00e9paration et la coordination des contr\u00f4les d&rsquo;installations AwSV par des experts (avant la mise en service, de mani\u00e8re p\u00e9riodique, lors de la fermeture).<\/li>\n<\/ul>\n<p><strong>D\u00e9termination de l&rsquo;\u00e9tat des autorisations pour les installations et les b\u00e2timents existants.<\/strong><\/p>\n<p>UTEK vous propose \u00e9galement une assistance compl\u00e8te pour la d\u00e9termination de l&rsquo;\u00e9tat d&rsquo;approbation des installations et b\u00e2timents existants. Pour ce faire, nos ing\u00e9nieurs utilisent des bases de donn\u00e9es con\u00e7ues pour l&rsquo;utilisateur.<\/p>\n<ul>\n<li>L&rsquo;\u00e9valuation et l&rsquo;analyse des autorisations existantes,<\/li>\n<li>la pr\u00e9sentation de \u00ab\u00a0l&rsquo;historique des autorisations\u00a0\u00bb des installations et b\u00e2timents consid\u00e9r\u00e9s,<\/li>\n<li>la cr\u00e9ation d&rsquo;inventaires de l&rsquo;\u00e9tat actuel des autorisations,<\/li>\n<li>la mise en place d&rsquo;un suivi des dispositions annexes,<\/li>\n<li>l&rsquo;\u00e9laboration d&rsquo;inventaires pour les installations soumises \u00e0 surveillance et \u00e0 contr\u00f4le.<br \/>\nGestion des changements (Management of Change, MOC)<\/li>\n<li>La pr\u00e9paration, la d\u00e9finition et le suivi des mesures MOC ; la coordination avec les services sp\u00e9cialis\u00e9s concern\u00e9s et d&rsquo;autres prestataires de services externes,<\/li>\n<li>la pr\u00e9paration, la mise en \u0153uvre et la d\u00e9finition des mesures lors des transferts d&rsquo;installations (protocole de transfert\/Pre Startup Safety Review (PSSR), suivi de la mise en \u0153uvre).<\/li>\n<\/ul>\n<p>&nbsp;<\/p>\n<p>En bref, nous proposons \u00e0 nos clients une large gamme de services dans le domaine de l&rsquo;ing\u00e9nierie de la conformit\u00e9. Pour que les autorisations n\u00e9cessaires puissent \u00eatre obtenues rapidement.<\/p>\n<p>&nbsp;<\/p>\n ","protected":false},"excerpt":{"rendered":"<p>Ing\u00e9nierie professionnelle de la conformit\u00e9 Engagement pour la conformit\u00e9 aux r\u00e8gles reconnues &#8211; syst\u00e9matique et comp\u00e9tent UTEK a plus de vingt ans d&rsquo;exp\u00e9rience dans la mise en \u0153uvre des exigences l\u00e9gales et plus de quinze ans d&rsquo;exp\u00e9rience dans la r\u00e9alisation d&rsquo;analyses des dangers li\u00e9s aux processus. Dans ce contexte, UTEK reprend et prend en compte [&hellip;]<\/p>\n","protected":false},"author":1,"featured_media":3901,"parent":4258,"menu_order":10,"comment_status":"closed","ping_status":"closed","template":"","meta":{"_acf_changed":false,"footnotes":""},"class_list":["post-4267","page","type-page","status-publish","has-post-thumbnail","hentry"],"acf":[],"yoast_head":"<!-- This site is optimized with the Yoast SEO plugin v27.1.1 - https:\/\/yoast.com\/product\/yoast-seo-wordpress\/ -->\n<title>Compliance Engineering avec UTEK ing\u00e9nieurs Dortmund<\/title>\n<meta name=\"description\" content=\"Compliance Engineering: Conseiller conform\u00e9ment au march\u00e9, avec une expertise en mati\u00e8re de conformit\u00e9 r\u00e9glementaire.\" \/>\n<meta name=\"robots\" content=\"index, follow, max-snippet:-1, max-image-preview:large, max-video-preview:-1\" \/>\n<link rel=\"canonical\" href=\"https:\/\/utek.de\/fr\/performances\/compliance-engineering\/\" \/>\n<meta property=\"og:locale\" content=\"fr_FR\" \/>\n<meta property=\"og:type\" content=\"article\" \/>\n<meta property=\"og:title\" content=\"Compliance Engineering avec UTEK ing\u00e9nieurs Dortmund\" \/>\n<meta property=\"og:description\" content=\"Compliance Engineering: Conseiller conform\u00e9ment au march\u00e9, avec une expertise en mati\u00e8re de conformit\u00e9 r\u00e9glementaire.\" \/>\n<meta property=\"og:url\" content=\"https:\/\/utek.de\/fr\/performances\/compliance-engineering\/\" \/>\n<meta property=\"og:site_name\" content=\"utek\" \/>\n<meta property=\"article:modified_time\" content=\"2023-10-12T09:36:03+00:00\" \/>\n<meta property=\"og:image\" content=\"https:\/\/utek.de\/wp-content\/uploads\/2021\/11\/compliance-engineering-spezialisten-der-firma-utek.jpg\" \/>\n\t<meta property=\"og:image:width\" content=\"2560\" \/>\n\t<meta property=\"og:image:height\" content=\"848\" \/>\n\t<meta property=\"og:image:type\" content=\"image\/jpeg\" \/>\n<meta name=\"twitter:card\" content=\"summary_large_image\" \/>\n<meta name=\"twitter:label1\" content=\"Dur\u00e9e de lecture estim\u00e9e\" \/>\n\t<meta name=\"twitter:data1\" content=\"11 minutes\" \/>\n<script type=\"application\/ld+json\" class=\"yoast-schema-graph\">{\"@context\":\"https:\/\/schema.org\",\"@graph\":[{\"@type\":\"WebPage\",\"@id\":\"https:\/\/utek.de\/fr\/performances\/compliance-engineering\/\",\"url\":\"https:\/\/utek.de\/fr\/performances\/compliance-engineering\/\",\"name\":\"Compliance Engineering avec UTEK ing\u00e9nieurs Dortmund\",\"isPartOf\":{\"@id\":\"https:\/\/utek.de\/fr\/#website\"},\"primaryImageOfPage\":{\"@id\":\"https:\/\/utek.de\/fr\/performances\/compliance-engineering\/#primaryimage\"},\"image\":{\"@id\":\"https:\/\/utek.de\/fr\/performances\/compliance-engineering\/#primaryimage\"},\"thumbnailUrl\":\"https:\/\/utek.de\/wp-content\/uploads\/2021\/11\/compliance-engineering-spezialisten-der-firma-utek.jpg\",\"datePublished\":\"2020-01-20T16:18:56+00:00\",\"dateModified\":\"2023-10-12T09:36:03+00:00\",\"description\":\"Compliance Engineering: Conseiller conform\u00e9ment au march\u00e9, avec une expertise en mati\u00e8re de conformit\u00e9 r\u00e9glementaire.\",\"breadcrumb\":{\"@id\":\"https:\/\/utek.de\/fr\/performances\/compliance-engineering\/#breadcrumb\"},\"inLanguage\":\"fr-FR\",\"potentialAction\":[{\"@type\":\"ReadAction\",\"target\":[\"https:\/\/utek.de\/fr\/performances\/compliance-engineering\/\"]}]},{\"@type\":\"ImageObject\",\"inLanguage\":\"fr-FR\",\"@id\":\"https:\/\/utek.de\/fr\/performances\/compliance-engineering\/#primaryimage\",\"url\":\"https:\/\/utek.de\/wp-content\/uploads\/2021\/11\/compliance-engineering-spezialisten-der-firma-utek.jpg\",\"contentUrl\":\"https:\/\/utek.de\/wp-content\/uploads\/2021\/11\/compliance-engineering-spezialisten-der-firma-utek.jpg\",\"width\":2560,\"height\":848},{\"@type\":\"BreadcrumbList\",\"@id\":\"https:\/\/utek.de\/fr\/performances\/compliance-engineering\/#breadcrumb\",\"itemListElement\":[{\"@type\":\"ListItem\",\"position\":1,\"name\":\"Startseite\",\"item\":\"https:\/\/utek.de\/fr\/\"},{\"@type\":\"ListItem\",\"position\":2,\"name\":\"Performances\",\"item\":\"https:\/\/utek.de\/fr\/performances\/\"},{\"@type\":\"ListItem\",\"position\":3,\"name\":\"Compliance Engineering\"}]},{\"@type\":\"WebSite\",\"@id\":\"https:\/\/utek.de\/fr\/#website\",\"url\":\"https:\/\/utek.de\/fr\/\",\"name\":\"utek\",\"description\":\"\",\"potentialAction\":[{\"@type\":\"SearchAction\",\"target\":{\"@type\":\"EntryPoint\",\"urlTemplate\":\"https:\/\/utek.de\/fr\/?s={search_term_string}\"},\"query-input\":{\"@type\":\"PropertyValueSpecification\",\"valueRequired\":true,\"valueName\":\"search_term_string\"}}],\"inLanguage\":\"fr-FR\"}]}<\/script>\n<!-- \/ Yoast SEO plugin. -->","yoast_head_json":{"title":"Compliance Engineering avec UTEK ing\u00e9nieurs Dortmund","description":"Compliance Engineering: Conseiller conform\u00e9ment au march\u00e9, avec une expertise en mati\u00e8re de conformit\u00e9 r\u00e9glementaire.","robots":{"index":"index","follow":"follow","max-snippet":"max-snippet:-1","max-image-preview":"max-image-preview:large","max-video-preview":"max-video-preview:-1"},"canonical":"https:\/\/utek.de\/fr\/performances\/compliance-engineering\/","og_locale":"fr_FR","og_type":"article","og_title":"Compliance Engineering avec UTEK ing\u00e9nieurs Dortmund","og_description":"Compliance Engineering: Conseiller conform\u00e9ment au march\u00e9, avec une expertise en mati\u00e8re de conformit\u00e9 r\u00e9glementaire.","og_url":"https:\/\/utek.de\/fr\/performances\/compliance-engineering\/","og_site_name":"utek","article_modified_time":"2023-10-12T09:36:03+00:00","og_image":[{"width":2560,"height":848,"url":"https:\/\/utek.de\/wp-content\/uploads\/2021\/11\/compliance-engineering-spezialisten-der-firma-utek.jpg","type":"image\/jpeg"}],"twitter_card":"summary_large_image","twitter_misc":{"Dur\u00e9e de lecture estim\u00e9e":"11 minutes"},"schema":{"@context":"https:\/\/schema.org","@graph":[{"@type":"WebPage","@id":"https:\/\/utek.de\/fr\/performances\/compliance-engineering\/","url":"https:\/\/utek.de\/fr\/performances\/compliance-engineering\/","name":"Compliance Engineering avec UTEK ing\u00e9nieurs Dortmund","isPartOf":{"@id":"https:\/\/utek.de\/fr\/#website"},"primaryImageOfPage":{"@id":"https:\/\/utek.de\/fr\/performances\/compliance-engineering\/#primaryimage"},"image":{"@id":"https:\/\/utek.de\/fr\/performances\/compliance-engineering\/#primaryimage"},"thumbnailUrl":"https:\/\/utek.de\/wp-content\/uploads\/2021\/11\/compliance-engineering-spezialisten-der-firma-utek.jpg","datePublished":"2020-01-20T16:18:56+00:00","dateModified":"2023-10-12T09:36:03+00:00","description":"Compliance Engineering: Conseiller conform\u00e9ment au march\u00e9, avec une expertise en mati\u00e8re de conformit\u00e9 r\u00e9glementaire.","breadcrumb":{"@id":"https:\/\/utek.de\/fr\/performances\/compliance-engineering\/#breadcrumb"},"inLanguage":"fr-FR","potentialAction":[{"@type":"ReadAction","target":["https:\/\/utek.de\/fr\/performances\/compliance-engineering\/"]}]},{"@type":"ImageObject","inLanguage":"fr-FR","@id":"https:\/\/utek.de\/fr\/performances\/compliance-engineering\/#primaryimage","url":"https:\/\/utek.de\/wp-content\/uploads\/2021\/11\/compliance-engineering-spezialisten-der-firma-utek.jpg","contentUrl":"https:\/\/utek.de\/wp-content\/uploads\/2021\/11\/compliance-engineering-spezialisten-der-firma-utek.jpg","width":2560,"height":848},{"@type":"BreadcrumbList","@id":"https:\/\/utek.de\/fr\/performances\/compliance-engineering\/#breadcrumb","itemListElement":[{"@type":"ListItem","position":1,"name":"Startseite","item":"https:\/\/utek.de\/fr\/"},{"@type":"ListItem","position":2,"name":"Performances","item":"https:\/\/utek.de\/fr\/performances\/"},{"@type":"ListItem","position":3,"name":"Compliance Engineering"}]},{"@type":"WebSite","@id":"https:\/\/utek.de\/fr\/#website","url":"https:\/\/utek.de\/fr\/","name":"utek","description":"","potentialAction":[{"@type":"SearchAction","target":{"@type":"EntryPoint","urlTemplate":"https:\/\/utek.de\/fr\/?s={search_term_string}"},"query-input":{"@type":"PropertyValueSpecification","valueRequired":true,"valueName":"search_term_string"}}],"inLanguage":"fr-FR"}]}},"_links":{"self":[{"href":"https:\/\/utek.de\/fr\/wp-json\/wp\/v2\/pages\/4267","targetHints":{"allow":["GET"]}}],"collection":[{"href":"https:\/\/utek.de\/fr\/wp-json\/wp\/v2\/pages"}],"about":[{"href":"https:\/\/utek.de\/fr\/wp-json\/wp\/v2\/types\/page"}],"author":[{"embeddable":true,"href":"https:\/\/utek.de\/fr\/wp-json\/wp\/v2\/users\/1"}],"replies":[{"embeddable":true,"href":"https:\/\/utek.de\/fr\/wp-json\/wp\/v2\/comments?post=4267"}],"version-history":[{"count":4,"href":"https:\/\/utek.de\/fr\/wp-json\/wp\/v2\/pages\/4267\/revisions"}],"predecessor-version":[{"id":4271,"href":"https:\/\/utek.de\/fr\/wp-json\/wp\/v2\/pages\/4267\/revisions\/4271"}],"up":[{"embeddable":true,"href":"https:\/\/utek.de\/fr\/wp-json\/wp\/v2\/pages\/4258"}],"wp:featuredmedia":[{"embeddable":true,"href":"https:\/\/utek.de\/fr\/wp-json\/wp\/v2\/media\/3901"}],"wp:attachment":[{"href":"https:\/\/utek.de\/fr\/wp-json\/wp\/v2\/media?parent=4267"}],"curies":[{"name":"wp","href":"https:\/\/api.w.org\/{rel}","templated":true}]}}