{"id":4264,"date":"2020-01-20T14:20:36","date_gmt":"2020-01-20T13:20:36","guid":{"rendered":"https:\/\/utek.de\/performances\/engineering-planung\/"},"modified":"2023-10-12T11:11:53","modified_gmt":"2023-10-12T09:11:53","slug":"planification-des-installations","status":"publish","type":"page","link":"https:\/\/utek.de\/fr\/performances\/planification-des-installations\/","title":{"rendered":"Planification des installations"},"content":{"rendered":"<h1>UTEK est minutieux!<\/h1>\n<h2>Une planification qui prend en compte et r\u00e9fl\u00e9chit \u00e0 tous les aspects pertinents.<\/h2>\n<p>Chez UTEK, vous pouvez toujours vous attendre \u00e0 la meilleure ing\u00e9nierie. Nous soutenons votre projet d\u00e8s le d\u00e9but. Aper\u00e7u de nos prestations d&rsquo;ing\u00e9nierie lors de la planification d&rsquo;installations pour vous :<\/p>\n<p><strong>Planification pr\u00e9liminaire (Pre Basic Engineering) et Ing\u00e9nierie des proc\u00e9d\u00e9s (Basic Engineering)<\/strong><\/p>\n<ul>\n<li>R\u00e9alisation de comparaisons de proc\u00e9d\u00e9s pour la s\u00e9lection ou l&rsquo;optimisation de proc\u00e9d\u00e9s de production<\/li>\n<li>Elaboration de concepts de proc\u00e9d\u00e9s et de techniques \u00e9nerg\u00e9tiques<\/li>\n<li>R\u00e9alisation de sch\u00e9mas de base, de proc\u00e9d\u00e9s et de RI (avec Microstation SE ou AutoCAD)<\/li>\n<li>Etablissement de bilans de mati\u00e8re, de masse et d&rsquo;\u00e9nergie, \u00e9ventuellement \u00e0 l&rsquo;aide de simulations de processus (avec ChemCAD ou ASPEN)<\/li>\n<li>Cr\u00e9ation de descriptions d&rsquo;installations et de proc\u00e9d\u00e9s<\/li>\n<li>Conception de machines et d&rsquo;appareils en fonction des proc\u00e9d\u00e9s et des cGMP<\/li>\n<li>Elaboration de sp\u00e9cifications techniques, de fiches techniques et de dessins de demande de tous les \u00e9quipements pour les demandes et les commandes<\/li>\n<\/ul>\n<p><strong>Planification technique d&rsquo;ing\u00e9nierie (ing\u00e9nierie d\u00e9taill\u00e9e)<\/strong><\/p>\n<ul>\n<li>Construction et conception d\u00e9taill\u00e9es en tenant compte\n<ul>\n<li>des normes, codes et standards donn\u00e9s,<\/li>\n<li>des r\u00e9glementations en mati\u00e8re d&rsquo;environnement et de s\u00e9curit\u00e9,<\/li>\n<li>des r\u00e9glementations cGMP,<\/li>\n<li>des exigences en mati\u00e8re de maintenance et d&rsquo;entretien,<\/li>\n<li>de l&rsquo;infrastructure existante (situation sur site)<\/li>\n<li>du dimensionnement des composants standard (par ex. tuyauteries, vannes de r\u00e9gulation, soupapes de s\u00e9curit\u00e9)<\/li>\n<\/ul>\n<\/li>\n<li>l&rsquo;\u00e9laboration des sp\u00e9cifications techniques des fiches techniques<\/li>\n<li>Elaboration des plans de demande de tous les \u00e9quipements pour les demandes et les commandes<\/li>\n<li>R\u00e9alisation de comparaisons d&rsquo;offres techniques (\u00e9laboration d&rsquo;une matrice de d\u00e9cision)<\/li>\n<li>Compilation de la documentation technique conform\u00e9ment aux sp\u00e9cifications du client<\/li>\n<\/ul>\n<p><strong>Surveillance du montage et mise en service, y compris l&rsquo;ing\u00e9nierie de la conformit\u00e9<\/strong><\/p>\n<ul>\n<li>Prise en charge de la surveillance de la construction et du montage<\/li>\n<li>Pr\u00e9paration des r\u00e9ceptions et des inspections (par ex. selon la directive sur les \u00e9quipements sous pression)<\/li>\n<li>Mise en service d&rsquo;installations<\/li>\n<li>R\u00e9alisation de tests d&rsquo;installation, de fonctionnement et de performance<\/li>\n<li>R\u00e9alisation de relev\u00e9s \u00ab\u00a0as built\u00a0\u00bb d&rsquo;installations (partielles) transform\u00e9es ou nouvellement construites.<\/li>\n<\/ul>\n<p>&nbsp;<\/p>\n<p>UTEK est votre partenaire d&rsquo;ing\u00e9nierie comp\u00e9tent \u00e0 chaque \u00e9tape. Mettre en \u0153uvre de nouveaux d\u00e9fis de mani\u00e8re appropri\u00e9e, c&rsquo;est notre force. <strong>N&rsquo;h\u00e9sitez pas \u00e0 nous contacter!<\/strong><\/p>\n ","protected":false},"excerpt":{"rendered":"<p>UTEK est minutieux! Une planification qui prend en compte et r\u00e9fl\u00e9chit \u00e0 tous les aspects pertinents. Chez UTEK, vous pouvez toujours vous attendre \u00e0 la meilleure ing\u00e9nierie. Nous soutenons votre projet d\u00e8s le d\u00e9but. Aper\u00e7u de nos prestations d&rsquo;ing\u00e9nierie lors de la planification d&rsquo;installations pour vous : Planification pr\u00e9liminaire (Pre Basic Engineering) et Ing\u00e9nierie des [&hellip;]<\/p>\n","protected":false},"author":1,"featured_media":2970,"parent":4258,"menu_order":8,"comment_status":"closed","ping_status":"closed","template":"","meta":{"_acf_changed":false,"footnotes":""},"class_list":["post-4264","page","type-page","status-publish","has-post-thumbnail","hentry"],"acf":[],"yoast_head":"<!-- This site is optimized with the Yoast SEO plugin v27.1.1 - https:\/\/yoast.com\/product\/yoast-seo-wordpress\/ -->\n<title>Engineering avec UTEK \u2013 Comp\u00e9tence en mise en \u0153uvre<\/title>\n<meta name=\"description\" content=\"Engineering \u00e0 partir d&#039;un large portefeuille : \u00e9laboration de concepts de proc\u00e9d\u00e9s, de sch\u00e9mas d&#039;\u00e9coulement, de bilans \u00e9nerg\u00e9tiques, \u2026\" \/>\n<meta name=\"robots\" content=\"index, follow, max-snippet:-1, max-image-preview:large, max-video-preview:-1\" \/>\n<link rel=\"canonical\" href=\"https:\/\/utek.de\/fr\/performances\/planification-des-installations\/\" \/>\n<meta property=\"og:locale\" content=\"fr_FR\" \/>\n<meta property=\"og:type\" content=\"article\" \/>\n<meta property=\"og:title\" content=\"Engineering avec UTEK \u2013 Comp\u00e9tence en mise en \u0153uvre\" \/>\n<meta property=\"og:description\" content=\"Engineering \u00e0 partir d&#039;un large portefeuille : \u00e9laboration de concepts de proc\u00e9d\u00e9s, de sch\u00e9mas d&#039;\u00e9coulement, de bilans \u00e9nerg\u00e9tiques, \u2026\" \/>\n<meta property=\"og:url\" content=\"https:\/\/utek.de\/fr\/performances\/planification-des-installations\/\" \/>\n<meta property=\"og:site_name\" content=\"utek\" \/>\n<meta property=\"article:modified_time\" content=\"2023-10-12T09:11:53+00:00\" \/>\n<meta property=\"og:image\" content=\"https:\/\/utek.de\/wp-content\/uploads\/2020\/02\/utek-dortmund-philosophie-ingenieurdienstleistungen-engineering.jpg\" \/>\n\t<meta property=\"og:image:width\" content=\"2560\" \/>\n\t<meta property=\"og:image:height\" content=\"848\" \/>\n\t<meta property=\"og:image:type\" content=\"image\/jpeg\" \/>\n<meta name=\"twitter:card\" content=\"summary_large_image\" \/>\n<meta name=\"twitter:label1\" content=\"Dur\u00e9e de lecture estim\u00e9e\" \/>\n\t<meta name=\"twitter:data1\" content=\"2 minutes\" \/>\n<script type=\"application\/ld+json\" class=\"yoast-schema-graph\">{\"@context\":\"https:\/\/schema.org\",\"@graph\":[{\"@type\":\"WebPage\",\"@id\":\"https:\/\/utek.de\/fr\/performances\/planification-des-installations\/\",\"url\":\"https:\/\/utek.de\/fr\/performances\/planification-des-installations\/\",\"name\":\"Engineering avec UTEK \u2013 Comp\u00e9tence en mise en \u0153uvre\",\"isPartOf\":{\"@id\":\"https:\/\/utek.de\/fr\/#website\"},\"primaryImageOfPage\":{\"@id\":\"https:\/\/utek.de\/fr\/performances\/planification-des-installations\/#primaryimage\"},\"image\":{\"@id\":\"https:\/\/utek.de\/fr\/performances\/planification-des-installations\/#primaryimage\"},\"thumbnailUrl\":\"https:\/\/utek.de\/wp-content\/uploads\/2020\/02\/utek-dortmund-philosophie-ingenieurdienstleistungen-engineering.jpg\",\"datePublished\":\"2020-01-20T13:20:36+00:00\",\"dateModified\":\"2023-10-12T09:11:53+00:00\",\"description\":\"Engineering \u00e0 partir d'un large portefeuille : \u00e9laboration de concepts de proc\u00e9d\u00e9s, de sch\u00e9mas d'\u00e9coulement, de bilans \u00e9nerg\u00e9tiques, \u2026\",\"breadcrumb\":{\"@id\":\"https:\/\/utek.de\/fr\/performances\/planification-des-installations\/#breadcrumb\"},\"inLanguage\":\"fr-FR\",\"potentialAction\":[{\"@type\":\"ReadAction\",\"target\":[\"https:\/\/utek.de\/fr\/performances\/planification-des-installations\/\"]}]},{\"@type\":\"ImageObject\",\"inLanguage\":\"fr-FR\",\"@id\":\"https:\/\/utek.de\/fr\/performances\/planification-des-installations\/#primaryimage\",\"url\":\"https:\/\/utek.de\/wp-content\/uploads\/2020\/02\/utek-dortmund-philosophie-ingenieurdienstleistungen-engineering.jpg\",\"contentUrl\":\"https:\/\/utek.de\/wp-content\/uploads\/2020\/02\/utek-dortmund-philosophie-ingenieurdienstleistungen-engineering.jpg\",\"width\":2560,\"height\":848},{\"@type\":\"BreadcrumbList\",\"@id\":\"https:\/\/utek.de\/fr\/performances\/planification-des-installations\/#breadcrumb\",\"itemListElement\":[{\"@type\":\"ListItem\",\"position\":1,\"name\":\"Startseite\",\"item\":\"https:\/\/utek.de\/fr\/\"},{\"@type\":\"ListItem\",\"position\":2,\"name\":\"Performances\",\"item\":\"https:\/\/utek.de\/fr\/performances\/\"},{\"@type\":\"ListItem\",\"position\":3,\"name\":\"Planification des installations\"}]},{\"@type\":\"WebSite\",\"@id\":\"https:\/\/utek.de\/fr\/#website\",\"url\":\"https:\/\/utek.de\/fr\/\",\"name\":\"utek\",\"description\":\"\",\"potentialAction\":[{\"@type\":\"SearchAction\",\"target\":{\"@type\":\"EntryPoint\",\"urlTemplate\":\"https:\/\/utek.de\/fr\/?s={search_term_string}\"},\"query-input\":{\"@type\":\"PropertyValueSpecification\",\"valueRequired\":true,\"valueName\":\"search_term_string\"}}],\"inLanguage\":\"fr-FR\"}]}<\/script>\n<!-- \/ Yoast SEO plugin. -->","yoast_head_json":{"title":"Engineering avec UTEK \u2013 Comp\u00e9tence en mise en \u0153uvre","description":"Engineering \u00e0 partir d'un large portefeuille : \u00e9laboration de concepts de proc\u00e9d\u00e9s, de sch\u00e9mas d'\u00e9coulement, de bilans \u00e9nerg\u00e9tiques, \u2026","robots":{"index":"index","follow":"follow","max-snippet":"max-snippet:-1","max-image-preview":"max-image-preview:large","max-video-preview":"max-video-preview:-1"},"canonical":"https:\/\/utek.de\/fr\/performances\/planification-des-installations\/","og_locale":"fr_FR","og_type":"article","og_title":"Engineering avec UTEK \u2013 Comp\u00e9tence en mise en \u0153uvre","og_description":"Engineering \u00e0 partir d'un large portefeuille : \u00e9laboration de concepts de proc\u00e9d\u00e9s, de sch\u00e9mas d'\u00e9coulement, de bilans \u00e9nerg\u00e9tiques, \u2026","og_url":"https:\/\/utek.de\/fr\/performances\/planification-des-installations\/","og_site_name":"utek","article_modified_time":"2023-10-12T09:11:53+00:00","og_image":[{"width":2560,"height":848,"url":"https:\/\/utek.de\/wp-content\/uploads\/2020\/02\/utek-dortmund-philosophie-ingenieurdienstleistungen-engineering.jpg","type":"image\/jpeg"}],"twitter_card":"summary_large_image","twitter_misc":{"Dur\u00e9e de lecture estim\u00e9e":"2 minutes"},"schema":{"@context":"https:\/\/schema.org","@graph":[{"@type":"WebPage","@id":"https:\/\/utek.de\/fr\/performances\/planification-des-installations\/","url":"https:\/\/utek.de\/fr\/performances\/planification-des-installations\/","name":"Engineering avec UTEK \u2013 Comp\u00e9tence en mise en \u0153uvre","isPartOf":{"@id":"https:\/\/utek.de\/fr\/#website"},"primaryImageOfPage":{"@id":"https:\/\/utek.de\/fr\/performances\/planification-des-installations\/#primaryimage"},"image":{"@id":"https:\/\/utek.de\/fr\/performances\/planification-des-installations\/#primaryimage"},"thumbnailUrl":"https:\/\/utek.de\/wp-content\/uploads\/2020\/02\/utek-dortmund-philosophie-ingenieurdienstleistungen-engineering.jpg","datePublished":"2020-01-20T13:20:36+00:00","dateModified":"2023-10-12T09:11:53+00:00","description":"Engineering \u00e0 partir d'un large portefeuille : \u00e9laboration de concepts de proc\u00e9d\u00e9s, de sch\u00e9mas d'\u00e9coulement, de bilans \u00e9nerg\u00e9tiques, \u2026","breadcrumb":{"@id":"https:\/\/utek.de\/fr\/performances\/planification-des-installations\/#breadcrumb"},"inLanguage":"fr-FR","potentialAction":[{"@type":"ReadAction","target":["https:\/\/utek.de\/fr\/performances\/planification-des-installations\/"]}]},{"@type":"ImageObject","inLanguage":"fr-FR","@id":"https:\/\/utek.de\/fr\/performances\/planification-des-installations\/#primaryimage","url":"https:\/\/utek.de\/wp-content\/uploads\/2020\/02\/utek-dortmund-philosophie-ingenieurdienstleistungen-engineering.jpg","contentUrl":"https:\/\/utek.de\/wp-content\/uploads\/2020\/02\/utek-dortmund-philosophie-ingenieurdienstleistungen-engineering.jpg","width":2560,"height":848},{"@type":"BreadcrumbList","@id":"https:\/\/utek.de\/fr\/performances\/planification-des-installations\/#breadcrumb","itemListElement":[{"@type":"ListItem","position":1,"name":"Startseite","item":"https:\/\/utek.de\/fr\/"},{"@type":"ListItem","position":2,"name":"Performances","item":"https:\/\/utek.de\/fr\/performances\/"},{"@type":"ListItem","position":3,"name":"Planification des installations"}]},{"@type":"WebSite","@id":"https:\/\/utek.de\/fr\/#website","url":"https:\/\/utek.de\/fr\/","name":"utek","description":"","potentialAction":[{"@type":"SearchAction","target":{"@type":"EntryPoint","urlTemplate":"https:\/\/utek.de\/fr\/?s={search_term_string}"},"query-input":{"@type":"PropertyValueSpecification","valueRequired":true,"valueName":"search_term_string"}}],"inLanguage":"fr-FR"}]}},"_links":{"self":[{"href":"https:\/\/utek.de\/fr\/wp-json\/wp\/v2\/pages\/4264","targetHints":{"allow":["GET"]}}],"collection":[{"href":"https:\/\/utek.de\/fr\/wp-json\/wp\/v2\/pages"}],"about":[{"href":"https:\/\/utek.de\/fr\/wp-json\/wp\/v2\/types\/page"}],"author":[{"embeddable":true,"href":"https:\/\/utek.de\/fr\/wp-json\/wp\/v2\/users\/1"}],"replies":[{"embeddable":true,"href":"https:\/\/utek.de\/fr\/wp-json\/wp\/v2\/comments?post=4264"}],"version-history":[{"count":2,"href":"https:\/\/utek.de\/fr\/wp-json\/wp\/v2\/pages\/4264\/revisions"}],"predecessor-version":[{"id":4266,"href":"https:\/\/utek.de\/fr\/wp-json\/wp\/v2\/pages\/4264\/revisions\/4266"}],"up":[{"embeddable":true,"href":"https:\/\/utek.de\/fr\/wp-json\/wp\/v2\/pages\/4258"}],"wp:featuredmedia":[{"embeddable":true,"href":"https:\/\/utek.de\/fr\/wp-json\/wp\/v2\/media\/2970"}],"wp:attachment":[{"href":"https:\/\/utek.de\/fr\/wp-json\/wp\/v2\/media?parent=4264"}],"curies":[{"name":"wp","href":"https:\/\/api.w.org\/{rel}","templated":true}]}}