{"id":4261,"date":"2020-01-20T14:21:43","date_gmt":"2020-01-20T13:21:43","guid":{"rendered":"https:\/\/utek.de\/performances\/prozessautomation\/"},"modified":"2023-10-12T11:03:32","modified_gmt":"2023-10-12T09:03:32","slug":"automatisation-des-processus","status":"publish","type":"page","link":"https:\/\/utek.de\/fr\/performances\/automatisation-des-processus\/","title":{"rendered":"Automatisation des processus"},"content":{"rendered":"<h1>Ing\u00e9nierie pour une meilleure efficacit\u00e9<\/h1>\n<h2>Utilisation optimale des ressources gr\u00e2ce \u00e0 l&rsquo;automatisation des processus<\/h2>\n<p>Dans le cadre de l&rsquo;automatisation des processus UTEK, chaque probl\u00e8me est trait\u00e9 de mani\u00e8re \u00e0 obtenir la solution la meilleure, la plus s\u00fbre et la plus rentable pour vous.<\/p>\n<h3>Aper\u00e7u de nos prestations d&rsquo;ing\u00e9nierie en mati\u00e8re d&rsquo;automatisation des processus :<\/h3>\n<p><strong>Conseil &#8211; Avant-projet\/calcul des co\u00fbts\/planification des d\u00e9lais<\/strong><\/p>\n<ul>\n<li>Traitement des organigrammes RI en collaboration avec l&rsquo;ing\u00e9nierie des proc\u00e9d\u00e9s<\/li>\n<li>\u00c9tablissement de la liste des postes RME<\/li>\n<li>D\u00e9finition du concept d&rsquo;automatisation<\/li>\n<li>Pr\u00e9-calcul des co\u00fbts de planification\/d&rsquo;appareils\/de mat\u00e9riel et de montage<\/li>\n<\/ul>\n<p><strong>Planification de l&rsquo;ing\u00e9nierie des proc\u00e9d\u00e9s (ing\u00e9nierie de base)<\/strong><\/p>\n<ul>\n<li>D\u00e9termination de la technique des appareils EMR\/d\u00e9termination des appareils de mesure<\/li>\n<li>Etablissement des fiches de poste EMR et des fiches de poste consommateur<\/li>\n<li>Calcul des besoins en \u00e9nergie<\/li>\n<li>D\u00e9finir les normes de montage<\/li>\n<li>D\u00e9finir les types de protection Ex<\/li>\n<li>Concevoir des salles de contr\u00f4le et de mesure<\/li>\n<li>Cr\u00e9er des listes d&rsquo;affectation des signaux pour les API et les UCP<\/li>\n<li>Cr\u00e9er des descriptions de d\u00e9roulement pour les syst\u00e8mes d&rsquo;automatisation (cahier des charges)<\/li>\n<li>Traitement de documents de demande\/comparaison d&rsquo;offres<\/li>\n<\/ul>\n<p><strong>Planification technique d&rsquo;ing\u00e9nierie (ing\u00e9nierie d\u00e9taill\u00e9e)<\/strong><\/p>\n<ul>\n<li>Planification d&rsquo;armoires \u00e9lectriques<\/li>\n<li>Cr\u00e9ation de listes de c\u00e2bles, de listes de man\u0153uvre<\/li>\n<li>Cr\u00e9ation de sch\u00e9mas de c\u00e2blage g\u00e9n\u00e9raux<\/li>\n<li>Planification des installations d&rsquo;entra\u00eenement, d&rsquo;\u00e9clairage et de distribution de terrain<\/li>\n<li>Planification du circuit de puissance et des postes EMR<\/li>\n<li>Documenter les r\u00e9partitions de force<\/li>\n<li>\u00c9tablir des listes d&rsquo;affectation de la distribution de force et des documents de contr\u00f4le<\/li>\n<li>Etablissement de listes d&rsquo;occupation des r\u00e9partiteurs de terrain et des armoires d&rsquo;appareillage<\/li>\n<li>R\u00e9pertoire de la documentation<\/li>\n<li>Compilation de la documentation de transfert<\/li>\n<\/ul>\n<p><strong>Surveillance du montage et mise en service<\/strong><\/p>\n<ul>\n<li>Surveillance du montage et des r\u00e9ceptions<\/li>\n<li>Contr\u00f4le de boucle\/tests de fonctionnement<\/li>\n<li>Param\u00e9trage et mise en service des appareils de mesure<\/li>\n<li>V\u00e9rification du fonctionnement du logiciel d&rsquo;application API\/UCP<\/li>\n<li>Assistance lors de la mise en service ; instruction du personnel d&rsquo;exploitation<\/li>\n<li>Mise \u00e0 jour de la documentation<\/li>\n<li>Optimisation de l&rsquo;installation<\/li>\n<\/ul>\n<p><strong>Migration des syst\u00e8mes de contr\u00f4le des processus<\/strong><\/p>\n<ul>\n<li>Planification du remplacement des automates existants obsol\u00e8tes (AEG A400) par des syst\u00e8mes de contr\u00f4le des processus PCS7 dans les installations de production et d&#8217;embouteillage.<\/li>\n<\/ul>\n<p>&nbsp;<\/p>\n<p><em>La soci\u00e9t\u00e9 UTEK Gesellschaft f\u00fcr Prozessautomation est une entreprise s\u0153ur du bureau d&rsquo;ing\u00e9nieurs UTEK. Cela se refl\u00e8te dans la couleur du logo. Le copropri\u00e9taire et directeur de la soci\u00e9t\u00e9 est Uwe Marschner, les autres copropri\u00e9taires sont les associ\u00e9s du bureau d&rsquo;\u00e9tudes UTEK, pour lesquels Martin Tump assume les fonctions de directeur.<\/em><\/p>\n ","protected":false},"excerpt":{"rendered":"<p>Ing\u00e9nierie pour une meilleure efficacit\u00e9 Utilisation optimale des ressources gr\u00e2ce \u00e0 l&rsquo;automatisation des processus Dans le cadre de l&rsquo;automatisation des processus UTEK, chaque probl\u00e8me est trait\u00e9 de mani\u00e8re \u00e0 obtenir la solution la meilleure, la plus s\u00fbre et la plus rentable pour vous. Aper\u00e7u de nos prestations d&rsquo;ing\u00e9nierie en mati\u00e8re d&rsquo;automatisation des processus : Conseil [&hellip;]<\/p>\n","protected":false},"author":1,"featured_media":3951,"parent":4258,"menu_order":9,"comment_status":"closed","ping_status":"closed","template":"","meta":{"_acf_changed":false,"footnotes":""},"class_list":["post-4261","page","type-page","status-publish","has-post-thumbnail","hentry"],"acf":[],"yoast_head":"<!-- This site is optimized with the Yoast SEO plugin v27.1.1 - https:\/\/yoast.com\/product\/yoast-seo-wordpress\/ -->\n<title>Automatisation des processus \u2013 UTEK bureau d\u00b4ing\u00e9nieurs<\/title>\n<meta name=\"description\" content=\"Conseil avant-projet, planification des proc\u00e9d\u00e9s et de l&#039;ing\u00e9nierie, surveillance du montage et mise en service, migration de syst\u00e8mes\" \/>\n<meta name=\"robots\" content=\"index, follow, max-snippet:-1, max-image-preview:large, max-video-preview:-1\" \/>\n<link rel=\"canonical\" href=\"https:\/\/utek.de\/fr\/performances\/automatisation-des-processus\/\" \/>\n<meta property=\"og:locale\" content=\"fr_FR\" \/>\n<meta property=\"og:type\" content=\"article\" \/>\n<meta property=\"og:title\" content=\"Automatisation des processus \u2013 UTEK bureau d\u00b4ing\u00e9nieurs\" \/>\n<meta property=\"og:description\" content=\"Conseil avant-projet, planification des proc\u00e9d\u00e9s et de l&#039;ing\u00e9nierie, surveillance du montage et mise en service, migration de syst\u00e8mes\" \/>\n<meta property=\"og:url\" content=\"https:\/\/utek.de\/fr\/performances\/automatisation-des-processus\/\" \/>\n<meta property=\"og:site_name\" content=\"utek\" \/>\n<meta property=\"article:modified_time\" content=\"2023-10-12T09:03:32+00:00\" \/>\n<meta property=\"og:image\" content=\"https:\/\/utek.de\/wp-content\/uploads\/2021\/11\/ingenieurbuero-utek-prozessautomation.jpg\" \/>\n\t<meta property=\"og:image:width\" content=\"640\" \/>\n\t<meta property=\"og:image:height\" content=\"427\" \/>\n\t<meta property=\"og:image:type\" content=\"image\/jpeg\" \/>\n<meta name=\"twitter:card\" content=\"summary_large_image\" \/>\n<meta name=\"twitter:label1\" content=\"Dur\u00e9e de lecture estim\u00e9e\" \/>\n\t<meta name=\"twitter:data1\" content=\"3 minutes\" \/>\n<script type=\"application\/ld+json\" class=\"yoast-schema-graph\">{\"@context\":\"https:\/\/schema.org\",\"@graph\":[{\"@type\":\"WebPage\",\"@id\":\"https:\/\/utek.de\/fr\/performances\/automatisation-des-processus\/\",\"url\":\"https:\/\/utek.de\/fr\/performances\/automatisation-des-processus\/\",\"name\":\"Automatisation des processus \u2013 UTEK bureau d\u00b4ing\u00e9nieurs\",\"isPartOf\":{\"@id\":\"https:\/\/utek.de\/fr\/#website\"},\"primaryImageOfPage\":{\"@id\":\"https:\/\/utek.de\/fr\/performances\/automatisation-des-processus\/#primaryimage\"},\"image\":{\"@id\":\"https:\/\/utek.de\/fr\/performances\/automatisation-des-processus\/#primaryimage\"},\"thumbnailUrl\":\"https:\/\/utek.de\/wp-content\/uploads\/2021\/11\/ingenieurbuero-utek-prozessautomation.jpg\",\"datePublished\":\"2020-01-20T13:21:43+00:00\",\"dateModified\":\"2023-10-12T09:03:32+00:00\",\"description\":\"Conseil avant-projet, planification des proc\u00e9d\u00e9s et de l'ing\u00e9nierie, surveillance du montage et mise en service, migration de syst\u00e8mes\",\"breadcrumb\":{\"@id\":\"https:\/\/utek.de\/fr\/performances\/automatisation-des-processus\/#breadcrumb\"},\"inLanguage\":\"fr-FR\",\"potentialAction\":[{\"@type\":\"ReadAction\",\"target\":[\"https:\/\/utek.de\/fr\/performances\/automatisation-des-processus\/\"]}]},{\"@type\":\"ImageObject\",\"inLanguage\":\"fr-FR\",\"@id\":\"https:\/\/utek.de\/fr\/performances\/automatisation-des-processus\/#primaryimage\",\"url\":\"https:\/\/utek.de\/wp-content\/uploads\/2021\/11\/ingenieurbuero-utek-prozessautomation.jpg\",\"contentUrl\":\"https:\/\/utek.de\/wp-content\/uploads\/2021\/11\/ingenieurbuero-utek-prozessautomation.jpg\",\"width\":640,\"height\":427},{\"@type\":\"BreadcrumbList\",\"@id\":\"https:\/\/utek.de\/fr\/performances\/automatisation-des-processus\/#breadcrumb\",\"itemListElement\":[{\"@type\":\"ListItem\",\"position\":1,\"name\":\"Startseite\",\"item\":\"https:\/\/utek.de\/fr\/\"},{\"@type\":\"ListItem\",\"position\":2,\"name\":\"Performances\",\"item\":\"https:\/\/utek.de\/fr\/performances\/\"},{\"@type\":\"ListItem\",\"position\":3,\"name\":\"Automatisation des processus\"}]},{\"@type\":\"WebSite\",\"@id\":\"https:\/\/utek.de\/fr\/#website\",\"url\":\"https:\/\/utek.de\/fr\/\",\"name\":\"utek\",\"description\":\"\",\"potentialAction\":[{\"@type\":\"SearchAction\",\"target\":{\"@type\":\"EntryPoint\",\"urlTemplate\":\"https:\/\/utek.de\/fr\/?s={search_term_string}\"},\"query-input\":{\"@type\":\"PropertyValueSpecification\",\"valueRequired\":true,\"valueName\":\"search_term_string\"}}],\"inLanguage\":\"fr-FR\"}]}<\/script>\n<!-- \/ Yoast SEO plugin. -->","yoast_head_json":{"title":"Automatisation des processus \u2013 UTEK bureau d\u00b4ing\u00e9nieurs","description":"Conseil avant-projet, planification des proc\u00e9d\u00e9s et de l'ing\u00e9nierie, surveillance du montage et mise en service, migration de syst\u00e8mes","robots":{"index":"index","follow":"follow","max-snippet":"max-snippet:-1","max-image-preview":"max-image-preview:large","max-video-preview":"max-video-preview:-1"},"canonical":"https:\/\/utek.de\/fr\/performances\/automatisation-des-processus\/","og_locale":"fr_FR","og_type":"article","og_title":"Automatisation des processus \u2013 UTEK bureau d\u00b4ing\u00e9nieurs","og_description":"Conseil avant-projet, planification des proc\u00e9d\u00e9s et de l'ing\u00e9nierie, surveillance du montage et mise en service, migration de syst\u00e8mes","og_url":"https:\/\/utek.de\/fr\/performances\/automatisation-des-processus\/","og_site_name":"utek","article_modified_time":"2023-10-12T09:03:32+00:00","og_image":[{"width":640,"height":427,"url":"https:\/\/utek.de\/wp-content\/uploads\/2021\/11\/ingenieurbuero-utek-prozessautomation.jpg","type":"image\/jpeg"}],"twitter_card":"summary_large_image","twitter_misc":{"Dur\u00e9e de lecture estim\u00e9e":"3 minutes"},"schema":{"@context":"https:\/\/schema.org","@graph":[{"@type":"WebPage","@id":"https:\/\/utek.de\/fr\/performances\/automatisation-des-processus\/","url":"https:\/\/utek.de\/fr\/performances\/automatisation-des-processus\/","name":"Automatisation des processus \u2013 UTEK bureau d\u00b4ing\u00e9nieurs","isPartOf":{"@id":"https:\/\/utek.de\/fr\/#website"},"primaryImageOfPage":{"@id":"https:\/\/utek.de\/fr\/performances\/automatisation-des-processus\/#primaryimage"},"image":{"@id":"https:\/\/utek.de\/fr\/performances\/automatisation-des-processus\/#primaryimage"},"thumbnailUrl":"https:\/\/utek.de\/wp-content\/uploads\/2021\/11\/ingenieurbuero-utek-prozessautomation.jpg","datePublished":"2020-01-20T13:21:43+00:00","dateModified":"2023-10-12T09:03:32+00:00","description":"Conseil avant-projet, planification des proc\u00e9d\u00e9s et de l'ing\u00e9nierie, surveillance du montage et mise en service, migration de syst\u00e8mes","breadcrumb":{"@id":"https:\/\/utek.de\/fr\/performances\/automatisation-des-processus\/#breadcrumb"},"inLanguage":"fr-FR","potentialAction":[{"@type":"ReadAction","target":["https:\/\/utek.de\/fr\/performances\/automatisation-des-processus\/"]}]},{"@type":"ImageObject","inLanguage":"fr-FR","@id":"https:\/\/utek.de\/fr\/performances\/automatisation-des-processus\/#primaryimage","url":"https:\/\/utek.de\/wp-content\/uploads\/2021\/11\/ingenieurbuero-utek-prozessautomation.jpg","contentUrl":"https:\/\/utek.de\/wp-content\/uploads\/2021\/11\/ingenieurbuero-utek-prozessautomation.jpg","width":640,"height":427},{"@type":"BreadcrumbList","@id":"https:\/\/utek.de\/fr\/performances\/automatisation-des-processus\/#breadcrumb","itemListElement":[{"@type":"ListItem","position":1,"name":"Startseite","item":"https:\/\/utek.de\/fr\/"},{"@type":"ListItem","position":2,"name":"Performances","item":"https:\/\/utek.de\/fr\/performances\/"},{"@type":"ListItem","position":3,"name":"Automatisation des processus"}]},{"@type":"WebSite","@id":"https:\/\/utek.de\/fr\/#website","url":"https:\/\/utek.de\/fr\/","name":"utek","description":"","potentialAction":[{"@type":"SearchAction","target":{"@type":"EntryPoint","urlTemplate":"https:\/\/utek.de\/fr\/?s={search_term_string}"},"query-input":{"@type":"PropertyValueSpecification","valueRequired":true,"valueName":"search_term_string"}}],"inLanguage":"fr-FR"}]}},"_links":{"self":[{"href":"https:\/\/utek.de\/fr\/wp-json\/wp\/v2\/pages\/4261","targetHints":{"allow":["GET"]}}],"collection":[{"href":"https:\/\/utek.de\/fr\/wp-json\/wp\/v2\/pages"}],"about":[{"href":"https:\/\/utek.de\/fr\/wp-json\/wp\/v2\/types\/page"}],"author":[{"embeddable":true,"href":"https:\/\/utek.de\/fr\/wp-json\/wp\/v2\/users\/1"}],"replies":[{"embeddable":true,"href":"https:\/\/utek.de\/fr\/wp-json\/wp\/v2\/comments?post=4261"}],"version-history":[{"count":2,"href":"https:\/\/utek.de\/fr\/wp-json\/wp\/v2\/pages\/4261\/revisions"}],"predecessor-version":[{"id":4263,"href":"https:\/\/utek.de\/fr\/wp-json\/wp\/v2\/pages\/4261\/revisions\/4263"}],"up":[{"embeddable":true,"href":"https:\/\/utek.de\/fr\/wp-json\/wp\/v2\/pages\/4258"}],"wp:featuredmedia":[{"embeddable":true,"href":"https:\/\/utek.de\/fr\/wp-json\/wp\/v2\/media\/3951"}],"wp:attachment":[{"href":"https:\/\/utek.de\/fr\/wp-json\/wp\/v2\/media?parent=4261"}],"curies":[{"name":"wp","href":"https:\/\/api.w.org\/{rel}","templated":true}]}}