{"id":4258,"date":"2020-01-20T14:18:02","date_gmt":"2020-01-20T13:18:02","guid":{"rendered":"https:\/\/utek.de\/leistungen\/"},"modified":"2023-10-12T10:54:21","modified_gmt":"2023-10-12T08:54:21","slug":"performances","status":"publish","type":"page","link":"https:\/\/utek.de\/fr\/performances\/","title":{"rendered":"Performances"},"content":{"rendered":"<h1>R\u00e9aliser le progr\u00e8s, minimiser les risques<\/h1>\n<h2>Services d&rsquo;ing\u00e9nierie pour les entreprises de l&rsquo;industrie chimique et pharmaceutique ainsi que pour la construction d&rsquo;installations.<\/h2>\n<p>Un plus pour un temps ou pour longtemps. Le bureau d&rsquo;\u00e9tudes UTEK propose des services d&rsquo;ing\u00e9nierie dans les domaines de travail suivants :<\/p>\n<h3><a href=\"https:\/\/utek.de\/leistungen\/engineering-planung\/\"><span style=\"color: #afcb07;\"><img loading=\"lazy\" decoding=\"async\" class=\"alignnone size-full wp-image-382 mr-2\" src=\"\/wp-content\/uploads\/2020\/01\/Planung.png\" alt=\"\" width=\"30\" height=\"30\" \/>Engineering\/Planification<\/span><\/a><\/h3>\n<p>Ing\u00e9nierie pr\u00e9liminaire (Pre Basic Engineering) et ing\u00e9nierie des proc\u00e9d\u00e9s<br \/>\n(Basic Engineering), planification technique (Detail Engineering), surveillance du montage et mise en service, y compris Compliance Engineering<\/p>\n<h3><a href=\"https:\/\/utek.de\/leistungen\/prozessautomation\/\"><span style=\"color: #ff820c;\"><img loading=\"lazy\" decoding=\"async\" class=\"alignnone size-full wp-image-375 mr-2\" src=\"\/wp-content\/uploads\/2020\/02\/Icon_Prozessautomation.png\" alt=\"\" width=\"30\" height=\"30\" \/>Automatisation des processus<\/span><\/a><\/h3>\n<p>Conseil &#8211; avant-projet\/calcul des co\u00fbts\/planification des d\u00e9lais, planification des proc\u00e9d\u00e9s (ing\u00e9nierie de base), planification de l&rsquo;ing\u00e9nierie (ing\u00e9nierie de d\u00e9tail)<\/p>\n<h3><a href=\"https:\/\/utek.de\/leistungen\/compliance-engineering\/\"><span style=\"color: #afcb07;\"><img loading=\"lazy\" decoding=\"async\" class=\"alignnone size-full wp-image-373 mr-2\" src=\"\/wp-content\/uploads\/2020\/01\/Icon-Compliance-Engineering.png\" alt=\"\" width=\"30\" height=\"30\" \/>Compliance Engineering<\/span><\/a><\/h3>\n<p>R\u00e9alisation de HAZOPs\/PAAGs, \u00e9laboration de documents d&rsquo;autorisation (par ex. selon BImSchG et BetrSichV), \u00e9laboration de documentations d&rsquo;installations AwSV, pr\u00e9paration de concepts de protection contre les explosions et conseil sur d&rsquo;autres th\u00e8mes pertinents<\/p>\n<h3><a href=\"https:\/\/utek.de\/leistungen\/qualifizierung-pharmazeutischer-anlagen\/\"><span style=\"color: #afcb07;\"><img loading=\"lazy\" decoding=\"async\" class=\"alignnone size-full wp-image-373 mr-2\" src=\"\/wp-content\/uploads\/2020\/01\/Validierung.png\" alt=\"\" width=\"30\" height=\"30\" \/>Qualification\/Validation<\/span><\/a><\/h3>\n<p>Mise en \u0153uvre des exigences cGMP dans la conception de l&rsquo;installation (ing\u00e9nierie de base et de d\u00e9tail), documents de qualification selon les Standard Operating Procedures (SOP), prestations suppl\u00e9mentaires pour la mise en \u0153uvre des directives cGMP dans la documentation et plus encore<\/p>\n<h3><a href=\"https:\/\/utek.de\/leistungen\/instandhaltung\/\"><span style=\"color: #afcb07;\"><img loading=\"lazy\" decoding=\"async\" class=\"alignnone size-full wp-image-374 mr-2\" src=\"\/wp-content\/uploads\/2020\/01\/Icon-Instandhaltungsplanung.png\" alt=\"\" width=\"30\" height=\"30\" \/>Planification de la maintenance<\/span><\/a><\/h3>\n<p>Organisation d&rsquo;une maintenance r\u00e9guli\u00e8re, \u00ab\u00a0planification de la maintenance\u00a0\u00bb avec le module SAP PM, syst\u00e8mes informatiques, syst\u00e8mes de gestion dans la maintenance<\/p>\n ","protected":false},"excerpt":{"rendered":"<p>R\u00e9aliser le progr\u00e8s, minimiser les risques Services d&rsquo;ing\u00e9nierie pour les entreprises de l&rsquo;industrie chimique et pharmaceutique ainsi que pour la construction d&rsquo;installations. Un plus pour un temps ou pour longtemps. Le bureau d&rsquo;\u00e9tudes UTEK propose des services d&rsquo;ing\u00e9nierie dans les domaines de travail suivants : Engineering\/Planification Ing\u00e9nierie pr\u00e9liminaire (Pre Basic Engineering) et ing\u00e9nierie des proc\u00e9d\u00e9s [&hellip;]<\/p>\n","protected":false},"author":1,"featured_media":4730,"parent":0,"menu_order":7,"comment_status":"closed","ping_status":"closed","template":"","meta":{"_acf_changed":false,"footnotes":""},"class_list":["post-4258","page","type-page","status-publish","has-post-thumbnail","hentry"],"acf":[],"yoast_head":"<!-- This site is optimized with the Yoast SEO plugin v27.1.1 - https:\/\/yoast.com\/product\/yoast-seo-wordpress\/ -->\n<title>UTEK services d&#039;ing\u00e9nierie pour l\u00b4industrie chimique et pharma.<\/title>\n<meta name=\"description\" content=\"Services d&#039;ing\u00e9nierie tels que l&#039;automatisation des processus, l&#039;ing\u00e9nierie de la conformit\u00e9 et la planification\" \/>\n<meta name=\"robots\" content=\"index, follow, max-snippet:-1, max-image-preview:large, max-video-preview:-1\" \/>\n<link rel=\"canonical\" href=\"https:\/\/utek.de\/fr\/performances\/\" \/>\n<meta property=\"og:locale\" content=\"fr_FR\" \/>\n<meta property=\"og:type\" content=\"article\" \/>\n<meta property=\"og:title\" content=\"UTEK services d&#039;ing\u00e9nierie pour l\u00b4industrie chimique et pharma.\" \/>\n<meta property=\"og:description\" content=\"Services d&#039;ing\u00e9nierie tels que l&#039;automatisation des processus, l&#039;ing\u00e9nierie de la conformit\u00e9 et la planification\" \/>\n<meta property=\"og:url\" content=\"https:\/\/utek.de\/fr\/performances\/\" \/>\n<meta property=\"og:site_name\" content=\"utek\" \/>\n<meta property=\"article:modified_time\" content=\"2023-10-12T08:54:21+00:00\" \/>\n<meta property=\"og:image\" content=\"https:\/\/utek.de\/wp-content\/uploads\/2020\/02\/utek-leistungen-startseite-ingenieurdienstleistungen.jpg\" \/>\n\t<meta property=\"og:image:width\" content=\"2560\" \/>\n\t<meta property=\"og:image:height\" content=\"848\" \/>\n\t<meta property=\"og:image:type\" content=\"image\/jpeg\" \/>\n<meta name=\"twitter:card\" content=\"summary_large_image\" \/>\n<meta name=\"twitter:label1\" content=\"Dur\u00e9e de lecture estim\u00e9e\" \/>\n\t<meta name=\"twitter:data1\" content=\"3 minutes\" \/>\n<script type=\"application\/ld+json\" class=\"yoast-schema-graph\">{\"@context\":\"https:\/\/schema.org\",\"@graph\":[{\"@type\":\"WebPage\",\"@id\":\"https:\/\/utek.de\/fr\/performances\/\",\"url\":\"https:\/\/utek.de\/fr\/performances\/\",\"name\":\"UTEK services d'ing\u00e9nierie pour l\u00b4industrie chimique et pharma.\",\"isPartOf\":{\"@id\":\"https:\/\/utek.de\/fr\/#website\"},\"primaryImageOfPage\":{\"@id\":\"https:\/\/utek.de\/fr\/performances\/#primaryimage\"},\"image\":{\"@id\":\"https:\/\/utek.de\/fr\/performances\/#primaryimage\"},\"thumbnailUrl\":\"https:\/\/utek.de\/wp-content\/uploads\/2024\/03\/utek-leistungen-startseite-ingenieurdienstleistungen.webp\",\"datePublished\":\"2020-01-20T13:18:02+00:00\",\"dateModified\":\"2023-10-12T08:54:21+00:00\",\"description\":\"Services d'ing\u00e9nierie tels que l'automatisation des processus, l'ing\u00e9nierie de la conformit\u00e9 et la planification\",\"breadcrumb\":{\"@id\":\"https:\/\/utek.de\/fr\/performances\/#breadcrumb\"},\"inLanguage\":\"fr-FR\",\"potentialAction\":[{\"@type\":\"ReadAction\",\"target\":[\"https:\/\/utek.de\/fr\/performances\/\"]}]},{\"@type\":\"ImageObject\",\"inLanguage\":\"fr-FR\",\"@id\":\"https:\/\/utek.de\/fr\/performances\/#primaryimage\",\"url\":\"https:\/\/utek.de\/wp-content\/uploads\/2024\/03\/utek-leistungen-startseite-ingenieurdienstleistungen.webp\",\"contentUrl\":\"https:\/\/utek.de\/wp-content\/uploads\/2024\/03\/utek-leistungen-startseite-ingenieurdienstleistungen.webp\",\"width\":2560,\"height\":848,\"caption\":\"Firma UTEK Ingenieurdienstleistungen Validierung kundenorientiert ausgerichtet\"},{\"@type\":\"BreadcrumbList\",\"@id\":\"https:\/\/utek.de\/fr\/performances\/#breadcrumb\",\"itemListElement\":[{\"@type\":\"ListItem\",\"position\":1,\"name\":\"Startseite\",\"item\":\"https:\/\/utek.de\/fr\/\"},{\"@type\":\"ListItem\",\"position\":2,\"name\":\"Performances\"}]},{\"@type\":\"WebSite\",\"@id\":\"https:\/\/utek.de\/fr\/#website\",\"url\":\"https:\/\/utek.de\/fr\/\",\"name\":\"utek\",\"description\":\"\",\"potentialAction\":[{\"@type\":\"SearchAction\",\"target\":{\"@type\":\"EntryPoint\",\"urlTemplate\":\"https:\/\/utek.de\/fr\/?s={search_term_string}\"},\"query-input\":{\"@type\":\"PropertyValueSpecification\",\"valueRequired\":true,\"valueName\":\"search_term_string\"}}],\"inLanguage\":\"fr-FR\"}]}<\/script>\n<!-- \/ Yoast SEO plugin. -->","yoast_head_json":{"title":"UTEK services d'ing\u00e9nierie pour l\u00b4industrie chimique et pharma.","description":"Services d'ing\u00e9nierie tels que l'automatisation des processus, l'ing\u00e9nierie de la conformit\u00e9 et la planification","robots":{"index":"index","follow":"follow","max-snippet":"max-snippet:-1","max-image-preview":"max-image-preview:large","max-video-preview":"max-video-preview:-1"},"canonical":"https:\/\/utek.de\/fr\/performances\/","og_locale":"fr_FR","og_type":"article","og_title":"UTEK services d'ing\u00e9nierie pour l\u00b4industrie chimique et pharma.","og_description":"Services d'ing\u00e9nierie tels que l'automatisation des processus, l'ing\u00e9nierie de la conformit\u00e9 et la planification","og_url":"https:\/\/utek.de\/fr\/performances\/","og_site_name":"utek","article_modified_time":"2023-10-12T08:54:21+00:00","og_image":[{"width":2560,"height":848,"url":"https:\/\/utek.de\/wp-content\/uploads\/2020\/02\/utek-leistungen-startseite-ingenieurdienstleistungen.jpg","type":"image\/jpeg"}],"twitter_card":"summary_large_image","twitter_misc":{"Dur\u00e9e de lecture estim\u00e9e":"3 minutes"},"schema":{"@context":"https:\/\/schema.org","@graph":[{"@type":"WebPage","@id":"https:\/\/utek.de\/fr\/performances\/","url":"https:\/\/utek.de\/fr\/performances\/","name":"UTEK services d'ing\u00e9nierie pour l\u00b4industrie chimique et pharma.","isPartOf":{"@id":"https:\/\/utek.de\/fr\/#website"},"primaryImageOfPage":{"@id":"https:\/\/utek.de\/fr\/performances\/#primaryimage"},"image":{"@id":"https:\/\/utek.de\/fr\/performances\/#primaryimage"},"thumbnailUrl":"https:\/\/utek.de\/wp-content\/uploads\/2024\/03\/utek-leistungen-startseite-ingenieurdienstleistungen.webp","datePublished":"2020-01-20T13:18:02+00:00","dateModified":"2023-10-12T08:54:21+00:00","description":"Services d'ing\u00e9nierie tels que l'automatisation des processus, l'ing\u00e9nierie de la conformit\u00e9 et la planification","breadcrumb":{"@id":"https:\/\/utek.de\/fr\/performances\/#breadcrumb"},"inLanguage":"fr-FR","potentialAction":[{"@type":"ReadAction","target":["https:\/\/utek.de\/fr\/performances\/"]}]},{"@type":"ImageObject","inLanguage":"fr-FR","@id":"https:\/\/utek.de\/fr\/performances\/#primaryimage","url":"https:\/\/utek.de\/wp-content\/uploads\/2024\/03\/utek-leistungen-startseite-ingenieurdienstleistungen.webp","contentUrl":"https:\/\/utek.de\/wp-content\/uploads\/2024\/03\/utek-leistungen-startseite-ingenieurdienstleistungen.webp","width":2560,"height":848,"caption":"Firma UTEK Ingenieurdienstleistungen Validierung kundenorientiert ausgerichtet"},{"@type":"BreadcrumbList","@id":"https:\/\/utek.de\/fr\/performances\/#breadcrumb","itemListElement":[{"@type":"ListItem","position":1,"name":"Startseite","item":"https:\/\/utek.de\/fr\/"},{"@type":"ListItem","position":2,"name":"Performances"}]},{"@type":"WebSite","@id":"https:\/\/utek.de\/fr\/#website","url":"https:\/\/utek.de\/fr\/","name":"utek","description":"","potentialAction":[{"@type":"SearchAction","target":{"@type":"EntryPoint","urlTemplate":"https:\/\/utek.de\/fr\/?s={search_term_string}"},"query-input":{"@type":"PropertyValueSpecification","valueRequired":true,"valueName":"search_term_string"}}],"inLanguage":"fr-FR"}]}},"_links":{"self":[{"href":"https:\/\/utek.de\/fr\/wp-json\/wp\/v2\/pages\/4258","targetHints":{"allow":["GET"]}}],"collection":[{"href":"https:\/\/utek.de\/fr\/wp-json\/wp\/v2\/pages"}],"about":[{"href":"https:\/\/utek.de\/fr\/wp-json\/wp\/v2\/types\/page"}],"author":[{"embeddable":true,"href":"https:\/\/utek.de\/fr\/wp-json\/wp\/v2\/users\/1"}],"replies":[{"embeddable":true,"href":"https:\/\/utek.de\/fr\/wp-json\/wp\/v2\/comments?post=4258"}],"version-history":[{"count":2,"href":"https:\/\/utek.de\/fr\/wp-json\/wp\/v2\/pages\/4258\/revisions"}],"predecessor-version":[{"id":4260,"href":"https:\/\/utek.de\/fr\/wp-json\/wp\/v2\/pages\/4258\/revisions\/4260"}],"wp:featuredmedia":[{"embeddable":true,"href":"https:\/\/utek.de\/fr\/wp-json\/wp\/v2\/media\/4730"}],"wp:attachment":[{"href":"https:\/\/utek.de\/fr\/wp-json\/wp\/v2\/media?parent=4258"}],"curies":[{"name":"wp","href":"https:\/\/api.w.org\/{rel}","templated":true}]}}