{"id":4255,"date":"2020-01-20T17:24:15","date_gmt":"2020-01-20T16:24:15","guid":{"rendered":"https:\/\/utek.de\/ansprechpartnerinnen\/"},"modified":"2025-04-10T13:50:17","modified_gmt":"2025-04-10T11:50:17","slug":"contact","status":"publish","type":"page","link":"https:\/\/utek.de\/fr\/contact\/","title":{"rendered":"Contact"},"content":{"rendered":"<h1>Le bureau d&rsquo;ing\u00e9nieurs UTEK et l&rsquo;automatisation des processus UTEK<\/h1>\n<h2>Nous nous r\u00e9jouissons de votre prise de contact<\/h2>\n<p>Vous avez une demande, un projet ou des questions ? Vous souhaitez nous conna\u00eetre en tant qu&#8217;employeur potentiel ? Le bureau d&rsquo;ing\u00e9nieurs UTEK et l&rsquo;automatisation des processus UTEK se tiennent \u00e0 votre disposition pour r\u00e9pondre \u00e0 vos questions. Il vous suffit de nous envoyer un court message texte ou de composer le num\u00e9ro de t\u00e9l\u00e9phone qui vous convient.<\/p>\n ","protected":false},"excerpt":{"rendered":"<p>Le bureau d&rsquo;ing\u00e9nieurs UTEK et l&rsquo;automatisation des processus UTEK Nous nous r\u00e9jouissons de votre prise de contact Vous avez une demande, un projet ou des questions ? Vous souhaitez nous conna\u00eetre en tant qu&#8217;employeur potentiel ? Le bureau d&rsquo;ing\u00e9nieurs UTEK et l&rsquo;automatisation des processus UTEK se tiennent \u00e0 votre disposition pour r\u00e9pondre \u00e0 vos questions. [&hellip;]<\/p>\n","protected":false},"author":1,"featured_media":4612,"parent":0,"menu_order":21,"comment_status":"closed","ping_status":"closed","template":"page-kontakt.php","meta":{"_acf_changed":false,"footnotes":""},"class_list":["post-4255","page","type-page","status-publish","has-post-thumbnail","hentry"],"acf":[],"yoast_head":"<!-- This site is optimized with the Yoast SEO plugin v27.1.1 - https:\/\/yoast.com\/product\/yoast-seo-wordpress\/ -->\n<title>Contact UTEK \u2013 ing\u00e9nieurs pour l&#039;industrie chimique et pharma.<\/title>\n<meta name=\"description\" content=\"Contact UTEK Ingenieurb\u00fcro, Huckarder Str. 8, 44147 Dortmund, Tel: (0231) 91 44 43-0. CEO: M. Egbring, D. Kunert, M. Tump, U. Marschner\" \/>\n<meta name=\"robots\" content=\"index, follow, max-snippet:-1, max-image-preview:large, max-video-preview:-1\" \/>\n<link rel=\"canonical\" href=\"https:\/\/utek.de\/fr\/contact\/\" \/>\n<meta property=\"og:locale\" content=\"fr_FR\" \/>\n<meta property=\"og:type\" content=\"article\" \/>\n<meta property=\"og:title\" content=\"Contact UTEK \u2013 ing\u00e9nieurs pour l&#039;industrie chimique et pharma.\" \/>\n<meta property=\"og:description\" content=\"Contact UTEK Ingenieurb\u00fcro, Huckarder Str. 8, 44147 Dortmund, Tel: (0231) 91 44 43-0. CEO: M. Egbring, D. Kunert, M. Tump, U. Marschner\" \/>\n<meta property=\"og:url\" content=\"https:\/\/utek.de\/fr\/contact\/\" \/>\n<meta property=\"og:site_name\" content=\"utek\" \/>\n<meta property=\"article:modified_time\" content=\"2025-04-10T11:50:17+00:00\" \/>\n<meta property=\"og:image\" content=\"https:\/\/utek.de\/wp-content\/uploads\/2024\/03\/kontakt-utek-ingenieurbuero-dortmund.webp\" \/>\n\t<meta property=\"og:image:width\" content=\"2560\" \/>\n\t<meta property=\"og:image:height\" content=\"848\" \/>\n\t<meta property=\"og:image:type\" content=\"image\/webp\" \/>\n<meta name=\"twitter:card\" content=\"summary_large_image\" \/>\n<meta name=\"twitter:label1\" content=\"Dur\u00e9e de lecture estim\u00e9e\" \/>\n\t<meta name=\"twitter:data1\" content=\"7 minutes\" \/>\n<script type=\"application\/ld+json\" class=\"yoast-schema-graph\">{\"@context\":\"https:\/\/schema.org\",\"@graph\":[{\"@type\":\"WebPage\",\"@id\":\"https:\/\/utek.de\/fr\/contact\/\",\"url\":\"https:\/\/utek.de\/fr\/contact\/\",\"name\":\"Contact UTEK \u2013 ing\u00e9nieurs pour l'industrie chimique et pharma.\",\"isPartOf\":{\"@id\":\"https:\/\/utek.de\/fr\/#website\"},\"primaryImageOfPage\":{\"@id\":\"https:\/\/utek.de\/fr\/contact\/#primaryimage\"},\"image\":{\"@id\":\"https:\/\/utek.de\/fr\/contact\/#primaryimage\"},\"thumbnailUrl\":\"https:\/\/utek.de\/wp-content\/uploads\/2024\/03\/kontakt-utek-ingenieurbuero-dortmund.webp\",\"datePublished\":\"2020-01-20T16:24:15+00:00\",\"dateModified\":\"2025-04-10T11:50:17+00:00\",\"description\":\"Contact UTEK Ingenieurb\u00fcro, Huckarder Str. 8, 44147 Dortmund, Tel: (0231) 91 44 43-0. CEO: M. Egbring, D. Kunert, M. Tump, U. Marschner\",\"breadcrumb\":{\"@id\":\"https:\/\/utek.de\/fr\/contact\/#breadcrumb\"},\"inLanguage\":\"fr-FR\",\"potentialAction\":[{\"@type\":\"ReadAction\",\"target\":[\"https:\/\/utek.de\/fr\/contact\/\"]}]},{\"@type\":\"ImageObject\",\"inLanguage\":\"fr-FR\",\"@id\":\"https:\/\/utek.de\/fr\/contact\/#primaryimage\",\"url\":\"https:\/\/utek.de\/wp-content\/uploads\/2024\/03\/kontakt-utek-ingenieurbuero-dortmund.webp\",\"contentUrl\":\"https:\/\/utek.de\/wp-content\/uploads\/2024\/03\/kontakt-utek-ingenieurbuero-dortmund.webp\",\"width\":2560,\"height\":848,\"caption\":\"Sekretariat Empfang Ingenieurb\u00fcro UTEK Dortmund\"},{\"@type\":\"BreadcrumbList\",\"@id\":\"https:\/\/utek.de\/fr\/contact\/#breadcrumb\",\"itemListElement\":[{\"@type\":\"ListItem\",\"position\":1,\"name\":\"Startseite\",\"item\":\"https:\/\/utek.de\/fr\/\"},{\"@type\":\"ListItem\",\"position\":2,\"name\":\"Contact\"}]},{\"@type\":\"WebSite\",\"@id\":\"https:\/\/utek.de\/fr\/#website\",\"url\":\"https:\/\/utek.de\/fr\/\",\"name\":\"utek\",\"description\":\"\",\"potentialAction\":[{\"@type\":\"SearchAction\",\"target\":{\"@type\":\"EntryPoint\",\"urlTemplate\":\"https:\/\/utek.de\/fr\/?s={search_term_string}\"},\"query-input\":{\"@type\":\"PropertyValueSpecification\",\"valueRequired\":true,\"valueName\":\"search_term_string\"}}],\"inLanguage\":\"fr-FR\"}]}<\/script>\n<!-- \/ Yoast SEO plugin. -->","yoast_head_json":{"title":"Contact UTEK \u2013 ing\u00e9nieurs pour l'industrie chimique et pharma.","description":"Contact UTEK Ingenieurb\u00fcro, Huckarder Str. 8, 44147 Dortmund, Tel: (0231) 91 44 43-0. CEO: M. Egbring, D. Kunert, M. Tump, U. Marschner","robots":{"index":"index","follow":"follow","max-snippet":"max-snippet:-1","max-image-preview":"max-image-preview:large","max-video-preview":"max-video-preview:-1"},"canonical":"https:\/\/utek.de\/fr\/contact\/","og_locale":"fr_FR","og_type":"article","og_title":"Contact UTEK \u2013 ing\u00e9nieurs pour l'industrie chimique et pharma.","og_description":"Contact UTEK Ingenieurb\u00fcro, Huckarder Str. 8, 44147 Dortmund, Tel: (0231) 91 44 43-0. CEO: M. Egbring, D. Kunert, M. Tump, U. Marschner","og_url":"https:\/\/utek.de\/fr\/contact\/","og_site_name":"utek","article_modified_time":"2025-04-10T11:50:17+00:00","og_image":[{"width":2560,"height":848,"url":"https:\/\/utek.de\/wp-content\/uploads\/2024\/03\/kontakt-utek-ingenieurbuero-dortmund.webp","type":"image\/webp"}],"twitter_card":"summary_large_image","twitter_misc":{"Dur\u00e9e de lecture estim\u00e9e":"7 minutes"},"schema":{"@context":"https:\/\/schema.org","@graph":[{"@type":"WebPage","@id":"https:\/\/utek.de\/fr\/contact\/","url":"https:\/\/utek.de\/fr\/contact\/","name":"Contact UTEK \u2013 ing\u00e9nieurs pour l'industrie chimique et pharma.","isPartOf":{"@id":"https:\/\/utek.de\/fr\/#website"},"primaryImageOfPage":{"@id":"https:\/\/utek.de\/fr\/contact\/#primaryimage"},"image":{"@id":"https:\/\/utek.de\/fr\/contact\/#primaryimage"},"thumbnailUrl":"https:\/\/utek.de\/wp-content\/uploads\/2024\/03\/kontakt-utek-ingenieurbuero-dortmund.webp","datePublished":"2020-01-20T16:24:15+00:00","dateModified":"2025-04-10T11:50:17+00:00","description":"Contact UTEK Ingenieurb\u00fcro, Huckarder Str. 8, 44147 Dortmund, Tel: (0231) 91 44 43-0. CEO: M. Egbring, D. Kunert, M. Tump, U. Marschner","breadcrumb":{"@id":"https:\/\/utek.de\/fr\/contact\/#breadcrumb"},"inLanguage":"fr-FR","potentialAction":[{"@type":"ReadAction","target":["https:\/\/utek.de\/fr\/contact\/"]}]},{"@type":"ImageObject","inLanguage":"fr-FR","@id":"https:\/\/utek.de\/fr\/contact\/#primaryimage","url":"https:\/\/utek.de\/wp-content\/uploads\/2024\/03\/kontakt-utek-ingenieurbuero-dortmund.webp","contentUrl":"https:\/\/utek.de\/wp-content\/uploads\/2024\/03\/kontakt-utek-ingenieurbuero-dortmund.webp","width":2560,"height":848,"caption":"Sekretariat Empfang Ingenieurb\u00fcro UTEK Dortmund"},{"@type":"BreadcrumbList","@id":"https:\/\/utek.de\/fr\/contact\/#breadcrumb","itemListElement":[{"@type":"ListItem","position":1,"name":"Startseite","item":"https:\/\/utek.de\/fr\/"},{"@type":"ListItem","position":2,"name":"Contact"}]},{"@type":"WebSite","@id":"https:\/\/utek.de\/fr\/#website","url":"https:\/\/utek.de\/fr\/","name":"utek","description":"","potentialAction":[{"@type":"SearchAction","target":{"@type":"EntryPoint","urlTemplate":"https:\/\/utek.de\/fr\/?s={search_term_string}"},"query-input":{"@type":"PropertyValueSpecification","valueRequired":true,"valueName":"search_term_string"}}],"inLanguage":"fr-FR"}]}},"_links":{"self":[{"href":"https:\/\/utek.de\/fr\/wp-json\/wp\/v2\/pages\/4255","targetHints":{"allow":["GET"]}}],"collection":[{"href":"https:\/\/utek.de\/fr\/wp-json\/wp\/v2\/pages"}],"about":[{"href":"https:\/\/utek.de\/fr\/wp-json\/wp\/v2\/types\/page"}],"author":[{"embeddable":true,"href":"https:\/\/utek.de\/fr\/wp-json\/wp\/v2\/users\/1"}],"replies":[{"embeddable":true,"href":"https:\/\/utek.de\/fr\/wp-json\/wp\/v2\/comments?post=4255"}],"version-history":[{"count":6,"href":"https:\/\/utek.de\/fr\/wp-json\/wp\/v2\/pages\/4255\/revisions"}],"predecessor-version":[{"id":7709,"href":"https:\/\/utek.de\/fr\/wp-json\/wp\/v2\/pages\/4255\/revisions\/7709"}],"wp:featuredmedia":[{"embeddable":true,"href":"https:\/\/utek.de\/fr\/wp-json\/wp\/v2\/media\/4612"}],"wp:attachment":[{"href":"https:\/\/utek.de\/fr\/wp-json\/wp\/v2\/media?parent=4255"}],"curies":[{"name":"wp","href":"https:\/\/api.w.org\/{rel}","templated":true}]}}