{"id":4252,"date":"2019-08-04T16:45:38","date_gmt":"2019-08-04T14:45:38","guid":{"rendered":"https:\/\/utek.de\/impressum\/"},"modified":"2023-10-12T14:54:43","modified_gmt":"2023-10-12T12:54:43","slug":"mentions-legales","status":"publish","type":"page","link":"https:\/\/utek.de\/fr\/mentions-legales\/","title":{"rendered":"Mentions l\u00e9gales"},"content":{"rendered":"<h1>Mentions l\u00e9gales du bureau d&rsquo;\u00e9tudes UTEK GmbH<\/h1>\n<h2>Responsable du contenu de ces pages<\/h2>\n<p><strong>Bureau d&rsquo;ing\u00e9nieurs UTEK GmbH<\/strong><\/p>\n<p>Huckarder Stra\u00dfe 8<br \/>\n44147 Dortmund<br \/>\nT\u00e9l\u00e9phone : +49 231 91 44 430<br \/>\nT\u00e9l\u00e9copie : +49 231 91 44 431<\/p>\n<p>Courrier \u00e9lectronique : info (at) utek.de<br \/>\nInternet : www.utek.de<br \/>\nRepr\u00e9sent\u00e9 par les g\u00e9rants : Martin Egbring, Dirk Kunert, Martin Tump<br \/>\nTribunal d&rsquo;enregistrement : Tribunal d&rsquo;instance de Dortmund<br \/>\nNum\u00e9ro d&rsquo;enregistrement : HRB 15335<br \/>\nNum\u00e9ro d&rsquo;identification de la taxe sur le chiffre d&rsquo;affaires conform\u00e9ment au \u00a7 27 a de la loi sur la TVA : DE813474099<\/p>\n<p>Clause de responsabilit\u00e9 : malgr\u00e9 un contr\u00f4le minutieux du contenu, nous d\u00e9clinons toute responsabilit\u00e9 pour le contenu des liens externes. Seuls les exploitants des pages li\u00e9es sont responsables de leur contenu.<\/p>\n<p>Les pages ont \u00e9t\u00e9 cr\u00e9\u00e9es par l&rsquo;agence de publicit\u00e9 Deb\u00fcser &amp; Bee (www.dplusb.de).<\/p>\n<p>Photos :<br \/>\nMarkus Mielek (www.mielek.com)<br \/>\nThomas Potthoff (www.ps-fotografik.de)<br \/>\nHagen Willsch (www.hagenwillsch.de)<br \/>\nAdobe Stock (www.stock.adobe.com)<\/p>\n ","protected":false},"excerpt":{"rendered":"<p>Mentions l\u00e9gales du bureau d&rsquo;\u00e9tudes UTEK GmbH Responsable du contenu de ces pages Bureau d&rsquo;ing\u00e9nieurs UTEK GmbH Huckarder Stra\u00dfe 8 44147 Dortmund T\u00e9l\u00e9phone : +49 231 91 44 430 T\u00e9l\u00e9copie : +49 231 91 44 431 Courrier \u00e9lectronique : info (at) utek.de Internet : www.utek.de Repr\u00e9sent\u00e9 par les g\u00e9rants : Martin Egbring, Dirk Kunert, Martin [&hellip;]<\/p>\n","protected":false},"author":1,"featured_media":0,"parent":0,"menu_order":23,"comment_status":"closed","ping_status":"closed","template":"","meta":{"_acf_changed":false,"footnotes":""},"class_list":["post-4252","page","type-page","status-publish","hentry"],"acf":[],"yoast_head":"<!-- This site is optimized with the Yoast SEO plugin v27.1.1 - https:\/\/yoast.com\/product\/yoast-seo-wordpress\/ -->\n<title>Mentions l\u00e9gales Ingenieurb\u00fcro UTEK GmbH Dortmund\/Allemagne<\/title>\n<meta name=\"description\" content=\"Ingenieurb\u00fcro UTEK \u2026 Huckarder Stra\u00dfe 8 \u2026 44147 Dortmund. Tel: 0049 231 91 44 43-0. CEO: M. Egbring, D. Kunert, U. Marschner, M. Tump\" \/>\n<meta name=\"robots\" content=\"index, follow, max-snippet:-1, max-image-preview:large, max-video-preview:-1\" \/>\n<link rel=\"canonical\" href=\"https:\/\/utek.de\/fr\/mentions-legales\/\" \/>\n<meta property=\"og:locale\" content=\"fr_FR\" \/>\n<meta property=\"og:type\" content=\"article\" \/>\n<meta property=\"og:title\" content=\"Mentions l\u00e9gales Ingenieurb\u00fcro UTEK GmbH Dortmund\/Allemagne\" \/>\n<meta property=\"og:description\" content=\"Ingenieurb\u00fcro UTEK \u2026 Huckarder Stra\u00dfe 8 \u2026 44147 Dortmund. Tel: 0049 231 91 44 43-0. CEO: M. Egbring, D. Kunert, U. Marschner, M. Tump\" \/>\n<meta property=\"og:url\" content=\"https:\/\/utek.de\/fr\/mentions-legales\/\" \/>\n<meta property=\"og:site_name\" content=\"utek\" \/>\n<meta property=\"article:modified_time\" content=\"2023-10-12T12:54:43+00:00\" \/>\n<meta name=\"twitter:card\" content=\"summary_large_image\" \/>\n<meta name=\"twitter:label1\" content=\"Dur\u00e9e de lecture estim\u00e9e\" \/>\n\t<meta name=\"twitter:data1\" content=\"1 minute\" \/>\n<script type=\"application\/ld+json\" class=\"yoast-schema-graph\">{\"@context\":\"https:\/\/schema.org\",\"@graph\":[{\"@type\":\"WebPage\",\"@id\":\"https:\/\/utek.de\/fr\/mentions-legales\/\",\"url\":\"https:\/\/utek.de\/fr\/mentions-legales\/\",\"name\":\"Mentions l\u00e9gales Ingenieurb\u00fcro UTEK GmbH Dortmund\/Allemagne\",\"isPartOf\":{\"@id\":\"https:\/\/utek.de\/fr\/#website\"},\"datePublished\":\"2019-08-04T14:45:38+00:00\",\"dateModified\":\"2023-10-12T12:54:43+00:00\",\"description\":\"Ingenieurb\u00fcro UTEK \u2026 Huckarder Stra\u00dfe 8 \u2026 44147 Dortmund. Tel: 0049 231 91 44 43-0. CEO: M. Egbring, D. Kunert, U. Marschner, M. Tump\",\"breadcrumb\":{\"@id\":\"https:\/\/utek.de\/fr\/mentions-legales\/#breadcrumb\"},\"inLanguage\":\"fr-FR\",\"potentialAction\":[{\"@type\":\"ReadAction\",\"target\":[\"https:\/\/utek.de\/fr\/mentions-legales\/\"]}]},{\"@type\":\"BreadcrumbList\",\"@id\":\"https:\/\/utek.de\/fr\/mentions-legales\/#breadcrumb\",\"itemListElement\":[{\"@type\":\"ListItem\",\"position\":1,\"name\":\"Startseite\",\"item\":\"https:\/\/utek.de\/fr\/\"},{\"@type\":\"ListItem\",\"position\":2,\"name\":\"Mentions l\u00e9gales\"}]},{\"@type\":\"WebSite\",\"@id\":\"https:\/\/utek.de\/fr\/#website\",\"url\":\"https:\/\/utek.de\/fr\/\",\"name\":\"utek\",\"description\":\"\",\"potentialAction\":[{\"@type\":\"SearchAction\",\"target\":{\"@type\":\"EntryPoint\",\"urlTemplate\":\"https:\/\/utek.de\/fr\/?s={search_term_string}\"},\"query-input\":{\"@type\":\"PropertyValueSpecification\",\"valueRequired\":true,\"valueName\":\"search_term_string\"}}],\"inLanguage\":\"fr-FR\"}]}<\/script>\n<!-- \/ Yoast SEO plugin. -->","yoast_head_json":{"title":"Mentions l\u00e9gales Ingenieurb\u00fcro UTEK GmbH Dortmund\/Allemagne","description":"Ingenieurb\u00fcro UTEK \u2026 Huckarder Stra\u00dfe 8 \u2026 44147 Dortmund. Tel: 0049 231 91 44 43-0. CEO: M. Egbring, D. Kunert, U. Marschner, M. Tump","robots":{"index":"index","follow":"follow","max-snippet":"max-snippet:-1","max-image-preview":"max-image-preview:large","max-video-preview":"max-video-preview:-1"},"canonical":"https:\/\/utek.de\/fr\/mentions-legales\/","og_locale":"fr_FR","og_type":"article","og_title":"Mentions l\u00e9gales Ingenieurb\u00fcro UTEK GmbH Dortmund\/Allemagne","og_description":"Ingenieurb\u00fcro UTEK \u2026 Huckarder Stra\u00dfe 8 \u2026 44147 Dortmund. Tel: 0049 231 91 44 43-0. CEO: M. Egbring, D. Kunert, U. Marschner, M. Tump","og_url":"https:\/\/utek.de\/fr\/mentions-legales\/","og_site_name":"utek","article_modified_time":"2023-10-12T12:54:43+00:00","twitter_card":"summary_large_image","twitter_misc":{"Dur\u00e9e de lecture estim\u00e9e":"1 minute"},"schema":{"@context":"https:\/\/schema.org","@graph":[{"@type":"WebPage","@id":"https:\/\/utek.de\/fr\/mentions-legales\/","url":"https:\/\/utek.de\/fr\/mentions-legales\/","name":"Mentions l\u00e9gales Ingenieurb\u00fcro UTEK GmbH Dortmund\/Allemagne","isPartOf":{"@id":"https:\/\/utek.de\/fr\/#website"},"datePublished":"2019-08-04T14:45:38+00:00","dateModified":"2023-10-12T12:54:43+00:00","description":"Ingenieurb\u00fcro UTEK \u2026 Huckarder Stra\u00dfe 8 \u2026 44147 Dortmund. Tel: 0049 231 91 44 43-0. CEO: M. Egbring, D. Kunert, U. Marschner, M. Tump","breadcrumb":{"@id":"https:\/\/utek.de\/fr\/mentions-legales\/#breadcrumb"},"inLanguage":"fr-FR","potentialAction":[{"@type":"ReadAction","target":["https:\/\/utek.de\/fr\/mentions-legales\/"]}]},{"@type":"BreadcrumbList","@id":"https:\/\/utek.de\/fr\/mentions-legales\/#breadcrumb","itemListElement":[{"@type":"ListItem","position":1,"name":"Startseite","item":"https:\/\/utek.de\/fr\/"},{"@type":"ListItem","position":2,"name":"Mentions l\u00e9gales"}]},{"@type":"WebSite","@id":"https:\/\/utek.de\/fr\/#website","url":"https:\/\/utek.de\/fr\/","name":"utek","description":"","potentialAction":[{"@type":"SearchAction","target":{"@type":"EntryPoint","urlTemplate":"https:\/\/utek.de\/fr\/?s={search_term_string}"},"query-input":{"@type":"PropertyValueSpecification","valueRequired":true,"valueName":"search_term_string"}}],"inLanguage":"fr-FR"}]}},"_links":{"self":[{"href":"https:\/\/utek.de\/fr\/wp-json\/wp\/v2\/pages\/4252","targetHints":{"allow":["GET"]}}],"collection":[{"href":"https:\/\/utek.de\/fr\/wp-json\/wp\/v2\/pages"}],"about":[{"href":"https:\/\/utek.de\/fr\/wp-json\/wp\/v2\/types\/page"}],"author":[{"embeddable":true,"href":"https:\/\/utek.de\/fr\/wp-json\/wp\/v2\/users\/1"}],"replies":[{"embeddable":true,"href":"https:\/\/utek.de\/fr\/wp-json\/wp\/v2\/comments?post=4252"}],"version-history":[{"count":2,"href":"https:\/\/utek.de\/fr\/wp-json\/wp\/v2\/pages\/4252\/revisions"}],"predecessor-version":[{"id":4254,"href":"https:\/\/utek.de\/fr\/wp-json\/wp\/v2\/pages\/4252\/revisions\/4254"}],"wp:attachment":[{"href":"https:\/\/utek.de\/fr\/wp-json\/wp\/v2\/media?parent=4252"}],"curies":[{"name":"wp","href":"https:\/\/api.w.org\/{rel}","templated":true}]}}