{"id":3357,"date":"2019-05-15T14:45:04","date_gmt":"2019-05-15T12:45:04","guid":{"rendered":"https:\/\/utek.de\/startseite\/"},"modified":"2025-02-07T15:25:42","modified_gmt":"2025-02-07T14:25:42","slug":"startseite","status":"publish","type":"page","link":"https:\/\/utek.de\/fr\/","title":{"rendered":"Home"},"content":{"rendered":"<h1>Bureau d&rsquo;ing\u00e9nieurs UTEK &#8211; r\u00e9soudre des t\u00e2ches d&rsquo;ing\u00e9nierie complexes en toute s\u00e9curit\u00e9 et dans le respect des d\u00e9lais.<\/h1>\n<h2>Partenaire professionnel de l&rsquo;industrie depuis plus de trois d\u00e9cennies<\/h2>\n<p>&nbsp;<\/p>\n<p>Le bureau d&rsquo;\u00e9tudes UTEK planifie, surveille et ex\u00e9cute. Depuis maintenant plus de trente ans, nous sommes un partenaire de solutions professionnelles, principalement pour les entreprises des secteurs de la chimie, de la pharmacie et de la construction d&rsquo;installations. Nos sp\u00e9cialistes fournissent des solutions globales et partielles pr\u00e9cises et bien pens\u00e9es pour la mise en place, l&rsquo;extension, l&rsquo;optimisation, la maintenance et la surveillance de processus et d&rsquo;installations existants.<\/p>\n<p>Nos clients appr\u00e9cient la hi\u00e9rarchie horizontale de notre entreprise ainsi que la qualit\u00e9 de notre travail et notre fiabilit\u00e9 absolue. La s\u00e9curit\u00e9 des personnes, des installations, des processus et de l&rsquo;environnement est \u00e0 tout moment une priorit\u00e9 absolue pour UTEK. Nous relevons toujours avec brio les d\u00e9fis techniques complexes.<\/p>\n<p>Les ing\u00e9nieurs d&rsquo;UTEK traitent les projets &#8211; si vous le souhaitez &#8211; directement sur place ou dans nos bureaux. Il est important pour nous d&rsquo;\u00eatre toujours au plus pr\u00e8s de la t\u00e2che et d&rsquo;\u00e9changer \u00e9troitement avec vous.<\/p>\n<p>&nbsp;<\/p>\n<p>&nbsp;<\/p>\n ","protected":false},"excerpt":{"rendered":"<p>Bureau d&rsquo;ing\u00e9nieurs UTEK &#8211; r\u00e9soudre des t\u00e2ches d&rsquo;ing\u00e9nierie complexes en toute s\u00e9curit\u00e9 et dans le respect des d\u00e9lais. Partenaire professionnel de l&rsquo;industrie depuis plus de trois d\u00e9cennies &nbsp; Le bureau d&rsquo;\u00e9tudes UTEK planifie, surveille et ex\u00e9cute. Depuis maintenant plus de trente ans, nous sommes un partenaire de solutions professionnelles, principalement pour les entreprises des secteurs [&hellip;]<\/p>\n","protected":false},"author":1,"featured_media":5642,"parent":0,"menu_order":1,"comment_status":"closed","ping_status":"closed","template":"","meta":{"_acf_changed":false,"footnotes":""},"class_list":["post-3357","page","type-page","status-publish","has-post-thumbnail","hentry"],"acf":[],"yoast_head":"<!-- This site is optimized with the Yoast SEO plugin v27.1.1 - https:\/\/yoast.com\/product\/yoast-seo-wordpress\/ -->\n<title>Ing\u00e9nieurs UTEK, r\u00e9soudre des probl\u00e8mes d&#039;ing\u00e9nierie complexes<\/title>\n<meta name=\"description\" content=\"Les ing\u00e9nieurs UTEK planifient, surveillent et ex\u00e9cutent. Un partenaire comp\u00e9tent pour les entreprises de la chimie et pharmacie.\" \/>\n<meta name=\"robots\" content=\"index, follow, max-snippet:-1, max-image-preview:large, max-video-preview:-1\" \/>\n<link rel=\"canonical\" href=\"https:\/\/utek.de\/fr\/\" \/>\n<meta property=\"og:locale\" content=\"fr_FR\" \/>\n<meta property=\"og:type\" content=\"article\" \/>\n<meta property=\"og:title\" content=\"Ing\u00e9nieurs UTEK, r\u00e9soudre des probl\u00e8mes d&#039;ing\u00e9nierie complexes\" \/>\n<meta property=\"og:description\" content=\"Les ing\u00e9nieurs UTEK planifient, surveillent et ex\u00e9cutent. Un partenaire comp\u00e9tent pour les entreprises de la chimie et pharmacie.\" \/>\n<meta property=\"og:url\" content=\"https:\/\/utek.de\/fr\/\" \/>\n<meta property=\"og:site_name\" content=\"utek\" \/>\n<meta property=\"article:modified_time\" content=\"2025-02-07T14:25:42+00:00\" \/>\n<meta property=\"og:image\" content=\"https:\/\/utek.de\/wp-content\/uploads\/2024\/03\/kontakt-utek-huckarder-strasse-8-44147-dortmund-1.webp\" \/>\n\t<meta property=\"og:image:width\" content=\"2560\" \/>\n\t<meta property=\"og:image:height\" content=\"848\" \/>\n\t<meta property=\"og:image:type\" content=\"image\/webp\" \/>\n<meta name=\"twitter:card\" content=\"summary_large_image\" \/>\n<meta name=\"twitter:label1\" content=\"Dur\u00e9e de lecture estim\u00e9e\" \/>\n\t<meta name=\"twitter:data1\" content=\"4 minutes\" \/>\n<script type=\"application\/ld+json\" class=\"yoast-schema-graph\">{\"@context\":\"https:\/\/schema.org\",\"@graph\":[{\"@type\":\"WebPage\",\"@id\":\"https:\/\/utek.de\/fr\/\",\"url\":\"https:\/\/utek.de\/fr\/\",\"name\":\"Ing\u00e9nieurs UTEK, r\u00e9soudre des probl\u00e8mes d'ing\u00e9nierie complexes\",\"isPartOf\":{\"@id\":\"https:\/\/utek.de\/fr\/#website\"},\"primaryImageOfPage\":{\"@id\":\"https:\/\/utek.de\/fr\/#primaryimage\"},\"image\":{\"@id\":\"https:\/\/utek.de\/fr\/#primaryimage\"},\"thumbnailUrl\":\"https:\/\/utek.de\/wp-content\/uploads\/2024\/03\/kontakt-utek-huckarder-strasse-8-44147-dortmund-1.webp\",\"datePublished\":\"2019-05-15T12:45:04+00:00\",\"dateModified\":\"2025-02-07T14:25:42+00:00\",\"description\":\"Les ing\u00e9nieurs UTEK planifient, surveillent et ex\u00e9cutent. Un partenaire comp\u00e9tent pour les entreprises de la chimie et pharmacie.\",\"breadcrumb\":{\"@id\":\"https:\/\/utek.de\/fr\/#breadcrumb\"},\"inLanguage\":\"fr-FR\",\"potentialAction\":[{\"@type\":\"ReadAction\",\"target\":[\"https:\/\/utek.de\/fr\/\"]}]},{\"@type\":\"ImageObject\",\"inLanguage\":\"fr-FR\",\"@id\":\"https:\/\/utek.de\/fr\/#primaryimage\",\"url\":\"https:\/\/utek.de\/wp-content\/uploads\/2024\/03\/kontakt-utek-huckarder-strasse-8-44147-dortmund-1.webp\",\"contentUrl\":\"https:\/\/utek.de\/wp-content\/uploads\/2024\/03\/kontakt-utek-huckarder-strasse-8-44147-dortmund-1.webp\",\"width\":2560,\"height\":848,\"caption\":\"Kontakt UTEK Ingenieurb\u00fcro Prozessautomation Dortmund\"},{\"@type\":\"BreadcrumbList\",\"@id\":\"https:\/\/utek.de\/fr\/#breadcrumb\",\"itemListElement\":[{\"@type\":\"ListItem\",\"position\":1,\"name\":\"Startseite\",\"item\":\"https:\/\/utek.de\/fr\/\"},{\"@type\":\"ListItem\",\"position\":2,\"name\":\"Home\"}]},{\"@type\":\"WebSite\",\"@id\":\"https:\/\/utek.de\/fr\/#website\",\"url\":\"https:\/\/utek.de\/fr\/\",\"name\":\"utek\",\"description\":\"\",\"potentialAction\":[{\"@type\":\"SearchAction\",\"target\":{\"@type\":\"EntryPoint\",\"urlTemplate\":\"https:\/\/utek.de\/fr\/?s={search_term_string}\"},\"query-input\":{\"@type\":\"PropertyValueSpecification\",\"valueRequired\":true,\"valueName\":\"search_term_string\"}}],\"inLanguage\":\"fr-FR\"}]}<\/script>\n<!-- \/ Yoast SEO plugin. -->","yoast_head_json":{"title":"Ing\u00e9nieurs UTEK, r\u00e9soudre des probl\u00e8mes d'ing\u00e9nierie complexes","description":"Les ing\u00e9nieurs UTEK planifient, surveillent et ex\u00e9cutent. Un partenaire comp\u00e9tent pour les entreprises de la chimie et pharmacie.","robots":{"index":"index","follow":"follow","max-snippet":"max-snippet:-1","max-image-preview":"max-image-preview:large","max-video-preview":"max-video-preview:-1"},"canonical":"https:\/\/utek.de\/fr\/","og_locale":"fr_FR","og_type":"article","og_title":"Ing\u00e9nieurs UTEK, r\u00e9soudre des probl\u00e8mes d'ing\u00e9nierie complexes","og_description":"Les ing\u00e9nieurs UTEK planifient, surveillent et ex\u00e9cutent. Un partenaire comp\u00e9tent pour les entreprises de la chimie et pharmacie.","og_url":"https:\/\/utek.de\/fr\/","og_site_name":"utek","article_modified_time":"2025-02-07T14:25:42+00:00","og_image":[{"width":2560,"height":848,"url":"https:\/\/utek.de\/wp-content\/uploads\/2024\/03\/kontakt-utek-huckarder-strasse-8-44147-dortmund-1.webp","type":"image\/webp"}],"twitter_card":"summary_large_image","twitter_misc":{"Dur\u00e9e de lecture estim\u00e9e":"4 minutes"},"schema":{"@context":"https:\/\/schema.org","@graph":[{"@type":"WebPage","@id":"https:\/\/utek.de\/fr\/","url":"https:\/\/utek.de\/fr\/","name":"Ing\u00e9nieurs UTEK, r\u00e9soudre des probl\u00e8mes d'ing\u00e9nierie complexes","isPartOf":{"@id":"https:\/\/utek.de\/fr\/#website"},"primaryImageOfPage":{"@id":"https:\/\/utek.de\/fr\/#primaryimage"},"image":{"@id":"https:\/\/utek.de\/fr\/#primaryimage"},"thumbnailUrl":"https:\/\/utek.de\/wp-content\/uploads\/2024\/03\/kontakt-utek-huckarder-strasse-8-44147-dortmund-1.webp","datePublished":"2019-05-15T12:45:04+00:00","dateModified":"2025-02-07T14:25:42+00:00","description":"Les ing\u00e9nieurs UTEK planifient, surveillent et ex\u00e9cutent. Un partenaire comp\u00e9tent pour les entreprises de la chimie et pharmacie.","breadcrumb":{"@id":"https:\/\/utek.de\/fr\/#breadcrumb"},"inLanguage":"fr-FR","potentialAction":[{"@type":"ReadAction","target":["https:\/\/utek.de\/fr\/"]}]},{"@type":"ImageObject","inLanguage":"fr-FR","@id":"https:\/\/utek.de\/fr\/#primaryimage","url":"https:\/\/utek.de\/wp-content\/uploads\/2024\/03\/kontakt-utek-huckarder-strasse-8-44147-dortmund-1.webp","contentUrl":"https:\/\/utek.de\/wp-content\/uploads\/2024\/03\/kontakt-utek-huckarder-strasse-8-44147-dortmund-1.webp","width":2560,"height":848,"caption":"Kontakt UTEK Ingenieurb\u00fcro Prozessautomation Dortmund"},{"@type":"BreadcrumbList","@id":"https:\/\/utek.de\/fr\/#breadcrumb","itemListElement":[{"@type":"ListItem","position":1,"name":"Startseite","item":"https:\/\/utek.de\/fr\/"},{"@type":"ListItem","position":2,"name":"Home"}]},{"@type":"WebSite","@id":"https:\/\/utek.de\/fr\/#website","url":"https:\/\/utek.de\/fr\/","name":"utek","description":"","potentialAction":[{"@type":"SearchAction","target":{"@type":"EntryPoint","urlTemplate":"https:\/\/utek.de\/fr\/?s={search_term_string}"},"query-input":{"@type":"PropertyValueSpecification","valueRequired":true,"valueName":"search_term_string"}}],"inLanguage":"fr-FR"}]}},"_links":{"self":[{"href":"https:\/\/utek.de\/fr\/wp-json\/wp\/v2\/pages\/3357","targetHints":{"allow":["GET"]}}],"collection":[{"href":"https:\/\/utek.de\/fr\/wp-json\/wp\/v2\/pages"}],"about":[{"href":"https:\/\/utek.de\/fr\/wp-json\/wp\/v2\/types\/page"}],"author":[{"embeddable":true,"href":"https:\/\/utek.de\/fr\/wp-json\/wp\/v2\/users\/1"}],"replies":[{"embeddable":true,"href":"https:\/\/utek.de\/fr\/wp-json\/wp\/v2\/comments?post=3357"}],"version-history":[{"count":9,"href":"https:\/\/utek.de\/fr\/wp-json\/wp\/v2\/pages\/3357\/revisions"}],"predecessor-version":[{"id":7664,"href":"https:\/\/utek.de\/fr\/wp-json\/wp\/v2\/pages\/3357\/revisions\/7664"}],"wp:featuredmedia":[{"embeddable":true,"href":"https:\/\/utek.de\/fr\/wp-json\/wp\/v2\/media\/5642"}],"wp:attachment":[{"href":"https:\/\/utek.de\/fr\/wp-json\/wp\/v2\/media?parent=3357"}],"curies":[{"name":"wp","href":"https:\/\/api.w.org\/{rel}","templated":true}]}}