{"id":4343,"date":"2019-08-04T16:45:38","date_gmt":"2019-08-04T14:45:38","guid":{"rendered":"https:\/\/utek.de\/impressum\/"},"modified":"2023-10-12T14:57:14","modified_gmt":"2023-10-12T12:57:14","slug":"imprimir","status":"publish","type":"page","link":"https:\/\/utek.de\/es\/imprimir\/","title":{"rendered":"Imprimir"},"content":{"rendered":"<h1>Imprimir del oficina de ingenier\u00eda de UTEK GmbH<\/h1>\n<h2>Responsable del contenido de estas p\u00e1ginas<\/h2>\n<p><strong>Ingenieurb\u00fcro UTEK GmbH<\/strong><\/p>\n<p>Huckarder Stra\u00dfe 8<br \/>\n44147 Dortmund<br \/>\nTelefon: +49 231 91 44 430<br \/>\nTelefax: +49 231 91 44 431<\/p>\n<p>E-Mail: info (at) utek.de<br \/>\nInternet: www.utek.de<br \/>\nRepresentado por el director general: Martin Egbring, Dirk Kunert, Martin Tump<br \/>\nTribunal de registro: Amtsgericht Dortmund<br \/>\nN\u00famero de registro: HRB 15335<br \/>\nN\u00famero de identificaci\u00f3n del impuesto sobre las ventas de conformidad con el art\u00edculo 27 a de la Ley del Impuesto sobre las Ventas: DE813474099<\/p>\n<p>Aviso de responsabilidad: A pesar de un cuidadoso control del contenido, no asumimos ninguna responsabilidad por el contenido de los enlaces externos. Los operadores son los \u00fanicos responsables del contenido de las p\u00e1ginas enlazadas.<\/p>\n<p>Las p\u00e1ginas fueron creadas por la agencia de publicidad Deb\u00fcser &amp; Bee (<a href=\"https:\/\/dplusb.de\/\">www.dplusb.de<\/a>).<\/p>\n<p>Fotos:<br \/>\nMarkus Mielek (<a href=\"http:\/\/www.mielek.com\">www.mielek.com<\/a>)<br \/>\nThomas Potthoff (<a href=\"http:\/\/www.ps-fotografik.de\">www.ps-fotografik.de<\/a>)<br \/>\nHagen Willsch (<a href=\"https:\/\/hagenwillsch.de\/\">www.hagenwillsch.de<\/a>)<br \/>\nAdobe Stock (<a href=\"https:\/\/stock.adobe.com\/de\/\">www.stock.adobe.com<\/a>)<\/p>\n ","protected":false},"excerpt":{"rendered":"<p>Imprimir del oficina de ingenier\u00eda de UTEK GmbH Responsable del contenido de estas p\u00e1ginas Ingenieurb\u00fcro UTEK GmbH Huckarder Stra\u00dfe 8 44147 Dortmund Telefon: +49 231 91 44 430 Telefax: +49 231 91 44 431 E-Mail: info (at) utek.de Internet: www.utek.de Representado por el director general: Martin Egbring, Dirk Kunert, Martin Tump Tribunal de registro: Amtsgericht [&hellip;]<\/p>\n","protected":false},"author":1,"featured_media":0,"parent":0,"menu_order":23,"comment_status":"closed","ping_status":"closed","template":"","meta":{"_acf_changed":false,"footnotes":""},"class_list":["post-4343","page","type-page","status-publish","hentry"],"acf":[],"yoast_head":"<!-- This site is optimized with the Yoast SEO plugin v27.1.1 - https:\/\/yoast.com\/product\/yoast-seo-wordpress\/ -->\n<title>Imprimir Ingenieurb\u00fcro UTEK GmbH Dortmund\/Alemania<\/title>\n<meta name=\"description\" content=\"Ingenieurb\u00fcro UTEK \u2026 Huckarder Stra\u00dfe 8 \u2026 44147 Dortmund. Telefon: 0049 231 91 44 43-0. CEO: M. Egbring, D. Kunert, U. Marschner, M. Tump\" \/>\n<meta name=\"robots\" content=\"index, follow, max-snippet:-1, max-image-preview:large, max-video-preview:-1\" \/>\n<link rel=\"canonical\" href=\"https:\/\/utek.de\/es\/imprimir\/\" \/>\n<meta property=\"og:locale\" content=\"es_ES\" \/>\n<meta property=\"og:type\" content=\"article\" \/>\n<meta property=\"og:title\" content=\"Imprimir Ingenieurb\u00fcro UTEK GmbH Dortmund\/Alemania\" \/>\n<meta property=\"og:description\" content=\"Ingenieurb\u00fcro UTEK \u2026 Huckarder Stra\u00dfe 8 \u2026 44147 Dortmund. Telefon: 0049 231 91 44 43-0. CEO: M. Egbring, D. Kunert, U. Marschner, M. Tump\" \/>\n<meta property=\"og:url\" content=\"https:\/\/utek.de\/es\/imprimir\/\" \/>\n<meta property=\"og:site_name\" content=\"utek\" \/>\n<meta property=\"article:modified_time\" content=\"2023-10-12T12:57:14+00:00\" \/>\n<meta name=\"twitter:card\" content=\"summary_large_image\" \/>\n<meta name=\"twitter:label1\" content=\"Tiempo de lectura\" \/>\n\t<meta name=\"twitter:data1\" content=\"1 minuto\" \/>\n<script type=\"application\/ld+json\" class=\"yoast-schema-graph\">{\"@context\":\"https:\/\/schema.org\",\"@graph\":[{\"@type\":\"WebPage\",\"@id\":\"https:\/\/utek.de\/es\/imprimir\/\",\"url\":\"https:\/\/utek.de\/es\/imprimir\/\",\"name\":\"Imprimir Ingenieurb\u00fcro UTEK GmbH Dortmund\/Alemania\",\"isPartOf\":{\"@id\":\"https:\/\/utek.de\/es\/#website\"},\"datePublished\":\"2019-08-04T14:45:38+00:00\",\"dateModified\":\"2023-10-12T12:57:14+00:00\",\"description\":\"Ingenieurb\u00fcro UTEK \u2026 Huckarder Stra\u00dfe 8 \u2026 44147 Dortmund. Telefon: 0049 231 91 44 43-0. CEO: M. Egbring, D. Kunert, U. Marschner, M. Tump\",\"breadcrumb\":{\"@id\":\"https:\/\/utek.de\/es\/imprimir\/#breadcrumb\"},\"inLanguage\":\"es\",\"potentialAction\":[{\"@type\":\"ReadAction\",\"target\":[\"https:\/\/utek.de\/es\/imprimir\/\"]}]},{\"@type\":\"BreadcrumbList\",\"@id\":\"https:\/\/utek.de\/es\/imprimir\/#breadcrumb\",\"itemListElement\":[{\"@type\":\"ListItem\",\"position\":1,\"name\":\"Startseite\",\"item\":\"https:\/\/utek.de\/es\/\"},{\"@type\":\"ListItem\",\"position\":2,\"name\":\"Imprimir\"}]},{\"@type\":\"WebSite\",\"@id\":\"https:\/\/utek.de\/es\/#website\",\"url\":\"https:\/\/utek.de\/es\/\",\"name\":\"utek\",\"description\":\"\",\"potentialAction\":[{\"@type\":\"SearchAction\",\"target\":{\"@type\":\"EntryPoint\",\"urlTemplate\":\"https:\/\/utek.de\/es\/?s={search_term_string}\"},\"query-input\":{\"@type\":\"PropertyValueSpecification\",\"valueRequired\":true,\"valueName\":\"search_term_string\"}}],\"inLanguage\":\"es\"}]}<\/script>\n<!-- \/ Yoast SEO plugin. -->","yoast_head_json":{"title":"Imprimir Ingenieurb\u00fcro UTEK GmbH Dortmund\/Alemania","description":"Ingenieurb\u00fcro UTEK \u2026 Huckarder Stra\u00dfe 8 \u2026 44147 Dortmund. Telefon: 0049 231 91 44 43-0. CEO: M. Egbring, D. Kunert, U. Marschner, M. Tump","robots":{"index":"index","follow":"follow","max-snippet":"max-snippet:-1","max-image-preview":"max-image-preview:large","max-video-preview":"max-video-preview:-1"},"canonical":"https:\/\/utek.de\/es\/imprimir\/","og_locale":"es_ES","og_type":"article","og_title":"Imprimir Ingenieurb\u00fcro UTEK GmbH Dortmund\/Alemania","og_description":"Ingenieurb\u00fcro UTEK \u2026 Huckarder Stra\u00dfe 8 \u2026 44147 Dortmund. Telefon: 0049 231 91 44 43-0. CEO: M. Egbring, D. Kunert, U. Marschner, M. Tump","og_url":"https:\/\/utek.de\/es\/imprimir\/","og_site_name":"utek","article_modified_time":"2023-10-12T12:57:14+00:00","twitter_card":"summary_large_image","twitter_misc":{"Tiempo de lectura":"1 minuto"},"schema":{"@context":"https:\/\/schema.org","@graph":[{"@type":"WebPage","@id":"https:\/\/utek.de\/es\/imprimir\/","url":"https:\/\/utek.de\/es\/imprimir\/","name":"Imprimir Ingenieurb\u00fcro UTEK GmbH Dortmund\/Alemania","isPartOf":{"@id":"https:\/\/utek.de\/es\/#website"},"datePublished":"2019-08-04T14:45:38+00:00","dateModified":"2023-10-12T12:57:14+00:00","description":"Ingenieurb\u00fcro UTEK \u2026 Huckarder Stra\u00dfe 8 \u2026 44147 Dortmund. Telefon: 0049 231 91 44 43-0. CEO: M. Egbring, D. Kunert, U. Marschner, M. Tump","breadcrumb":{"@id":"https:\/\/utek.de\/es\/imprimir\/#breadcrumb"},"inLanguage":"es","potentialAction":[{"@type":"ReadAction","target":["https:\/\/utek.de\/es\/imprimir\/"]}]},{"@type":"BreadcrumbList","@id":"https:\/\/utek.de\/es\/imprimir\/#breadcrumb","itemListElement":[{"@type":"ListItem","position":1,"name":"Startseite","item":"https:\/\/utek.de\/es\/"},{"@type":"ListItem","position":2,"name":"Imprimir"}]},{"@type":"WebSite","@id":"https:\/\/utek.de\/es\/#website","url":"https:\/\/utek.de\/es\/","name":"utek","description":"","potentialAction":[{"@type":"SearchAction","target":{"@type":"EntryPoint","urlTemplate":"https:\/\/utek.de\/es\/?s={search_term_string}"},"query-input":{"@type":"PropertyValueSpecification","valueRequired":true,"valueName":"search_term_string"}}],"inLanguage":"es"}]}},"_links":{"self":[{"href":"https:\/\/utek.de\/es\/wp-json\/wp\/v2\/pages\/4343","targetHints":{"allow":["GET"]}}],"collection":[{"href":"https:\/\/utek.de\/es\/wp-json\/wp\/v2\/pages"}],"about":[{"href":"https:\/\/utek.de\/es\/wp-json\/wp\/v2\/types\/page"}],"author":[{"embeddable":true,"href":"https:\/\/utek.de\/es\/wp-json\/wp\/v2\/users\/1"}],"replies":[{"embeddable":true,"href":"https:\/\/utek.de\/es\/wp-json\/wp\/v2\/comments?post=4343"}],"version-history":[{"count":2,"href":"https:\/\/utek.de\/es\/wp-json\/wp\/v2\/pages\/4343\/revisions"}],"predecessor-version":[{"id":4346,"href":"https:\/\/utek.de\/es\/wp-json\/wp\/v2\/pages\/4343\/revisions\/4346"}],"wp:attachment":[{"href":"https:\/\/utek.de\/es\/wp-json\/wp\/v2\/media?parent=4343"}],"curies":[{"name":"wp","href":"https:\/\/api.w.org\/{rel}","templated":true}]}}