{"id":4331,"date":"2020-01-20T13:46:27","date_gmt":"2020-01-20T12:46:27","guid":{"rendered":"https:\/\/utek.de\/cartas-credenciales\/kunden-und-projekte-a-h\/"},"modified":"2025-05-15T17:00:59","modified_gmt":"2025-05-15T15:00:59","slug":"clientes-y-proyectos-a-i","status":"publish","type":"page","link":"https:\/\/utek.de\/es\/referencias\/clientes-y-proyectos-a-i\/","title":{"rendered":"Clientes y proyectos, A-I"},"content":{"rendered":"<h1>CLIENTES DE UTEK<\/h1>\n<h2>Implementaci\u00f3n del proyecto con la mejor calidad.<\/h2>\n<h3>Clientes y proyectos actuales de UTEK, A-I<strong><br \/>\n<\/strong><\/h3>\n ","protected":false},"excerpt":{"rendered":"<p>CLIENTES DE UTEK Implementaci\u00f3n del proyecto con la mejor calidad. Clientes y proyectos actuales de UTEK, A-I<\/p>\n","protected":false},"author":1,"featured_media":0,"parent":4329,"menu_order":17,"comment_status":"closed","ping_status":"closed","template":"page-kunden.php","meta":{"_acf_changed":false,"footnotes":""},"class_list":["post-4331","page","type-page","status-publish","hentry"],"acf":[],"yoast_head":"<!-- This site is optimized with the Yoast SEO plugin v27.1.1 - https:\/\/yoast.com\/product\/yoast-seo-wordpress\/ -->\n<title>UTEK \u2013 Servicios de ingenier\u00eda en construcci\u00f3n de plantas.<\/title>\n<meta name=\"description\" content=\"Clientes satisfechos desde 1994. Planificaci\u00f3n y construcci\u00f3n de plantas.\" \/>\n<meta name=\"robots\" content=\"index, follow, max-snippet:-1, max-image-preview:large, max-video-preview:-1\" \/>\n<link rel=\"canonical\" href=\"https:\/\/utek.de\/es\/referencias\/clientes-y-proyectos-a-i\/\" \/>\n<meta property=\"og:locale\" content=\"es_ES\" \/>\n<meta property=\"og:type\" content=\"article\" \/>\n<meta property=\"og:title\" content=\"UTEK \u2013 Servicios de ingenier\u00eda en construcci\u00f3n de plantas.\" \/>\n<meta property=\"og:description\" content=\"Clientes satisfechos desde 1994. Planificaci\u00f3n y construcci\u00f3n de plantas.\" \/>\n<meta property=\"og:url\" content=\"https:\/\/utek.de\/es\/referencias\/clientes-y-proyectos-a-i\/\" \/>\n<meta property=\"og:site_name\" content=\"utek\" \/>\n<meta property=\"article:modified_time\" content=\"2025-05-15T15:00:59+00:00\" \/>\n<meta name=\"twitter:card\" content=\"summary_large_image\" \/>\n<meta name=\"twitter:label1\" content=\"Tiempo de lectura\" \/>\n\t<meta name=\"twitter:data1\" content=\"1 minuto\" \/>\n<script type=\"application\/ld+json\" class=\"yoast-schema-graph\">{\"@context\":\"https:\/\/schema.org\",\"@graph\":[{\"@type\":\"WebPage\",\"@id\":\"https:\/\/utek.de\/es\/referencias\/clientes-y-proyectos-a-i\/\",\"url\":\"https:\/\/utek.de\/es\/referencias\/clientes-y-proyectos-a-i\/\",\"name\":\"UTEK \u2013 Servicios de ingenier\u00eda en construcci\u00f3n de plantas.\",\"isPartOf\":{\"@id\":\"https:\/\/utek.de\/es\/#website\"},\"datePublished\":\"2020-01-20T12:46:27+00:00\",\"dateModified\":\"2025-05-15T15:00:59+00:00\",\"description\":\"Clientes satisfechos desde 1994. Planificaci\u00f3n y construcci\u00f3n de plantas.\",\"breadcrumb\":{\"@id\":\"https:\/\/utek.de\/es\/referencias\/clientes-y-proyectos-a-i\/#breadcrumb\"},\"inLanguage\":\"es\",\"potentialAction\":[{\"@type\":\"ReadAction\",\"target\":[\"https:\/\/utek.de\/es\/referencias\/clientes-y-proyectos-a-i\/\"]}]},{\"@type\":\"BreadcrumbList\",\"@id\":\"https:\/\/utek.de\/es\/referencias\/clientes-y-proyectos-a-i\/#breadcrumb\",\"itemListElement\":[{\"@type\":\"ListItem\",\"position\":1,\"name\":\"Startseite\",\"item\":\"https:\/\/utek.de\/es\/\"},{\"@type\":\"ListItem\",\"position\":2,\"name\":\"Referencias\",\"item\":\"https:\/\/utek.de\/es\/referencias\/\"},{\"@type\":\"ListItem\",\"position\":3,\"name\":\"Clientes y proyectos, A-I\"}]},{\"@type\":\"WebSite\",\"@id\":\"https:\/\/utek.de\/es\/#website\",\"url\":\"https:\/\/utek.de\/es\/\",\"name\":\"utek\",\"description\":\"\",\"potentialAction\":[{\"@type\":\"SearchAction\",\"target\":{\"@type\":\"EntryPoint\",\"urlTemplate\":\"https:\/\/utek.de\/es\/?s={search_term_string}\"},\"query-input\":{\"@type\":\"PropertyValueSpecification\",\"valueRequired\":true,\"valueName\":\"search_term_string\"}}],\"inLanguage\":\"es\"}]}<\/script>\n<!-- \/ Yoast SEO plugin. -->","yoast_head_json":{"title":"UTEK \u2013 Servicios de ingenier\u00eda en construcci\u00f3n de plantas.","description":"Clientes satisfechos desde 1994. Planificaci\u00f3n y construcci\u00f3n de plantas.","robots":{"index":"index","follow":"follow","max-snippet":"max-snippet:-1","max-image-preview":"max-image-preview:large","max-video-preview":"max-video-preview:-1"},"canonical":"https:\/\/utek.de\/es\/referencias\/clientes-y-proyectos-a-i\/","og_locale":"es_ES","og_type":"article","og_title":"UTEK \u2013 Servicios de ingenier\u00eda en construcci\u00f3n de plantas.","og_description":"Clientes satisfechos desde 1994. Planificaci\u00f3n y construcci\u00f3n de plantas.","og_url":"https:\/\/utek.de\/es\/referencias\/clientes-y-proyectos-a-i\/","og_site_name":"utek","article_modified_time":"2025-05-15T15:00:59+00:00","twitter_card":"summary_large_image","twitter_misc":{"Tiempo de lectura":"1 minuto"},"schema":{"@context":"https:\/\/schema.org","@graph":[{"@type":"WebPage","@id":"https:\/\/utek.de\/es\/referencias\/clientes-y-proyectos-a-i\/","url":"https:\/\/utek.de\/es\/referencias\/clientes-y-proyectos-a-i\/","name":"UTEK \u2013 Servicios de ingenier\u00eda en construcci\u00f3n de plantas.","isPartOf":{"@id":"https:\/\/utek.de\/es\/#website"},"datePublished":"2020-01-20T12:46:27+00:00","dateModified":"2025-05-15T15:00:59+00:00","description":"Clientes satisfechos desde 1994. Planificaci\u00f3n y construcci\u00f3n de plantas.","breadcrumb":{"@id":"https:\/\/utek.de\/es\/referencias\/clientes-y-proyectos-a-i\/#breadcrumb"},"inLanguage":"es","potentialAction":[{"@type":"ReadAction","target":["https:\/\/utek.de\/es\/referencias\/clientes-y-proyectos-a-i\/"]}]},{"@type":"BreadcrumbList","@id":"https:\/\/utek.de\/es\/referencias\/clientes-y-proyectos-a-i\/#breadcrumb","itemListElement":[{"@type":"ListItem","position":1,"name":"Startseite","item":"https:\/\/utek.de\/es\/"},{"@type":"ListItem","position":2,"name":"Referencias","item":"https:\/\/utek.de\/es\/referencias\/"},{"@type":"ListItem","position":3,"name":"Clientes y proyectos, A-I"}]},{"@type":"WebSite","@id":"https:\/\/utek.de\/es\/#website","url":"https:\/\/utek.de\/es\/","name":"utek","description":"","potentialAction":[{"@type":"SearchAction","target":{"@type":"EntryPoint","urlTemplate":"https:\/\/utek.de\/es\/?s={search_term_string}"},"query-input":{"@type":"PropertyValueSpecification","valueRequired":true,"valueName":"search_term_string"}}],"inLanguage":"es"}]}},"_links":{"self":[{"href":"https:\/\/utek.de\/es\/wp-json\/wp\/v2\/pages\/4331","targetHints":{"allow":["GET"]}}],"collection":[{"href":"https:\/\/utek.de\/es\/wp-json\/wp\/v2\/pages"}],"about":[{"href":"https:\/\/utek.de\/es\/wp-json\/wp\/v2\/types\/page"}],"author":[{"embeddable":true,"href":"https:\/\/utek.de\/es\/wp-json\/wp\/v2\/users\/1"}],"replies":[{"embeddable":true,"href":"https:\/\/utek.de\/es\/wp-json\/wp\/v2\/comments?post=4331"}],"version-history":[{"count":5,"href":"https:\/\/utek.de\/es\/wp-json\/wp\/v2\/pages\/4331\/revisions"}],"predecessor-version":[{"id":7725,"href":"https:\/\/utek.de\/es\/wp-json\/wp\/v2\/pages\/4331\/revisions\/7725"}],"up":[{"embeddable":true,"href":"https:\/\/utek.de\/es\/wp-json\/wp\/v2\/pages\/4329"}],"wp:attachment":[{"href":"https:\/\/utek.de\/es\/wp-json\/wp\/v2\/media?parent=4331"}],"curies":[{"name":"wp","href":"https:\/\/api.w.org\/{rel}","templated":true}]}}