{"id":4329,"date":"2020-01-20T13:25:27","date_gmt":"2020-01-20T12:25:27","guid":{"rendered":"https:\/\/utek.de\/referenzen\/"},"modified":"2023-10-12T14:44:31","modified_gmt":"2023-10-12T12:44:31","slug":"referencias","status":"publish","type":"page","link":"https:\/\/utek.de\/es\/referencias\/","title":{"rendered":"Referencias"},"content":{"rendered":"<h1>Asociaci\u00f3n justa<\/h1>\n<h2>Cooperaci\u00f3n confiable con clientes nacionales e internacionales.<\/h2>\n<p>La oficina de ingenier\u00eda de UTEK est\u00e1 en continuo desarrollo porque la calidad y la confiabilidad crean confianza y lealtad.<\/p>\n<p>Al principio \u00e9ramos tres ingenieros. Hoy, casi tres d\u00e9cadas y muchos proyectos interesantes despu\u00e9s, somos el empleador de un equipo grande, motivado y experimentado de m\u00e1s de 50 ingenieros. La oportunidad de este desarrollo positivo se la debemos a nuestros clientes de las industrias qu\u00edmica y farmac\u00e9utica, as\u00ed como a la ingenier\u00eda de instalaciones. Muchos de nuestros clientes nos son fieles desde hace una d\u00e9cada o m\u00e1s, lo que confirma nuestra buena cooperaci\u00f3n productiva.<\/p>\n<p>Nos gustar\u00eda presentarle a nuestros clientes (de la A a la Z) y las referencias en estas p\u00e1ginas.<\/p>\n ","protected":false},"excerpt":{"rendered":"<p>Asociaci\u00f3n justa Cooperaci\u00f3n confiable con clientes nacionales e internacionales. La oficina de ingenier\u00eda de UTEK est\u00e1 en continuo desarrollo porque la calidad y la confiabilidad crean confianza y lealtad. Al principio \u00e9ramos tres ingenieros. Hoy, casi tres d\u00e9cadas y muchos proyectos interesantes despu\u00e9s, somos el empleador de un equipo grande, motivado y experimentado de m\u00e1s [&hellip;]<\/p>\n","protected":false},"author":1,"featured_media":0,"parent":0,"menu_order":16,"comment_status":"closed","ping_status":"closed","template":"","meta":{"_acf_changed":false,"footnotes":""},"class_list":["post-4329","page","type-page","status-publish","hentry"],"acf":[],"yoast_head":"<!-- This site is optimized with the Yoast SEO plugin v27.1.1 - https:\/\/yoast.com\/product\/yoast-seo-wordpress\/ -->\n<title>Referencias UTEK \u2013 Cooperaci\u00f3n confiable clientes internacionales<\/title>\n<meta name=\"description\" content=\"Clientes satisfechos desde 1994. Planificaci\u00f3n y construcci\u00f3n de plantas.\" \/>\n<meta name=\"robots\" content=\"index, follow, max-snippet:-1, max-image-preview:large, max-video-preview:-1\" \/>\n<link rel=\"canonical\" href=\"https:\/\/utek.de\/es\/referencias\/\" \/>\n<meta property=\"og:locale\" content=\"es_ES\" \/>\n<meta property=\"og:type\" content=\"article\" \/>\n<meta property=\"og:title\" content=\"Referencias UTEK \u2013 Cooperaci\u00f3n confiable clientes internacionales\" \/>\n<meta property=\"og:description\" content=\"Clientes satisfechos desde 1994. Planificaci\u00f3n y construcci\u00f3n de plantas.\" \/>\n<meta property=\"og:url\" content=\"https:\/\/utek.de\/es\/referencias\/\" \/>\n<meta property=\"og:site_name\" content=\"utek\" \/>\n<meta property=\"article:modified_time\" content=\"2023-10-12T12:44:31+00:00\" \/>\n<meta name=\"twitter:card\" content=\"summary_large_image\" \/>\n<meta name=\"twitter:label1\" content=\"Tiempo de lectura\" \/>\n\t<meta name=\"twitter:data1\" content=\"1 minuto\" \/>\n<script type=\"application\/ld+json\" class=\"yoast-schema-graph\">{\"@context\":\"https:\/\/schema.org\",\"@graph\":[{\"@type\":\"WebPage\",\"@id\":\"https:\/\/utek.de\/es\/referencias\/\",\"url\":\"https:\/\/utek.de\/es\/referencias\/\",\"name\":\"Referencias UTEK \u2013 Cooperaci\u00f3n confiable clientes internacionales\",\"isPartOf\":{\"@id\":\"https:\/\/utek.de\/es\/#website\"},\"datePublished\":\"2020-01-20T12:25:27+00:00\",\"dateModified\":\"2023-10-12T12:44:31+00:00\",\"description\":\"Clientes satisfechos desde 1994. Planificaci\u00f3n y construcci\u00f3n de plantas.\",\"breadcrumb\":{\"@id\":\"https:\/\/utek.de\/es\/referencias\/#breadcrumb\"},\"inLanguage\":\"es\",\"potentialAction\":[{\"@type\":\"ReadAction\",\"target\":[\"https:\/\/utek.de\/es\/referencias\/\"]}]},{\"@type\":\"BreadcrumbList\",\"@id\":\"https:\/\/utek.de\/es\/referencias\/#breadcrumb\",\"itemListElement\":[{\"@type\":\"ListItem\",\"position\":1,\"name\":\"Startseite\",\"item\":\"https:\/\/utek.de\/es\/\"},{\"@type\":\"ListItem\",\"position\":2,\"name\":\"Referencias\"}]},{\"@type\":\"WebSite\",\"@id\":\"https:\/\/utek.de\/es\/#website\",\"url\":\"https:\/\/utek.de\/es\/\",\"name\":\"utek\",\"description\":\"\",\"potentialAction\":[{\"@type\":\"SearchAction\",\"target\":{\"@type\":\"EntryPoint\",\"urlTemplate\":\"https:\/\/utek.de\/es\/?s={search_term_string}\"},\"query-input\":{\"@type\":\"PropertyValueSpecification\",\"valueRequired\":true,\"valueName\":\"search_term_string\"}}],\"inLanguage\":\"es\"}]}<\/script>\n<!-- \/ Yoast SEO plugin. -->","yoast_head_json":{"title":"Referencias UTEK \u2013 Cooperaci\u00f3n confiable clientes internacionales","description":"Clientes satisfechos desde 1994. Planificaci\u00f3n y construcci\u00f3n de plantas.","robots":{"index":"index","follow":"follow","max-snippet":"max-snippet:-1","max-image-preview":"max-image-preview:large","max-video-preview":"max-video-preview:-1"},"canonical":"https:\/\/utek.de\/es\/referencias\/","og_locale":"es_ES","og_type":"article","og_title":"Referencias UTEK \u2013 Cooperaci\u00f3n confiable clientes internacionales","og_description":"Clientes satisfechos desde 1994. Planificaci\u00f3n y construcci\u00f3n de plantas.","og_url":"https:\/\/utek.de\/es\/referencias\/","og_site_name":"utek","article_modified_time":"2023-10-12T12:44:31+00:00","twitter_card":"summary_large_image","twitter_misc":{"Tiempo de lectura":"1 minuto"},"schema":{"@context":"https:\/\/schema.org","@graph":[{"@type":"WebPage","@id":"https:\/\/utek.de\/es\/referencias\/","url":"https:\/\/utek.de\/es\/referencias\/","name":"Referencias UTEK \u2013 Cooperaci\u00f3n confiable clientes internacionales","isPartOf":{"@id":"https:\/\/utek.de\/es\/#website"},"datePublished":"2020-01-20T12:25:27+00:00","dateModified":"2023-10-12T12:44:31+00:00","description":"Clientes satisfechos desde 1994. Planificaci\u00f3n y construcci\u00f3n de plantas.","breadcrumb":{"@id":"https:\/\/utek.de\/es\/referencias\/#breadcrumb"},"inLanguage":"es","potentialAction":[{"@type":"ReadAction","target":["https:\/\/utek.de\/es\/referencias\/"]}]},{"@type":"BreadcrumbList","@id":"https:\/\/utek.de\/es\/referencias\/#breadcrumb","itemListElement":[{"@type":"ListItem","position":1,"name":"Startseite","item":"https:\/\/utek.de\/es\/"},{"@type":"ListItem","position":2,"name":"Referencias"}]},{"@type":"WebSite","@id":"https:\/\/utek.de\/es\/#website","url":"https:\/\/utek.de\/es\/","name":"utek","description":"","potentialAction":[{"@type":"SearchAction","target":{"@type":"EntryPoint","urlTemplate":"https:\/\/utek.de\/es\/?s={search_term_string}"},"query-input":{"@type":"PropertyValueSpecification","valueRequired":true,"valueName":"search_term_string"}}],"inLanguage":"es"}]}},"_links":{"self":[{"href":"https:\/\/utek.de\/es\/wp-json\/wp\/v2\/pages\/4329","targetHints":{"allow":["GET"]}}],"collection":[{"href":"https:\/\/utek.de\/es\/wp-json\/wp\/v2\/pages"}],"about":[{"href":"https:\/\/utek.de\/es\/wp-json\/wp\/v2\/types\/page"}],"author":[{"embeddable":true,"href":"https:\/\/utek.de\/es\/wp-json\/wp\/v2\/users\/1"}],"replies":[{"embeddable":true,"href":"https:\/\/utek.de\/es\/wp-json\/wp\/v2\/comments?post=4329"}],"version-history":[{"count":3,"href":"https:\/\/utek.de\/es\/wp-json\/wp\/v2\/pages\/4329\/revisions"}],"predecessor-version":[{"id":4340,"href":"https:\/\/utek.de\/es\/wp-json\/wp\/v2\/pages\/4329\/revisions\/4340"}],"wp:attachment":[{"href":"https:\/\/utek.de\/es\/wp-json\/wp\/v2\/media?parent=4329"}],"curies":[{"name":"wp","href":"https:\/\/api.w.org\/{rel}","templated":true}]}}