{"id":4326,"date":"2020-01-20T14:00:42","date_gmt":"2020-01-20T13:00:42","guid":{"rendered":"https:\/\/utek.de\/oficina\/arbeitsweise\/"},"modified":"2023-10-16T08:43:43","modified_gmt":"2023-10-16T06:43:43","slug":"manera-de-trabajar","status":"publish","type":"page","link":"https:\/\/utek.de\/es\/oficina\/manera-de-trabajar\/","title":{"rendered":"Manera de trabajar"},"content":{"rendered":"<h1>Justo en el centro: La forma de trabajar de UTEK<\/h1>\n<h2>En intercambio constructivo con el cliente, proveedores de servicios de ingenier\u00eda:dentro del proyecto<\/h2>\n<p><strong>UTEK trabaja orientado al cliente y a la b\u00fasqueda de soluciones.<\/strong><\/p>\n<p>Comprendiendo plenamente la tarea para luego resolverla de forma eficiente y en el plazo previsto: La oficina de ingenier\u00eda de UTEK planifica y optimiza exactamente donde \u00abaprieta el zapato\u00bb para nuestros clientes. Las especificaciones de nuestros clientes se aplican de forma coherente. Siempre cumplimos los plazos y los acuerdos. Esto se aplica tanto a las soluciones sistem\u00e1ticas como a las soluciones a corto plazo. Nuestro objetivo es siempre la cooperaci\u00f3n a largo plazo. Cada cliente debe estar contento de recomendarnos a otros con plena convicci\u00f3n.<\/p>\n<p><strong>UTEK ofrece ingenieros experimentados y especializados como personas de contacto.<\/strong><\/p>\n<p>Todos los empleados de UTEK le ofrecen un apoyo competente. Las personas de contacto con un alto nivel de rendimiento son algo natural para nosotros. Nuestros ingenieros cuentan con una amplia formaci\u00f3n y experiencia en proyectos en distintos lugares. Todos los empleados aprenden algo nuevo cada d\u00eda: Como proveedor de servicios de ingenier\u00eda, apostamos por un intercambio intensivo con el cliente, dentro de los equipos y entre ellos, as\u00ed como por medidas peri\u00f3dicas de formaci\u00f3n continua.<\/p>\n<p><strong>Ingenieros de UTEK &#8211; directamente en sus instalaciones.<\/strong><\/p>\n<p>Trabajamos en estrecha colaboraci\u00f3n con los empleados responsables in situ en las instalaciones de nuestros clientes. Mediante un intercambio directo y personal, encontramos las soluciones de ingenier\u00eda convincentes y seguras que mejor funcionan en la pr\u00e1ctica diaria.<\/p>\n<p><strong>UTEK asume tareas de coordinaci\u00f3n.<\/strong><\/p>\n<p>Coordinamos el trabajo con los departamentos especializados y las empresas externas que participan en los proyectos. Los ingenieros de UTEK tienen los o\u00eddos abiertos y se organizan de forma apreciativa, constructiva y motivadora.<\/p>\n<p><strong>UTEK exige informaci\u00f3n a sus clientes.<\/strong><\/p>\n<p>Solicitamos la informaci\u00f3n necesaria a los departamentos responsables. Esto nos permite cumplir con precisi\u00f3n los acuerdos alcanzados y los plazos fijados para usted. La oficina de ingenier\u00eda UTEK agradece la participaci\u00f3n de nuestros clientes en la b\u00fasqueda de soluciones. Estamos abiertos al debate y a la revisi\u00f3n de los resultados del trabajo.<\/p>\n<p><strong>UTEK cumple la normativa medioambiental y de seguridad.<\/strong><\/p>\n<p>En Ingenieurb\u00fcro UTEK, la seguridad de las personas, los equipos, los procesos y el medio ambiente est\u00e1 siempre en primer plano. El cumplimiento de todas las normas de seguridad y protecci\u00f3n medioambiental de nuestros clientes y de los legisladores es un requisito b\u00e1sico de nuestras actuaciones.<\/p>\n<p>&nbsp;<\/p>\n ","protected":false},"excerpt":{"rendered":"<p>Justo en el centro: La forma de trabajar de UTEK En intercambio constructivo con el cliente, proveedores de servicios de ingenier\u00eda:dentro del proyecto UTEK trabaja orientado al cliente y a la b\u00fasqueda de soluciones. Comprendiendo plenamente la tarea para luego resolverla de forma eficiente y en el plazo previsto: La oficina de ingenier\u00eda de UTEK [&hellip;]<\/p>\n","protected":false},"author":1,"featured_media":0,"parent":4323,"menu_order":3,"comment_status":"closed","ping_status":"closed","template":"","meta":{"_acf_changed":false,"footnotes":""},"class_list":["post-4326","page","type-page","status-publish","hentry"],"acf":[],"yoast_head":"<!-- This site is optimized with the Yoast SEO plugin v27.1.1 - https:\/\/yoast.com\/product\/yoast-seo-wordpress\/ -->\n<title>Somos prestador de servicios de ingenier\u00eda. Oficina de UTEK<\/title>\n<meta name=\"description\" content=\"Prestador de servicios de ingenier\u00eda UTEK Process Automation. Encontramos para usted las soluciones seguras que mejor funcionan.\" \/>\n<meta name=\"robots\" content=\"index, follow, max-snippet:-1, max-image-preview:large, max-video-preview:-1\" \/>\n<link rel=\"canonical\" href=\"https:\/\/utek.de\/es\/oficina\/manera-de-trabajar\/\" \/>\n<meta property=\"og:locale\" content=\"es_ES\" \/>\n<meta property=\"og:type\" content=\"article\" \/>\n<meta property=\"og:title\" content=\"Somos prestador de servicios de ingenier\u00eda. Oficina de UTEK\" \/>\n<meta property=\"og:description\" content=\"Prestador de servicios de ingenier\u00eda UTEK Process Automation. Encontramos para usted las soluciones seguras que mejor funcionan.\" \/>\n<meta property=\"og:url\" content=\"https:\/\/utek.de\/es\/oficina\/manera-de-trabajar\/\" \/>\n<meta property=\"og:site_name\" content=\"utek\" \/>\n<meta property=\"article:modified_time\" content=\"2023-10-16T06:43:43+00:00\" \/>\n<meta name=\"twitter:card\" content=\"summary_large_image\" \/>\n<meta name=\"twitter:label1\" content=\"Tiempo de lectura\" \/>\n\t<meta name=\"twitter:data1\" content=\"3 minutos\" \/>\n<script type=\"application\/ld+json\" class=\"yoast-schema-graph\">{\"@context\":\"https:\/\/schema.org\",\"@graph\":[{\"@type\":\"WebPage\",\"@id\":\"https:\/\/utek.de\/es\/oficina\/manera-de-trabajar\/\",\"url\":\"https:\/\/utek.de\/es\/oficina\/manera-de-trabajar\/\",\"name\":\"Somos prestador de servicios de ingenier\u00eda. Oficina de UTEK\",\"isPartOf\":{\"@id\":\"https:\/\/utek.de\/es\/#website\"},\"datePublished\":\"2020-01-20T13:00:42+00:00\",\"dateModified\":\"2023-10-16T06:43:43+00:00\",\"description\":\"Prestador de servicios de ingenier\u00eda UTEK Process Automation. Encontramos para usted las soluciones seguras que mejor funcionan.\",\"breadcrumb\":{\"@id\":\"https:\/\/utek.de\/es\/oficina\/manera-de-trabajar\/#breadcrumb\"},\"inLanguage\":\"es\",\"potentialAction\":[{\"@type\":\"ReadAction\",\"target\":[\"https:\/\/utek.de\/es\/oficina\/manera-de-trabajar\/\"]}]},{\"@type\":\"BreadcrumbList\",\"@id\":\"https:\/\/utek.de\/es\/oficina\/manera-de-trabajar\/#breadcrumb\",\"itemListElement\":[{\"@type\":\"ListItem\",\"position\":1,\"name\":\"Startseite\",\"item\":\"https:\/\/utek.de\/es\/\"},{\"@type\":\"ListItem\",\"position\":2,\"name\":\"Oficina\",\"item\":\"https:\/\/utek.de\/es\/oficina\/\"},{\"@type\":\"ListItem\",\"position\":3,\"name\":\"Manera de trabajar\"}]},{\"@type\":\"WebSite\",\"@id\":\"https:\/\/utek.de\/es\/#website\",\"url\":\"https:\/\/utek.de\/es\/\",\"name\":\"utek\",\"description\":\"\",\"potentialAction\":[{\"@type\":\"SearchAction\",\"target\":{\"@type\":\"EntryPoint\",\"urlTemplate\":\"https:\/\/utek.de\/es\/?s={search_term_string}\"},\"query-input\":{\"@type\":\"PropertyValueSpecification\",\"valueRequired\":true,\"valueName\":\"search_term_string\"}}],\"inLanguage\":\"es\"}]}<\/script>\n<!-- \/ Yoast SEO plugin. -->","yoast_head_json":{"title":"Somos prestador de servicios de ingenier\u00eda. Oficina de UTEK","description":"Prestador de servicios de ingenier\u00eda UTEK Process Automation. Encontramos para usted las soluciones seguras que mejor funcionan.","robots":{"index":"index","follow":"follow","max-snippet":"max-snippet:-1","max-image-preview":"max-image-preview:large","max-video-preview":"max-video-preview:-1"},"canonical":"https:\/\/utek.de\/es\/oficina\/manera-de-trabajar\/","og_locale":"es_ES","og_type":"article","og_title":"Somos prestador de servicios de ingenier\u00eda. Oficina de UTEK","og_description":"Prestador de servicios de ingenier\u00eda UTEK Process Automation. Encontramos para usted las soluciones seguras que mejor funcionan.","og_url":"https:\/\/utek.de\/es\/oficina\/manera-de-trabajar\/","og_site_name":"utek","article_modified_time":"2023-10-16T06:43:43+00:00","twitter_card":"summary_large_image","twitter_misc":{"Tiempo de lectura":"3 minutos"},"schema":{"@context":"https:\/\/schema.org","@graph":[{"@type":"WebPage","@id":"https:\/\/utek.de\/es\/oficina\/manera-de-trabajar\/","url":"https:\/\/utek.de\/es\/oficina\/manera-de-trabajar\/","name":"Somos prestador de servicios de ingenier\u00eda. Oficina de UTEK","isPartOf":{"@id":"https:\/\/utek.de\/es\/#website"},"datePublished":"2020-01-20T13:00:42+00:00","dateModified":"2023-10-16T06:43:43+00:00","description":"Prestador de servicios de ingenier\u00eda UTEK Process Automation. Encontramos para usted las soluciones seguras que mejor funcionan.","breadcrumb":{"@id":"https:\/\/utek.de\/es\/oficina\/manera-de-trabajar\/#breadcrumb"},"inLanguage":"es","potentialAction":[{"@type":"ReadAction","target":["https:\/\/utek.de\/es\/oficina\/manera-de-trabajar\/"]}]},{"@type":"BreadcrumbList","@id":"https:\/\/utek.de\/es\/oficina\/manera-de-trabajar\/#breadcrumb","itemListElement":[{"@type":"ListItem","position":1,"name":"Startseite","item":"https:\/\/utek.de\/es\/"},{"@type":"ListItem","position":2,"name":"Oficina","item":"https:\/\/utek.de\/es\/oficina\/"},{"@type":"ListItem","position":3,"name":"Manera de trabajar"}]},{"@type":"WebSite","@id":"https:\/\/utek.de\/es\/#website","url":"https:\/\/utek.de\/es\/","name":"utek","description":"","potentialAction":[{"@type":"SearchAction","target":{"@type":"EntryPoint","urlTemplate":"https:\/\/utek.de\/es\/?s={search_term_string}"},"query-input":{"@type":"PropertyValueSpecification","valueRequired":true,"valueName":"search_term_string"}}],"inLanguage":"es"}]}},"_links":{"self":[{"href":"https:\/\/utek.de\/es\/wp-json\/wp\/v2\/pages\/4326","targetHints":{"allow":["GET"]}}],"collection":[{"href":"https:\/\/utek.de\/es\/wp-json\/wp\/v2\/pages"}],"about":[{"href":"https:\/\/utek.de\/es\/wp-json\/wp\/v2\/types\/page"}],"author":[{"embeddable":true,"href":"https:\/\/utek.de\/es\/wp-json\/wp\/v2\/users\/1"}],"replies":[{"embeddable":true,"href":"https:\/\/utek.de\/es\/wp-json\/wp\/v2\/comments?post=4326"}],"version-history":[{"count":3,"href":"https:\/\/utek.de\/es\/wp-json\/wp\/v2\/pages\/4326\/revisions"}],"predecessor-version":[{"id":4454,"href":"https:\/\/utek.de\/es\/wp-json\/wp\/v2\/pages\/4326\/revisions\/4454"}],"up":[{"embeddable":true,"href":"https:\/\/utek.de\/es\/wp-json\/wp\/v2\/pages\/4323"}],"wp:attachment":[{"href":"https:\/\/utek.de\/es\/wp-json\/wp\/v2\/media?parent=4326"}],"curies":[{"name":"wp","href":"https:\/\/api.w.org\/{rel}","templated":true}]}}