{"id":4323,"date":"2020-01-20T13:59:43","date_gmt":"2020-01-20T12:59:43","guid":{"rendered":"https:\/\/utek.de\/firma\/"},"modified":"2023-10-16T08:40:28","modified_gmt":"2023-10-16T06:40:28","slug":"oficina","status":"publish","type":"page","link":"https:\/\/utek.de\/es\/oficina\/","title":{"rendered":"Oficina"},"content":{"rendered":"<h1>UTEK &#8211; Servicios de ingenier\u00eda desde 1994<\/h1>\n<h2>Socio de soluciones para empresas de la industria qu\u00edmica, farmac\u00e9utica y de construcci\u00f3n de instalaciones<\/h2>\n<p>Como expertos en procedimientos de homologaci\u00f3n de instalaciones, validaci\u00f3n de la seguridad de las instalaciones (conceptos de protecci\u00f3n contra explosiones, medidas de protecci\u00f3n) y planificaci\u00f3n del mantenimiento de las instalaciones, trabajamos para grandes marcas, principalmente de la industria qu\u00edmica, farmac\u00e9utica y de construcci\u00f3n de instalaciones.<\/p>\n<p>Nuestra empresa, UTEK, se caracteriza por sus conocimientos especializados, una forma de trabajar estructurada y orientada a la demanda y al cliente, y un pensamiento innovador. Siempre que es posible, nuestros ingenieros aplican sistem\u00e1ticamente las especificaciones de nuestros clientes en los plazos previstos. Nuestros empleados reaccionan con flexibilidad a los cambios en los requisitos. El cliente solicita activamente informaci\u00f3n relevante para acelerar el progreso del proyecto.<\/p>\n<p>Gracias a nuestra concepci\u00f3n del servicio claramente definida y aplicada, nuestros clientes trabajan con nosotros a largo plazo y a menudo nos hacen recomendaciones. UTEK es su primera direcci\u00f3n para servicios de ingenier\u00eda convincentes en las \u00e1reas de planificaci\u00f3n, automatizaci\u00f3n de procesos, homologaciones, seguridad de instalaciones, cualificaci\u00f3n y planificaci\u00f3n del mantenimiento.<\/p>\n<p><strong>Somos sin\u00f3nimo de claridad y fiabilidad<\/strong><\/p>\n<p><strong>UTEK le ofrece personas de contacto competentes.<\/strong><\/p>\n<p>Nuestros empleados son siempre personas de contacto competentes para usted. Los ingenieros de UTEK cuentan con una amplia formaci\u00f3n y perfeccionamiento y la mayor\u00eda de ellos ya tiene experiencia en proyectos en diversos lugares. Por eso trabajan de forma especialmente estructurada y orientada a los resultados.<\/p>\n<p><strong>UTEK es muy cercano.<\/strong><\/p>\n<p>Solemos trabajar in situ -en las instalaciones del cliente- en estrecha colaboraci\u00f3n con los empleados responsables de nuestros clientes. As\u00ed llegamos a conocer todos los detalles. Esto conduce a una buena cooperaci\u00f3n y ayuda a evitar malentendidos cr\u00edticos y costosos.<\/p>\n<p><strong>UTEK asume tareas de coordinaci\u00f3n.<\/strong><\/p>\n<p>Apoyamos a nuestros clientes y, si lo desean, coordinamos el trabajo con los departamentos especializados y las empresas externas que participan en los proyectos. Con ello queremos complementar los profundos conocimientos de nuestros clientes con nuestra experiencia, pero tambi\u00e9n contribuir a liberarles de tareas organizativas que requieren mucho tiempo.<\/p>\n<p><strong>UTEK trabaja de forma proactiva y solicita informaci\u00f3n a sus clientes de forma selectiva.<\/strong><\/p>\n<p>Para evitar retrasos en el trabajo y poder utilizar eficazmente los recursos y competencias, pensamos con y por adelantado. Siempre solicitamos con antelaci\u00f3n a los departamentos especializados responsables toda la informaci\u00f3n necesaria para lograr los resultados del trabajo.<\/p>\n<p><strong>UTEK revisa cuidadosamente los proyectos.<\/strong><\/p>\n<p>Estamos abiertos al debate y la revisi\u00f3n de los resultados de nuestro trabajo. Aprovechamos la revisi\u00f3n de un proyecto finalizado junto con nuestros clientes para tratar tanto los aspectos positivos como los aspectos del proyecto que necesitan optimizaci\u00f3n.<\/p>\n<p><strong>UTEK cumple la normativa medioambiental y de seguridad.<\/strong><\/p>\n<p>Ni que decir tiene que cumplimos escrupulosamente las normas medioambientales y de seguridad de nuestros clientes. Porque, al igual que nuestros clientes, consideramos que tenemos una responsabilidad con la naturaleza y el bien com\u00fan. Mantener el impacto medioambiental de los procesos de producci\u00f3n lo m\u00e1s bajo posible es una preocupaci\u00f3n importante para nosotros.<\/p>\n<p><strong>\u00bfSiente curiosidad por UTEK?<\/strong> Nosotros tambi\u00e9n sentimos curiosidad por usted y estamos deseando conocerle.<\/p>\n<p>&nbsp;<\/p>\n ","protected":false},"excerpt":{"rendered":"<p>UTEK &#8211; Servicios de ingenier\u00eda desde 1994 Socio de soluciones para empresas de la industria qu\u00edmica, farmac\u00e9utica y de construcci\u00f3n de instalaciones Como expertos en procedimientos de homologaci\u00f3n de instalaciones, validaci\u00f3n de la seguridad de las instalaciones (conceptos de protecci\u00f3n contra explosiones, medidas de protecci\u00f3n) y planificaci\u00f3n del mantenimiento de las instalaciones, trabajamos para grandes [&hellip;]<\/p>\n","protected":false},"author":1,"featured_media":3920,"parent":0,"menu_order":2,"comment_status":"closed","ping_status":"closed","template":"","meta":{"_acf_changed":false,"footnotes":""},"class_list":["post-4323","page","type-page","status-publish","has-post-thumbnail","hentry"],"acf":[],"yoast_head":"<!-- This site is optimized with the Yoast SEO plugin v27.1.1 - https:\/\/yoast.com\/product\/yoast-seo-wordpress\/ -->\n<title>Validaci\u00f3n de la seguridad de la planta con la oficina UTEK<\/title>\n<meta name=\"description\" content=\"Como expertos en procedimientos de autorizaci\u00f3n de plantas, validaci\u00f3n de la seguridad de las plantas y planificaci\u00f3n del mantenimiento, trabajamos para grandes empresas.\" \/>\n<meta name=\"robots\" content=\"index, follow, max-snippet:-1, max-image-preview:large, max-video-preview:-1\" \/>\n<link rel=\"canonical\" href=\"https:\/\/utek.de\/es\/oficina\/\" \/>\n<meta property=\"og:locale\" content=\"es_ES\" \/>\n<meta property=\"og:type\" content=\"article\" \/>\n<meta property=\"og:title\" content=\"Validaci\u00f3n de la seguridad de la planta con la oficina UTEK\" \/>\n<meta property=\"og:description\" content=\"Como expertos en procedimientos de autorizaci\u00f3n de plantas, validaci\u00f3n de la seguridad de las plantas y planificaci\u00f3n del mantenimiento, trabajamos para grandes empresas.\" \/>\n<meta property=\"og:url\" content=\"https:\/\/utek.de\/es\/oficina\/\" \/>\n<meta property=\"og:site_name\" content=\"utek\" \/>\n<meta property=\"article:modified_time\" content=\"2023-10-16T06:40:28+00:00\" \/>\n<meta property=\"og:image\" content=\"https:\/\/utek.de\/wp-content\/uploads\/2021\/11\/ingenieurbuero-utek-dortmund-anlagenbau-prozessautomation-engineering-anlagensicherheitsvalidierung.jpg\" \/>\n\t<meta property=\"og:image:width\" content=\"2560\" \/>\n\t<meta property=\"og:image:height\" content=\"848\" \/>\n\t<meta property=\"og:image:type\" content=\"image\/jpeg\" \/>\n<meta name=\"twitter:card\" content=\"summary_large_image\" \/>\n<meta name=\"twitter:label1\" content=\"Tiempo de lectura\" \/>\n\t<meta name=\"twitter:data1\" content=\"3 minutos\" \/>\n<script type=\"application\/ld+json\" class=\"yoast-schema-graph\">{\"@context\":\"https:\/\/schema.org\",\"@graph\":[{\"@type\":\"WebPage\",\"@id\":\"https:\/\/utek.de\/es\/oficina\/\",\"url\":\"https:\/\/utek.de\/es\/oficina\/\",\"name\":\"Validaci\u00f3n de la seguridad de la planta con la oficina UTEK\",\"isPartOf\":{\"@id\":\"https:\/\/utek.de\/es\/#website\"},\"primaryImageOfPage\":{\"@id\":\"https:\/\/utek.de\/es\/oficina\/#primaryimage\"},\"image\":{\"@id\":\"https:\/\/utek.de\/es\/oficina\/#primaryimage\"},\"thumbnailUrl\":\"https:\/\/utek.de\/wp-content\/uploads\/2021\/11\/ingenieurbuero-utek-dortmund-anlagenbau-prozessautomation-engineering-anlagensicherheitsvalidierung.jpg\",\"datePublished\":\"2020-01-20T12:59:43+00:00\",\"dateModified\":\"2023-10-16T06:40:28+00:00\",\"description\":\"Como expertos en procedimientos de autorizaci\u00f3n de plantas, validaci\u00f3n de la seguridad de las plantas y planificaci\u00f3n del mantenimiento, trabajamos para grandes empresas.\",\"breadcrumb\":{\"@id\":\"https:\/\/utek.de\/es\/oficina\/#breadcrumb\"},\"inLanguage\":\"es\",\"potentialAction\":[{\"@type\":\"ReadAction\",\"target\":[\"https:\/\/utek.de\/es\/oficina\/\"]}]},{\"@type\":\"ImageObject\",\"inLanguage\":\"es\",\"@id\":\"https:\/\/utek.de\/es\/oficina\/#primaryimage\",\"url\":\"https:\/\/utek.de\/wp-content\/uploads\/2021\/11\/ingenieurbuero-utek-dortmund-anlagenbau-prozessautomation-engineering-anlagensicherheitsvalidierung.jpg\",\"contentUrl\":\"https:\/\/utek.de\/wp-content\/uploads\/2021\/11\/ingenieurbuero-utek-dortmund-anlagenbau-prozessautomation-engineering-anlagensicherheitsvalidierung.jpg\",\"width\":2560,\"height\":848},{\"@type\":\"BreadcrumbList\",\"@id\":\"https:\/\/utek.de\/es\/oficina\/#breadcrumb\",\"itemListElement\":[{\"@type\":\"ListItem\",\"position\":1,\"name\":\"Startseite\",\"item\":\"https:\/\/utek.de\/es\/\"},{\"@type\":\"ListItem\",\"position\":2,\"name\":\"Oficina\"}]},{\"@type\":\"WebSite\",\"@id\":\"https:\/\/utek.de\/es\/#website\",\"url\":\"https:\/\/utek.de\/es\/\",\"name\":\"utek\",\"description\":\"\",\"potentialAction\":[{\"@type\":\"SearchAction\",\"target\":{\"@type\":\"EntryPoint\",\"urlTemplate\":\"https:\/\/utek.de\/es\/?s={search_term_string}\"},\"query-input\":{\"@type\":\"PropertyValueSpecification\",\"valueRequired\":true,\"valueName\":\"search_term_string\"}}],\"inLanguage\":\"es\"}]}<\/script>\n<!-- \/ Yoast SEO plugin. -->","yoast_head_json":{"title":"Validaci\u00f3n de la seguridad de la planta con la oficina UTEK","description":"Como expertos en procedimientos de autorizaci\u00f3n de plantas, validaci\u00f3n de la seguridad de las plantas y planificaci\u00f3n del mantenimiento, trabajamos para grandes empresas.","robots":{"index":"index","follow":"follow","max-snippet":"max-snippet:-1","max-image-preview":"max-image-preview:large","max-video-preview":"max-video-preview:-1"},"canonical":"https:\/\/utek.de\/es\/oficina\/","og_locale":"es_ES","og_type":"article","og_title":"Validaci\u00f3n de la seguridad de la planta con la oficina UTEK","og_description":"Como expertos en procedimientos de autorizaci\u00f3n de plantas, validaci\u00f3n de la seguridad de las plantas y planificaci\u00f3n del mantenimiento, trabajamos para grandes empresas.","og_url":"https:\/\/utek.de\/es\/oficina\/","og_site_name":"utek","article_modified_time":"2023-10-16T06:40:28+00:00","og_image":[{"width":2560,"height":848,"url":"https:\/\/utek.de\/wp-content\/uploads\/2021\/11\/ingenieurbuero-utek-dortmund-anlagenbau-prozessautomation-engineering-anlagensicherheitsvalidierung.jpg","type":"image\/jpeg"}],"twitter_card":"summary_large_image","twitter_misc":{"Tiempo de lectura":"3 minutos"},"schema":{"@context":"https:\/\/schema.org","@graph":[{"@type":"WebPage","@id":"https:\/\/utek.de\/es\/oficina\/","url":"https:\/\/utek.de\/es\/oficina\/","name":"Validaci\u00f3n de la seguridad de la planta con la oficina UTEK","isPartOf":{"@id":"https:\/\/utek.de\/es\/#website"},"primaryImageOfPage":{"@id":"https:\/\/utek.de\/es\/oficina\/#primaryimage"},"image":{"@id":"https:\/\/utek.de\/es\/oficina\/#primaryimage"},"thumbnailUrl":"https:\/\/utek.de\/wp-content\/uploads\/2021\/11\/ingenieurbuero-utek-dortmund-anlagenbau-prozessautomation-engineering-anlagensicherheitsvalidierung.jpg","datePublished":"2020-01-20T12:59:43+00:00","dateModified":"2023-10-16T06:40:28+00:00","description":"Como expertos en procedimientos de autorizaci\u00f3n de plantas, validaci\u00f3n de la seguridad de las plantas y planificaci\u00f3n del mantenimiento, trabajamos para grandes empresas.","breadcrumb":{"@id":"https:\/\/utek.de\/es\/oficina\/#breadcrumb"},"inLanguage":"es","potentialAction":[{"@type":"ReadAction","target":["https:\/\/utek.de\/es\/oficina\/"]}]},{"@type":"ImageObject","inLanguage":"es","@id":"https:\/\/utek.de\/es\/oficina\/#primaryimage","url":"https:\/\/utek.de\/wp-content\/uploads\/2021\/11\/ingenieurbuero-utek-dortmund-anlagenbau-prozessautomation-engineering-anlagensicherheitsvalidierung.jpg","contentUrl":"https:\/\/utek.de\/wp-content\/uploads\/2021\/11\/ingenieurbuero-utek-dortmund-anlagenbau-prozessautomation-engineering-anlagensicherheitsvalidierung.jpg","width":2560,"height":848},{"@type":"BreadcrumbList","@id":"https:\/\/utek.de\/es\/oficina\/#breadcrumb","itemListElement":[{"@type":"ListItem","position":1,"name":"Startseite","item":"https:\/\/utek.de\/es\/"},{"@type":"ListItem","position":2,"name":"Oficina"}]},{"@type":"WebSite","@id":"https:\/\/utek.de\/es\/#website","url":"https:\/\/utek.de\/es\/","name":"utek","description":"","potentialAction":[{"@type":"SearchAction","target":{"@type":"EntryPoint","urlTemplate":"https:\/\/utek.de\/es\/?s={search_term_string}"},"query-input":{"@type":"PropertyValueSpecification","valueRequired":true,"valueName":"search_term_string"}}],"inLanguage":"es"}]}},"_links":{"self":[{"href":"https:\/\/utek.de\/es\/wp-json\/wp\/v2\/pages\/4323","targetHints":{"allow":["GET"]}}],"collection":[{"href":"https:\/\/utek.de\/es\/wp-json\/wp\/v2\/pages"}],"about":[{"href":"https:\/\/utek.de\/es\/wp-json\/wp\/v2\/types\/page"}],"author":[{"embeddable":true,"href":"https:\/\/utek.de\/es\/wp-json\/wp\/v2\/users\/1"}],"replies":[{"embeddable":true,"href":"https:\/\/utek.de\/es\/wp-json\/wp\/v2\/comments?post=4323"}],"version-history":[{"count":3,"href":"https:\/\/utek.de\/es\/wp-json\/wp\/v2\/pages\/4323\/revisions"}],"predecessor-version":[{"id":4453,"href":"https:\/\/utek.de\/es\/wp-json\/wp\/v2\/pages\/4323\/revisions\/4453"}],"wp:featuredmedia":[{"embeddable":true,"href":"https:\/\/utek.de\/es\/wp-json\/wp\/v2\/media\/3920"}],"wp:attachment":[{"href":"https:\/\/utek.de\/es\/wp-json\/wp\/v2\/media?parent=4323"}],"curies":[{"name":"wp","href":"https:\/\/api.w.org\/{rel}","templated":true}]}}