{"id":4320,"date":"2020-01-20T17:20:05","date_gmt":"2020-01-20T16:20:05","guid":{"rendered":"https:\/\/utek.de\/servicios\/instandhaltung\/"},"modified":"2024-03-27T15:49:23","modified_gmt":"2024-03-27T14:49:23","slug":"planificacion-del-mantenimiento","status":"publish","type":"page","link":"https:\/\/utek.de\/es\/servicios\/planificacion-del-mantenimiento\/","title":{"rendered":"Planificaci\u00f3n del mantenimiento"},"content":{"rendered":"<h1>Mantener el valor: salvaguardar la funci\u00f3n de los procesos y sistemas existentes.<\/h1>\n<h2>En UTEK no s\u00f3lo planificamos cosas nuevas.<\/h2>\n<p>La planificaci\u00f3n del mantenimiento con la oficina de ingenier\u00eda de UTEK tambi\u00e9n significa desarrollar conceptos para el mantenimiento de plantas nuevas y existentes. Esta planificaci\u00f3n del mantenimiento de las plantas resulta rentable, ya que ayuda a reducir las inversiones costosas y, adem\u00e1s, ahorra recursos. Una visi\u00f3n general de los servicios de ingenier\u00eda de nuestra cartera que contribuyen a optimizar la vida \u00fatil, la seguridad y el valor a\u00f1adido de sus plantas:<\/p>\n<p><strong>Organizaci\u00f3n del mantenimiento peri\u00f3dico<\/strong><\/p>\n<ul>\n<li>Selecci\u00f3n de equipos para el mantenimiento programado, teniendo especialmente en cuenta los aspectos de calidad y responsabilidad sobre el producto, la disponibilidad de la planta, la protecci\u00f3n del medio ambiente y la normativa de seguridad y las normas, directrices y est\u00e1ndares establecidos.<\/li>\n<li>Preparaci\u00f3n de los documentos de trabajo necesarios (descripciones de actividades, hojas de especificaciones, listas de comprobaci\u00f3n, registros de inspecci\u00f3n).<\/li>\n<li>Determinaci\u00f3n de m\u00e9todos de inspecci\u00f3n (termograf\u00eda, mediciones de vibraciones, an\u00e1lisis de aceites).<\/li>\n<li>Introducci\u00f3n de herramientas adecuadas para el seguimiento de plazos y la evaluaci\u00f3n de actividades utilizando los recursos existentes o nuevas soluciones de EDP<\/li>\n<li>Establecimiento de un sistema de seguimiento de los equipos de inspecci\u00f3n<\/li>\n<li>Control y optimizaci\u00f3n del sistema mediante an\u00e1lisis peri\u00f3dicos de las actividades realizadas<\/li>\n<\/ul>\n<p><strong>\u00abPlanificaci\u00f3n del mantenimiento\u00bb con el m\u00f3dulo PM de SAP<\/strong><\/p>\n<ul>\n<li>Asesoramiento sobre la introducci\u00f3n del elemento \u00abplanificaci\u00f3n del mantenimiento\u00bb en el m\u00f3dulo PM de SAP<\/li>\n<li>Creaci\u00f3n y desarrollo de conceptos de mantenimiento<\/li>\n<li>Implementaci\u00f3n del concepto en la planificaci\u00f3n del mantenimiento del m\u00f3dulo PM de SAP (creaci\u00f3n de estrategias de mantenimiento, elaboraci\u00f3n de planes maestros, creaci\u00f3n de instrucciones de mantenimiento, posiciones de mantenimiento y planes de mantenimiento)<\/li>\n<li>Realizaci\u00f3n de la formaci\u00f3n del personal sobre la aplicaci\u00f3n del concepto<\/li>\n<\/ul>\n<p><strong>Sistemas EDV<\/strong><\/p>\n<ul>\n<li>Apoyo en la introducci\u00f3n de sistemas inform\u00e1ticos (elaboraci\u00f3n de perfiles de requisitos, creaci\u00f3n de especificaciones funcionales)<\/li>\n<li>Creaci\u00f3n de bases de datos orientadas al usuario para apoyar los procesos de trabajo, por ejemplo, para la planificaci\u00f3n del mantenimiento en funci\u00f3n del tiempo y el rendimiento y para la gesti\u00f3n de los equipos<\/li>\n<\/ul>\n<p><strong>Sistemas de gesti\u00f3n en la planificaci\u00f3n del mantenimiento<\/strong><\/p>\n<ul>\n<li>Establecimiento y perfeccionamiento de sistemas de gesti\u00f3n en el mantenimiento (sistemas de gesti\u00f3n de calidad\/medio ambiente\/integrados)<\/li>\n<li>Realizaci\u00f3n de inventarios (comparaci\u00f3n objetivo\/real)<\/li>\n<li>Documentaci\u00f3n del sistema de gesti\u00f3n de acuerdo con las especificaciones del cliente<\/li>\n<li>Apoyo en la aplicaci\u00f3n efectiva de las medidas<\/li>\n<\/ul>\n<p>&nbsp;<\/p>\n<p>Merece la pena confiar en nuestros experimentados ingenieros para mantener el valor de sus plantas. <strong>En UTEK tiene un socio fuerte y fiable.<\/strong><\/p>\n<p>&nbsp;<\/p>\n ","protected":false},"excerpt":{"rendered":"<p>Mantener el valor: salvaguardar la funci\u00f3n de los procesos y sistemas existentes. En UTEK no s\u00f3lo planificamos cosas nuevas. La planificaci\u00f3n del mantenimiento con la oficina de ingenier\u00eda de UTEK tambi\u00e9n significa desarrollar conceptos para el mantenimiento de plantas nuevas y existentes. Esta planificaci\u00f3n del mantenimiento de las plantas resulta rentable, ya que ayuda a [&hellip;]<\/p>\n","protected":false},"author":1,"featured_media":3948,"parent":4302,"menu_order":12,"comment_status":"closed","ping_status":"closed","template":"","meta":{"_acf_changed":false,"footnotes":""},"class_list":["post-4320","page","type-page","status-publish","has-post-thumbnail","hentry"],"acf":[],"yoast_head":"<!-- This site is optimized with the Yoast SEO plugin v27.1.1 - https:\/\/yoast.com\/product\/yoast-seo-wordpress\/ -->\n<title>Planificaci\u00f3n del mantenimiento con UTEK: todos los servicios<\/title>\n<meta name=\"description\" content=\"Establecimiento y desarrollo de conceptos de mantenimiento, planificaci\u00f3n del mantenimiento, implementaci\u00f3n en m\u00f3dulos PM de SAP R\/3\" \/>\n<meta name=\"robots\" content=\"index, follow, max-snippet:-1, max-image-preview:large, max-video-preview:-1\" \/>\n<link rel=\"canonical\" href=\"https:\/\/utek.de\/es\/servicios\/planificacion-del-mantenimiento\/\" \/>\n<meta property=\"og:locale\" content=\"es_ES\" \/>\n<meta property=\"og:type\" content=\"article\" \/>\n<meta property=\"og:title\" content=\"Planificaci\u00f3n del mantenimiento con UTEK: todos los servicios\" \/>\n<meta property=\"og:description\" content=\"Establecimiento y desarrollo de conceptos de mantenimiento, planificaci\u00f3n del mantenimiento, implementaci\u00f3n en m\u00f3dulos PM de SAP R\/3\" \/>\n<meta property=\"og:url\" content=\"https:\/\/utek.de\/es\/servicios\/planificacion-del-mantenimiento\/\" \/>\n<meta property=\"og:site_name\" content=\"utek\" \/>\n<meta property=\"article:modified_time\" content=\"2024-03-27T14:49:23+00:00\" \/>\n<meta property=\"og:image\" content=\"https:\/\/utek.de\/wp-content\/uploads\/2021\/11\/ingenieurbuero-utek-prozessautomation-ingenieure-ih-planung.jpg\" \/>\n\t<meta property=\"og:image:width\" content=\"640\" \/>\n\t<meta property=\"og:image:height\" content=\"427\" \/>\n\t<meta property=\"og:image:type\" content=\"image\/jpeg\" \/>\n<meta name=\"twitter:card\" content=\"summary_large_image\" \/>\n<meta name=\"twitter:label1\" content=\"Tiempo de lectura\" \/>\n\t<meta name=\"twitter:data1\" content=\"4 minutos\" \/>\n<script type=\"application\/ld+json\" class=\"yoast-schema-graph\">{\"@context\":\"https:\/\/schema.org\",\"@graph\":[{\"@type\":\"WebPage\",\"@id\":\"https:\/\/utek.de\/es\/servicios\/planificacion-del-mantenimiento\/\",\"url\":\"https:\/\/utek.de\/es\/servicios\/planificacion-del-mantenimiento\/\",\"name\":\"Planificaci\u00f3n del mantenimiento con UTEK: todos los servicios\",\"isPartOf\":{\"@id\":\"https:\/\/utek.de\/es\/#website\"},\"primaryImageOfPage\":{\"@id\":\"https:\/\/utek.de\/es\/servicios\/planificacion-del-mantenimiento\/#primaryimage\"},\"image\":{\"@id\":\"https:\/\/utek.de\/es\/servicios\/planificacion-del-mantenimiento\/#primaryimage\"},\"thumbnailUrl\":\"https:\/\/utek.de\/wp-content\/uploads\/2021\/11\/ingenieurbuero-utek-prozessautomation-ingenieure-ih-planung.jpg\",\"datePublished\":\"2020-01-20T16:20:05+00:00\",\"dateModified\":\"2024-03-27T14:49:23+00:00\",\"description\":\"Establecimiento y desarrollo de conceptos de mantenimiento, planificaci\u00f3n del mantenimiento, implementaci\u00f3n en m\u00f3dulos PM de SAP R\/3\",\"breadcrumb\":{\"@id\":\"https:\/\/utek.de\/es\/servicios\/planificacion-del-mantenimiento\/#breadcrumb\"},\"inLanguage\":\"es\",\"potentialAction\":[{\"@type\":\"ReadAction\",\"target\":[\"https:\/\/utek.de\/es\/servicios\/planificacion-del-mantenimiento\/\"]}]},{\"@type\":\"ImageObject\",\"inLanguage\":\"es\",\"@id\":\"https:\/\/utek.de\/es\/servicios\/planificacion-del-mantenimiento\/#primaryimage\",\"url\":\"https:\/\/utek.de\/wp-content\/uploads\/2021\/11\/ingenieurbuero-utek-prozessautomation-ingenieure-ih-planung.jpg\",\"contentUrl\":\"https:\/\/utek.de\/wp-content\/uploads\/2021\/11\/ingenieurbuero-utek-prozessautomation-ingenieure-ih-planung.jpg\",\"width\":640,\"height\":427},{\"@type\":\"BreadcrumbList\",\"@id\":\"https:\/\/utek.de\/es\/servicios\/planificacion-del-mantenimiento\/#breadcrumb\",\"itemListElement\":[{\"@type\":\"ListItem\",\"position\":1,\"name\":\"Startseite\",\"item\":\"https:\/\/utek.de\/es\/\"},{\"@type\":\"ListItem\",\"position\":2,\"name\":\"Servicios\",\"item\":\"https:\/\/utek.de\/es\/servicios\/\"},{\"@type\":\"ListItem\",\"position\":3,\"name\":\"Planificaci\u00f3n del mantenimiento\"}]},{\"@type\":\"WebSite\",\"@id\":\"https:\/\/utek.de\/es\/#website\",\"url\":\"https:\/\/utek.de\/es\/\",\"name\":\"utek\",\"description\":\"\",\"potentialAction\":[{\"@type\":\"SearchAction\",\"target\":{\"@type\":\"EntryPoint\",\"urlTemplate\":\"https:\/\/utek.de\/es\/?s={search_term_string}\"},\"query-input\":{\"@type\":\"PropertyValueSpecification\",\"valueRequired\":true,\"valueName\":\"search_term_string\"}}],\"inLanguage\":\"es\"}]}<\/script>\n<!-- \/ Yoast SEO plugin. -->","yoast_head_json":{"title":"Planificaci\u00f3n del mantenimiento con UTEK: todos los servicios","description":"Establecimiento y desarrollo de conceptos de mantenimiento, planificaci\u00f3n del mantenimiento, implementaci\u00f3n en m\u00f3dulos PM de SAP R\/3","robots":{"index":"index","follow":"follow","max-snippet":"max-snippet:-1","max-image-preview":"max-image-preview:large","max-video-preview":"max-video-preview:-1"},"canonical":"https:\/\/utek.de\/es\/servicios\/planificacion-del-mantenimiento\/","og_locale":"es_ES","og_type":"article","og_title":"Planificaci\u00f3n del mantenimiento con UTEK: todos los servicios","og_description":"Establecimiento y desarrollo de conceptos de mantenimiento, planificaci\u00f3n del mantenimiento, implementaci\u00f3n en m\u00f3dulos PM de SAP R\/3","og_url":"https:\/\/utek.de\/es\/servicios\/planificacion-del-mantenimiento\/","og_site_name":"utek","article_modified_time":"2024-03-27T14:49:23+00:00","og_image":[{"width":640,"height":427,"url":"https:\/\/utek.de\/wp-content\/uploads\/2021\/11\/ingenieurbuero-utek-prozessautomation-ingenieure-ih-planung.jpg","type":"image\/jpeg"}],"twitter_card":"summary_large_image","twitter_misc":{"Tiempo de lectura":"4 minutos"},"schema":{"@context":"https:\/\/schema.org","@graph":[{"@type":"WebPage","@id":"https:\/\/utek.de\/es\/servicios\/planificacion-del-mantenimiento\/","url":"https:\/\/utek.de\/es\/servicios\/planificacion-del-mantenimiento\/","name":"Planificaci\u00f3n del mantenimiento con UTEK: todos los servicios","isPartOf":{"@id":"https:\/\/utek.de\/es\/#website"},"primaryImageOfPage":{"@id":"https:\/\/utek.de\/es\/servicios\/planificacion-del-mantenimiento\/#primaryimage"},"image":{"@id":"https:\/\/utek.de\/es\/servicios\/planificacion-del-mantenimiento\/#primaryimage"},"thumbnailUrl":"https:\/\/utek.de\/wp-content\/uploads\/2021\/11\/ingenieurbuero-utek-prozessautomation-ingenieure-ih-planung.jpg","datePublished":"2020-01-20T16:20:05+00:00","dateModified":"2024-03-27T14:49:23+00:00","description":"Establecimiento y desarrollo de conceptos de mantenimiento, planificaci\u00f3n del mantenimiento, implementaci\u00f3n en m\u00f3dulos PM de SAP R\/3","breadcrumb":{"@id":"https:\/\/utek.de\/es\/servicios\/planificacion-del-mantenimiento\/#breadcrumb"},"inLanguage":"es","potentialAction":[{"@type":"ReadAction","target":["https:\/\/utek.de\/es\/servicios\/planificacion-del-mantenimiento\/"]}]},{"@type":"ImageObject","inLanguage":"es","@id":"https:\/\/utek.de\/es\/servicios\/planificacion-del-mantenimiento\/#primaryimage","url":"https:\/\/utek.de\/wp-content\/uploads\/2021\/11\/ingenieurbuero-utek-prozessautomation-ingenieure-ih-planung.jpg","contentUrl":"https:\/\/utek.de\/wp-content\/uploads\/2021\/11\/ingenieurbuero-utek-prozessautomation-ingenieure-ih-planung.jpg","width":640,"height":427},{"@type":"BreadcrumbList","@id":"https:\/\/utek.de\/es\/servicios\/planificacion-del-mantenimiento\/#breadcrumb","itemListElement":[{"@type":"ListItem","position":1,"name":"Startseite","item":"https:\/\/utek.de\/es\/"},{"@type":"ListItem","position":2,"name":"Servicios","item":"https:\/\/utek.de\/es\/servicios\/"},{"@type":"ListItem","position":3,"name":"Planificaci\u00f3n del mantenimiento"}]},{"@type":"WebSite","@id":"https:\/\/utek.de\/es\/#website","url":"https:\/\/utek.de\/es\/","name":"utek","description":"","potentialAction":[{"@type":"SearchAction","target":{"@type":"EntryPoint","urlTemplate":"https:\/\/utek.de\/es\/?s={search_term_string}"},"query-input":{"@type":"PropertyValueSpecification","valueRequired":true,"valueName":"search_term_string"}}],"inLanguage":"es"}]}},"_links":{"self":[{"href":"https:\/\/utek.de\/es\/wp-json\/wp\/v2\/pages\/4320","targetHints":{"allow":["GET"]}}],"collection":[{"href":"https:\/\/utek.de\/es\/wp-json\/wp\/v2\/pages"}],"about":[{"href":"https:\/\/utek.de\/es\/wp-json\/wp\/v2\/types\/page"}],"author":[{"embeddable":true,"href":"https:\/\/utek.de\/es\/wp-json\/wp\/v2\/users\/1"}],"replies":[{"embeddable":true,"href":"https:\/\/utek.de\/es\/wp-json\/wp\/v2\/comments?post=4320"}],"version-history":[{"count":4,"href":"https:\/\/utek.de\/es\/wp-json\/wp\/v2\/pages\/4320\/revisions"}],"predecessor-version":[{"id":5687,"href":"https:\/\/utek.de\/es\/wp-json\/wp\/v2\/pages\/4320\/revisions\/5687"}],"up":[{"embeddable":true,"href":"https:\/\/utek.de\/es\/wp-json\/wp\/v2\/pages\/4302"}],"wp:featuredmedia":[{"embeddable":true,"href":"https:\/\/utek.de\/es\/wp-json\/wp\/v2\/media\/3948"}],"wp:attachment":[{"href":"https:\/\/utek.de\/es\/wp-json\/wp\/v2\/media?parent=4320"}],"curies":[{"name":"wp","href":"https:\/\/api.w.org\/{rel}","templated":true}]}}