{"id":4311,"date":"2020-01-20T17:18:56","date_gmt":"2020-01-20T16:18:56","guid":{"rendered":"https:\/\/utek.de\/servicios\/compliance-engineering\/"},"modified":"2023-10-16T08:23:46","modified_gmt":"2023-10-16T06:23:46","slug":"compliance-engineering","status":"publish","type":"page","link":"https:\/\/utek.de\/es\/servicios\/compliance-engineering\/","title":{"rendered":"Compliance Engineering"},"content":{"rendered":"<h1>Ingenier\u00eda de cumplimiento profesional<\/h1>\n<h2>Compromiso con el cumplimiento de las normas reconocidas, de forma sistem\u00e1tica y competente.<\/h2>\n<p>UTEK cuenta con m\u00e1s de veinte a\u00f1os de experiencia en la aplicaci\u00f3n de requisitos legales y m\u00e1s de quince en la realizaci\u00f3n de an\u00e1lisis de riesgos de procesos. UTEK tambi\u00e9n adopta y tiene en cuenta requisitos modificados, ampliados o adicionales y sigue desarrollando la ingenier\u00eda de cumplimiento con sus clientes.<\/p>\n<h3>Nuestros servicios para usted de un vistazo:<\/h3>\n<p><strong>An\u00e1lisis de peligros de procesos (HAZOP\/PAAG\/A-Testate)<\/strong><\/p>\n<ul>\n<li>Con UTEK puede identificar sistem\u00e1ticamente los peligros. Realizamos la implementaci\u00f3n de HAZOPs \/ PAAGs completos o la revalidaci\u00f3n de HAZOPs \/ PAAGs para plantas existentes (HAZOP = Hazard and Operability).<\/li>\n<li>Tambi\u00e9n gestionamos para usted la implementaci\u00f3n de HAZOP de proyectos complementarios (HAZID\/concept HAZOP, HAZOP de dise\u00f1o, HAZOP de dise\u00f1o y HAZOP de puesta en marcha). Estos incluyen\n<ul>\n<li>la revisi\u00f3n y evaluaci\u00f3n de la documentaci\u00f3n existente de la planta,<\/li>\n<li>un estudio in situ del estado real y una comparaci\u00f3n con los diagramas de flujo actuales y los datos de la planta, as\u00ed como una comparaci\u00f3n con la documentaci\u00f3n interna del cliente,<\/li>\n<li>Determinaci\u00f3n de los l\u00edmites de consideraci\u00f3n y definici\u00f3n de los subsistemas\/funciones objetivo,<\/li>\n<li>Preparaci\u00f3n del contenido de las funciones objetivo en funci\u00f3n de los par\u00e1metros que deben considerarse (por ejemplo, caudal, presi\u00f3n, temperatura) y de las palabras clave (por ejemplo, m\u00e1s, ninguna),<\/li>\n<li>representaci\u00f3n gr\u00e1fica de las funciones objetivo en diagramas de flujo de procesos y RI con CAD (por ejemplo, Microstation),<\/li>\n<li>la moderaci\u00f3n y grabaci\u00f3n de las reuniones HAZOP,<\/li>\n<li>la evaluaci\u00f3n de los equipos de I&amp;C existentes y la asignaci\u00f3n y clasificaci\u00f3n en las clases de protecci\u00f3n correspondientes seg\u00fan el procedimiento LOPA,<\/li>\n<li>la realizaci\u00f3n de evaluaciones SIL seg\u00fan VDI-2180 para los equipos de I&amp;C existentes,<\/li>\n<li>la determinaci\u00f3n de acciones y medidas con el equipo HAZOP,<\/li>\n<li>la comprobaci\u00f3n de la aplicaci\u00f3n de las medidas y, en caso necesario, su incorporaci\u00f3n al HAZOP,<\/li>\n<li>la preparaci\u00f3n de la documentaci\u00f3n final de acuerdo con las especificaciones del cliente.<\/li>\n<\/ul>\n<\/li>\n<\/ul>\n<ul>\n<li>Para realizar y documentar los HAZOP se utilizan programas inform\u00e1ticos especializados (por ejemplo, PHA-Pro o Lihou HAZOP Manager).<\/li>\n<\/ul>\n<p>A la hora de investigar la seguridad de las instalaciones t\u00e9cnicas, usted tiene en UTEK un socio competente y sistem\u00e1tico para identificar posibles fallos y peligros en una fase temprana y poder reaccionar adecuadamente con medidas apropiadas.<\/p>\n<p><strong>Ingenier\u00eda de cumplimiento con UTEK &#8211; consultor\u00eda general, con experiencia en cumplimiento normativo<\/strong><\/p>\n<ul>\n<li>UTEK le ofrece servicios de consultor\u00eda en las \u00e1reas de protecci\u00f3n contra inmisiones, protecci\u00f3n contra explosiones, sustancias peligrosas y reglamentos de seguridad industrial, por ejemplo, teniendo en cuenta los reglamentos t\u00e9cnicos y los requisitos que deben derivarse de ellos.<\/li>\n<li>Le apoyamos en la evaluaci\u00f3n de la licenciabilidad de nuevas plantas y le ayudamos con nuestros conocimientos especiales en el caso de modificaciones previstas en plantas existentes.<\/li>\n<li>Ofrecemos a nuestros clientes un resumen del estado actual de la documentaci\u00f3n operativa de las plantas.<\/li>\n<li>Adem\u00e1s, recibir\u00e1 una revisi\u00f3n y optimizaci\u00f3n de la documentaci\u00f3n de su planta, teniendo en cuenta los aspectos de conformidad t\u00e9cnica.<\/li>\n<li>UTEK se ofrece a realizar evaluaciones de conformidad CE para plantas de proceso.<\/li>\n<\/ul>\n<p><strong>Ley Federal de Control de Inmisiones (BImSchG): Permisos nuevos, permisos de cambio y notificaciones de cambio seg\u00fan la Ley Federal de Control de Inmisiones (BImSchG).<\/strong><\/p>\n<p>Se requiere un permiso de control de inmisiones para la construcci\u00f3n y explotaci\u00f3n de determinadas instalaciones industriales contaminantes y para determinadas modificaciones de dichas instalaciones. En la Ordenanza sobre instalaciones que requieren permiso (4\u00aa BImSchV) se establecen detalladamente las instalaciones afectadas. Nosotros, los ingenieros de UTEK, acompa\u00f1amos y apoyamos a las empresas de forma competente y experta desde el principio en los requisitos de procedimiento que debe cumplir la ley y le garantizamos el mayor alivio posible en las tareas administrativas. Nuestra gama de servicios para usted incluye lo siguiente<\/p>\n<ul>\n<li>la tramitaci\u00f3n del conjunto de formularios,<\/li>\n<li>la elaboraci\u00f3n de descripciones de instalaciones y de funcionamiento, as\u00ed como la preparaci\u00f3n de declaraciones sobre temas de seguridad laboral, protecci\u00f3n contra incendios, control de inmisiones, protecci\u00f3n del agua y sobre residuos,<\/li>\n<li>coordinaci\u00f3n de la definici\u00f3n de otras medidas t\u00e9cnicas (por ejemplo, protecci\u00f3n contra incendios) basadas en especificaciones, especialmente del c\u00f3digo de construcci\u00f3n estatal o de la ordenanza de seguridad industrial,<\/li>\n<li>procesar los documentos de construcci\u00f3n,<\/li>\n<li>preparaci\u00f3n de diagramas b\u00e1sicos y de flujo de procesos,<\/li>\n<li>preparaci\u00f3n de c\u00e1lculos de emisiones y dispersi\u00f3n de acuerdo con la TA Luft,<\/li>\n<li>la elaboraci\u00f3n de documentos de cribado de la EIA (evaluaci\u00f3n preliminar general con arreglo al art\u00edculo 7 de la UVPG),<\/li>\n<li>la evaluaci\u00f3n de las modificaciones de las instalaciones que sean relevantes para los incidentes,<\/li>\n<li>la coordinaci\u00f3n de los dict\u00e1menes de expertos (por ejemplo, declaraciones AwSV, previsiones de control de inmisi\u00f3n y de inmisi\u00f3n de ruido, conceptos de protecci\u00f3n contra incendios),<\/li>\n<li>La preparaci\u00f3n y el mantenimiento de contactos con las autoridades, que requieren mucho tiempo,<\/li>\n<li>La coordinaci\u00f3n de las disposiciones accesorias del anuncio de permiso (o del proyecto) con los departamentos responsables y las autoridades,<\/li>\n<li>La gesti\u00f3n de la correspondencia con las autoridades (por ejemplo, tramitaci\u00f3n de objeciones),<\/li>\n<li>preparar un seguimiento sistem\u00e1tico de las condiciones.<\/li>\n<\/ul>\n<p><strong>Ordenanza sobre accidentes graves (12\u00aa BImSchV)<\/strong><\/p>\n<p>Para garantizar los requisitos de seguridad de las instalaciones, protecci\u00f3n del medio ambiente y protecci\u00f3n contra incendios de acuerdo con el Reglamento de Accidentes Graves, es importante abordar de forma exhaustiva y decisiva determinados escenarios de crisis o incidentes desde el principio. El Reglamento de Accidentes Graves tiene por objeto ayudar a prevenir incidentes en la medida de lo posible o a limitar sus efectos. UTEK ofrece a sus clientes el siguiente apoyo<\/p>\n<ul>\n<li>la creaci\u00f3n de un concepto de prevenci\u00f3n de incidentes basado en el sistema de gesti\u00f3n de la seguridad existente,<\/li>\n<li>elaboraci\u00f3n, actualizaci\u00f3n y revisi\u00f3n de informes de seguridad de conformidad con la 12\u00aa BImSchV (para instalaciones existentes y en el marco de solicitudes de autorizaci\u00f3n)<\/li>\n<li>realizaci\u00f3n y evaluaci\u00f3n de escenarios de dispersi\u00f3n para incidentes no previstos e incidentes razonablemente previsibles con el software de simulaci\u00f3n de incidentes ProNuSs.<\/li>\n<\/ul>\n<p><strong>Requisitos de la Ordenanza sobre Sustancias Peligrosas (GefStoffV) y de protecci\u00f3n contra explosiones.<\/strong><\/p>\n<p>Los especialistas de UTEK est\u00e1n muy familiarizados con la Ordenanza de Sustancias Peligrosas y los temas de protecci\u00f3n contra explosiones y estar\u00e1n encantados de ayudarle en la preparaci\u00f3n de todos los documentos esenciales. En particular, le ayudamos a<\/p>\n<ul>\n<li>en la elaboraci\u00f3n\/complementaci\u00f3n de documentos de protecci\u00f3n contra explosiones conforme al \u00a7 6 del GefStoffV,<\/li>\n<li>en la elaboraci\u00f3n\/complementaci\u00f3n de conceptos de protecci\u00f3n contra explosiones en base a TRGS 720 &#8211; 725 y TRGS 727, incluyendo la realizaci\u00f3n de evaluaciones de fuentes de ignici\u00f3n,<\/li>\n<li>en la elaboraci\u00f3n de la lista de fuentes de emisi\u00f3n &#8211; con especial referencia a la Directiva de protecci\u00f3n contra explosiones (Ex-RL\/DGUV-R 113-001, antes BGR 104) y otras reglas y normas t\u00e9cnicas pertinentes,<\/li>\n<li>en la preparaci\u00f3n y actualizaci\u00f3n de los planes de zonas Ex,<\/li>\n<li>en la preparaci\u00f3n y coordinaci\u00f3n de pruebas Ex por parte de personas competentes o Z\u00dcS.<\/li>\n<\/ul>\n<p><strong>Ordenanza sobre seguridad y salud en el trabajo (BetrSichV)<\/strong><\/p>\n<p>UTEK le ayuda a garantizar la seguridad de su empresa y de sus empleados. Para hacerlo posible, le ofrecemos el siguiente apoyo:<\/p>\n<ul>\n<li>Desarrollo y revisi\u00f3n de la documentaci\u00f3n de acuerdo con la BetrSichV.<\/li>\n<li style=\"list-style-type: none;\">\n<ul>\n<li>Clasificaci\u00f3n de sistemas y determinaci\u00f3n del alcance necesario de la documentaci\u00f3n<\/li>\n<li>Creaci\u00f3n y mantenimiento de listas de equipos y tuber\u00edas<\/li>\n<li>Determinaci\u00f3n de las obligaciones de inspecci\u00f3n (inspecci\u00f3n inicial, inspecci\u00f3n peri\u00f3dica, registros de inspecci\u00f3n, requisitos para el inspector), en particular para equipos a presi\u00f3n y sistemas con riesgo de explosi\u00f3n.<\/li>\n<li>Obtenci\u00f3n de la documentaci\u00f3n necesaria del fabricante de conformidad con BetrSichV<br \/>\nEstructuraci\u00f3n y recopilaci\u00f3n de la documentaci\u00f3n de la instalaci\u00f3n y de las pruebas<\/li>\n<\/ul>\n<\/li>\n<li>Realizaci\u00f3n de evaluaciones de riesgos conforme al art\u00edculo 3 de la BetrSichV.<\/li>\n<li>elaboraci\u00f3n de instrucciones de servicio con arreglo al art\u00edculo 12 del Reglamento sobre seguridad en el trabajo<\/li>\n<li>Preparaci\u00f3n de solicitudes de permiso de conformidad con el art\u00edculo 18 de la Ordenanza sobre seguridad e higiene en el trabajo, teniendo en cuenta los requisitos de la publicaci\u00f3n LV 49 de LASI, por ejemplo, para el almacenamiento y llenado de l\u00edquidos inflamables o gases inflamables.<\/li>\n<li>Coordinaci\u00f3n de la elaboraci\u00f3n del informe de inspecci\u00f3n Z\u00dcS por el Z\u00dcS encargado<\/li>\n<li>Preparaci\u00f3n y coordinaci\u00f3n de las inspecciones Z\u00dcS para equipos a presi\u00f3n e instalaciones sujetas a requisitos de licencia<\/li>\n<\/ul>\n<p><strong>Ley de recursos h\u00eddricos (WHG) \/ Ordenanza sobre instalaciones de manipulaci\u00f3n de sustancias peligrosas para el agua (AwSV)<\/strong><\/p>\n<p>La obligaci\u00f3n de los operadores de instalaciones de cumplir determinadas normas al manipular sustancias peligrosas para el agua requiere un enfoque estructurado del complejo tema y una aplicaci\u00f3n sistem\u00e1tica y coherente de las medidas. Los ingenieros de UTEK le ofrecen un amplio apoyo en este sentido:<\/p>\n<ul>\n<li>la preparaci\u00f3n de solicitudes de permiso para el vertido de aguas residuales en una masa de agua superficial o para la captaci\u00f3n de agua de una masa de agua superficial,<\/li>\n<li>la preparaci\u00f3n de notificaciones de sistemas de alcantarillado de conformidad con el art\u00edculo 57 de la Ley de Aguas del Estado (LWG)<\/li>\n<li>elaboraci\u00f3n y actualizaci\u00f3n de registros de aguas residuales<\/li>\n<li>preparaci\u00f3n de determinaciones de idoneidad para las denominadas instalaciones LAU,<\/li>\n<li>Preparaci\u00f3n de notificaciones de conformidad con el \u00a7 40 AwSV para la modificaci\u00f3n de sistemas AwSV sujetos a pruebas,<\/li>\n<li>determinaci\u00f3n y c\u00e1lculo de los vol\u00famenes de retenci\u00f3n necesarios y existentes sobre la base de TRwS 779 y TRwS 785 y de la Directiva de retenci\u00f3n de agua de extinci\u00f3n<\/li>\n<li>compilaci\u00f3n de registros de sistemas y documentaci\u00f3n de sistemas de conformidad con el art\u00edculo 43 AwSV y la normativa pertinente (en particular, la hoja de trabajo DWA-A 779).<\/li>\n<li>La clasificaci\u00f3n y definici\u00f3n de la delimitaci\u00f3n de la ley de aguas de la instalaci\u00f3n,\n<ul>\n<li>el an\u00e1lisis y la evaluaci\u00f3n del dise\u00f1o de la instalaci\u00f3n,<\/li>\n<li>la investigaci\u00f3n de los datos y procedimientos de la planta,<\/li>\n<li>recopilaci\u00f3n de la situaci\u00f3n de autorizaci\u00f3n,<\/li>\n<li>la preparaci\u00f3n de la descripci\u00f3n de la planta y la presentaci\u00f3n del concepto de retenci\u00f3n,<\/li>\n<li>la compilaci\u00f3n de la documentaci\u00f3n.<\/li>\n<li>la preparaci\u00f3n y coordinaci\u00f3n de las inspecciones de la planta AwSV por expertos (antes de la puesta en servicio, recurrentes, desmantelamiento).<\/li>\n<\/ul>\n<\/li>\n<\/ul>\n<p><strong>La determinaci\u00f3n del estado de aprobaci\u00f3n de las plantas y edificios existentes.<\/strong><\/p>\n<p>UTEK tambi\u00e9n le ofrece un amplio apoyo para determinar el estado de homologaci\u00f3n de plantas y edificios existentes. Para ello, nuestros ingenieros utilizan bases de datos orientadas al usuario.<\/p>\n<ul>\n<li>La evaluaci\u00f3n y el an\u00e1lisis de los permisos existentes,<\/li>\n<li>La presentaci\u00f3n del \u00abhistorial de aprobaci\u00f3n\u00bb de las instalaciones y edificios considerados,<\/li>\n<li>la creaci\u00f3n de listas del estado actual de los permisos,<\/li>\n<li>la creaci\u00f3n de un sistema auxiliar de seguimiento de permisos,<\/li>\n<li>la elaboraci\u00f3n de listas de instalaciones sujetas a control e inspecci\u00f3n.<br \/>\nGesti\u00f3n del cambio (MOC)<\/li>\n<li>Preparaci\u00f3n, definici\u00f3n y seguimiento de medidas de MOC; coordinaci\u00f3n con los departamentos t\u00e9cnicos implicados y otros proveedores de servicios externos,<\/li>\n<li>Preparaci\u00f3n, aplicaci\u00f3n y definici\u00f3n de medidas para el traspaso de instalaciones (protocolo de traspaso\/revisi\u00f3n de seguridad previa a la puesta en marcha (PSSR), seguimiento de la aplicaci\u00f3n).<\/li>\n<\/ul>\n<p>&nbsp;<\/p>\n<p>En resumen, ofrecemos a nuestros clientes una amplia gama de servicios en el \u00e1mbito de la ingenier\u00eda de conformidad. De este modo, pueden obtenerse r\u00e1pidamente las autorizaciones necesarias.<\/p>\n<p>&nbsp;<\/p>\n<p><span style=\"color: #ff0000;\">\u00a0<\/span><\/p>\n ","protected":false},"excerpt":{"rendered":"<p>Ingenier\u00eda de cumplimiento profesional Compromiso con el cumplimiento de las normas reconocidas, de forma sistem\u00e1tica y competente. UTEK cuenta con m\u00e1s de veinte a\u00f1os de experiencia en la aplicaci\u00f3n de requisitos legales y m\u00e1s de quince en la realizaci\u00f3n de an\u00e1lisis de riesgos de procesos. UTEK tambi\u00e9n adopta y tiene en cuenta requisitos modificados, ampliados [&hellip;]<\/p>\n","protected":false},"author":1,"featured_media":3902,"parent":4302,"menu_order":10,"comment_status":"closed","ping_status":"closed","template":"","meta":{"_acf_changed":false,"footnotes":""},"class_list":["post-4311","page","type-page","status-publish","has-post-thumbnail","hentry"],"acf":[],"yoast_head":"<!-- This site is optimized with the Yoast SEO plugin v27.1.1 - https:\/\/yoast.com\/product\/yoast-seo-wordpress\/ -->\n<title>Compliance Engineering \u2013 oficina de ingenier\u00eda de UTEK Dortmund<\/title>\n<meta name=\"description\" content=\"Compliance Engineering: Asesoramiento conforme al mercado, con experiencia para el cumplimiento de la normativa.\" \/>\n<meta name=\"robots\" content=\"index, follow, max-snippet:-1, max-image-preview:large, max-video-preview:-1\" \/>\n<link rel=\"canonical\" href=\"https:\/\/utek.de\/es\/servicios\/compliance-engineering\/\" \/>\n<meta property=\"og:locale\" content=\"es_ES\" \/>\n<meta property=\"og:type\" content=\"article\" \/>\n<meta property=\"og:title\" content=\"Compliance Engineering \u2013 oficina de ingenier\u00eda de UTEK Dortmund\" \/>\n<meta property=\"og:description\" content=\"Compliance Engineering: Asesoramiento conforme al mercado, con experiencia para el cumplimiento de la normativa.\" \/>\n<meta property=\"og:url\" content=\"https:\/\/utek.de\/es\/servicios\/compliance-engineering\/\" \/>\n<meta property=\"og:site_name\" content=\"utek\" \/>\n<meta property=\"article:modified_time\" content=\"2023-10-16T06:23:46+00:00\" \/>\n<meta property=\"og:image\" content=\"https:\/\/utek.de\/wp-content\/uploads\/2021\/11\/compliance-engineering-spezialisten-der-firma-utek.jpg\" \/>\n\t<meta property=\"og:image:width\" content=\"2560\" \/>\n\t<meta property=\"og:image:height\" content=\"848\" \/>\n\t<meta property=\"og:image:type\" content=\"image\/jpeg\" \/>\n<meta name=\"twitter:card\" content=\"summary_large_image\" \/>\n<meta name=\"twitter:label1\" content=\"Tiempo de lectura\" \/>\n\t<meta name=\"twitter:data1\" content=\"11 minutos\" \/>\n<script type=\"application\/ld+json\" class=\"yoast-schema-graph\">{\"@context\":\"https:\/\/schema.org\",\"@graph\":[{\"@type\":\"WebPage\",\"@id\":\"https:\/\/utek.de\/es\/servicios\/compliance-engineering\/\",\"url\":\"https:\/\/utek.de\/es\/servicios\/compliance-engineering\/\",\"name\":\"Compliance Engineering \u2013 oficina de ingenier\u00eda de UTEK Dortmund\",\"isPartOf\":{\"@id\":\"https:\/\/utek.de\/es\/#website\"},\"primaryImageOfPage\":{\"@id\":\"https:\/\/utek.de\/es\/servicios\/compliance-engineering\/#primaryimage\"},\"image\":{\"@id\":\"https:\/\/utek.de\/es\/servicios\/compliance-engineering\/#primaryimage\"},\"thumbnailUrl\":\"https:\/\/utek.de\/wp-content\/uploads\/2021\/11\/compliance-engineering-spezialisten-der-firma-utek.jpg\",\"datePublished\":\"2020-01-20T16:18:56+00:00\",\"dateModified\":\"2023-10-16T06:23:46+00:00\",\"description\":\"Compliance Engineering: Asesoramiento conforme al mercado, con experiencia para el cumplimiento de la normativa.\",\"breadcrumb\":{\"@id\":\"https:\/\/utek.de\/es\/servicios\/compliance-engineering\/#breadcrumb\"},\"inLanguage\":\"es\",\"potentialAction\":[{\"@type\":\"ReadAction\",\"target\":[\"https:\/\/utek.de\/es\/servicios\/compliance-engineering\/\"]}]},{\"@type\":\"ImageObject\",\"inLanguage\":\"es\",\"@id\":\"https:\/\/utek.de\/es\/servicios\/compliance-engineering\/#primaryimage\",\"url\":\"https:\/\/utek.de\/wp-content\/uploads\/2021\/11\/compliance-engineering-spezialisten-der-firma-utek.jpg\",\"contentUrl\":\"https:\/\/utek.de\/wp-content\/uploads\/2021\/11\/compliance-engineering-spezialisten-der-firma-utek.jpg\",\"width\":2560,\"height\":848},{\"@type\":\"BreadcrumbList\",\"@id\":\"https:\/\/utek.de\/es\/servicios\/compliance-engineering\/#breadcrumb\",\"itemListElement\":[{\"@type\":\"ListItem\",\"position\":1,\"name\":\"Startseite\",\"item\":\"https:\/\/utek.de\/es\/\"},{\"@type\":\"ListItem\",\"position\":2,\"name\":\"Servicios\",\"item\":\"https:\/\/utek.de\/es\/servicios\/\"},{\"@type\":\"ListItem\",\"position\":3,\"name\":\"Compliance Engineering\"}]},{\"@type\":\"WebSite\",\"@id\":\"https:\/\/utek.de\/es\/#website\",\"url\":\"https:\/\/utek.de\/es\/\",\"name\":\"utek\",\"description\":\"\",\"potentialAction\":[{\"@type\":\"SearchAction\",\"target\":{\"@type\":\"EntryPoint\",\"urlTemplate\":\"https:\/\/utek.de\/es\/?s={search_term_string}\"},\"query-input\":{\"@type\":\"PropertyValueSpecification\",\"valueRequired\":true,\"valueName\":\"search_term_string\"}}],\"inLanguage\":\"es\"}]}<\/script>\n<!-- \/ Yoast SEO plugin. -->","yoast_head_json":{"title":"Compliance Engineering \u2013 oficina de ingenier\u00eda de UTEK Dortmund","description":"Compliance Engineering: Asesoramiento conforme al mercado, con experiencia para el cumplimiento de la normativa.","robots":{"index":"index","follow":"follow","max-snippet":"max-snippet:-1","max-image-preview":"max-image-preview:large","max-video-preview":"max-video-preview:-1"},"canonical":"https:\/\/utek.de\/es\/servicios\/compliance-engineering\/","og_locale":"es_ES","og_type":"article","og_title":"Compliance Engineering \u2013 oficina de ingenier\u00eda de UTEK Dortmund","og_description":"Compliance Engineering: Asesoramiento conforme al mercado, con experiencia para el cumplimiento de la normativa.","og_url":"https:\/\/utek.de\/es\/servicios\/compliance-engineering\/","og_site_name":"utek","article_modified_time":"2023-10-16T06:23:46+00:00","og_image":[{"width":2560,"height":848,"url":"https:\/\/utek.de\/wp-content\/uploads\/2021\/11\/compliance-engineering-spezialisten-der-firma-utek.jpg","type":"image\/jpeg"}],"twitter_card":"summary_large_image","twitter_misc":{"Tiempo de lectura":"11 minutos"},"schema":{"@context":"https:\/\/schema.org","@graph":[{"@type":"WebPage","@id":"https:\/\/utek.de\/es\/servicios\/compliance-engineering\/","url":"https:\/\/utek.de\/es\/servicios\/compliance-engineering\/","name":"Compliance Engineering \u2013 oficina de ingenier\u00eda de UTEK Dortmund","isPartOf":{"@id":"https:\/\/utek.de\/es\/#website"},"primaryImageOfPage":{"@id":"https:\/\/utek.de\/es\/servicios\/compliance-engineering\/#primaryimage"},"image":{"@id":"https:\/\/utek.de\/es\/servicios\/compliance-engineering\/#primaryimage"},"thumbnailUrl":"https:\/\/utek.de\/wp-content\/uploads\/2021\/11\/compliance-engineering-spezialisten-der-firma-utek.jpg","datePublished":"2020-01-20T16:18:56+00:00","dateModified":"2023-10-16T06:23:46+00:00","description":"Compliance Engineering: Asesoramiento conforme al mercado, con experiencia para el cumplimiento de la normativa.","breadcrumb":{"@id":"https:\/\/utek.de\/es\/servicios\/compliance-engineering\/#breadcrumb"},"inLanguage":"es","potentialAction":[{"@type":"ReadAction","target":["https:\/\/utek.de\/es\/servicios\/compliance-engineering\/"]}]},{"@type":"ImageObject","inLanguage":"es","@id":"https:\/\/utek.de\/es\/servicios\/compliance-engineering\/#primaryimage","url":"https:\/\/utek.de\/wp-content\/uploads\/2021\/11\/compliance-engineering-spezialisten-der-firma-utek.jpg","contentUrl":"https:\/\/utek.de\/wp-content\/uploads\/2021\/11\/compliance-engineering-spezialisten-der-firma-utek.jpg","width":2560,"height":848},{"@type":"BreadcrumbList","@id":"https:\/\/utek.de\/es\/servicios\/compliance-engineering\/#breadcrumb","itemListElement":[{"@type":"ListItem","position":1,"name":"Startseite","item":"https:\/\/utek.de\/es\/"},{"@type":"ListItem","position":2,"name":"Servicios","item":"https:\/\/utek.de\/es\/servicios\/"},{"@type":"ListItem","position":3,"name":"Compliance Engineering"}]},{"@type":"WebSite","@id":"https:\/\/utek.de\/es\/#website","url":"https:\/\/utek.de\/es\/","name":"utek","description":"","potentialAction":[{"@type":"SearchAction","target":{"@type":"EntryPoint","urlTemplate":"https:\/\/utek.de\/es\/?s={search_term_string}"},"query-input":{"@type":"PropertyValueSpecification","valueRequired":true,"valueName":"search_term_string"}}],"inLanguage":"es"}]}},"_links":{"self":[{"href":"https:\/\/utek.de\/es\/wp-json\/wp\/v2\/pages\/4311","targetHints":{"allow":["GET"]}}],"collection":[{"href":"https:\/\/utek.de\/es\/wp-json\/wp\/v2\/pages"}],"about":[{"href":"https:\/\/utek.de\/es\/wp-json\/wp\/v2\/types\/page"}],"author":[{"embeddable":true,"href":"https:\/\/utek.de\/es\/wp-json\/wp\/v2\/users\/1"}],"replies":[{"embeddable":true,"href":"https:\/\/utek.de\/es\/wp-json\/wp\/v2\/comments?post=4311"}],"version-history":[{"count":6,"href":"https:\/\/utek.de\/es\/wp-json\/wp\/v2\/pages\/4311\/revisions"}],"predecessor-version":[{"id":4449,"href":"https:\/\/utek.de\/es\/wp-json\/wp\/v2\/pages\/4311\/revisions\/4449"}],"up":[{"embeddable":true,"href":"https:\/\/utek.de\/es\/wp-json\/wp\/v2\/pages\/4302"}],"wp:featuredmedia":[{"embeddable":true,"href":"https:\/\/utek.de\/es\/wp-json\/wp\/v2\/media\/3902"}],"wp:attachment":[{"href":"https:\/\/utek.de\/es\/wp-json\/wp\/v2\/media?parent=4311"}],"curies":[{"name":"wp","href":"https:\/\/api.w.org\/{rel}","templated":true}]}}