{"id":4308,"date":"2020-01-20T14:20:36","date_gmt":"2020-01-20T13:20:36","guid":{"rendered":"https:\/\/utek.de\/servicios\/engineering-planung\/"},"modified":"2023-10-12T13:59:09","modified_gmt":"2023-10-12T11:59:09","slug":"planificacion","status":"publish","type":"page","link":"https:\/\/utek.de\/es\/servicios\/planificacion\/","title":{"rendered":"Planificaci\u00f3n de la planta"},"content":{"rendered":"<h1>UTEK es minucioso<\/h1>\n<h2>Una planificaci\u00f3n que tiene en cuenta todos los aspectos relevantes<\/h2>\n<p>En UTEK siempre puede esperar la mejor ingenier\u00eda. Apoyamos su proyecto desde el principio. Nuestros servicios de ingenier\u00eda en la planificaci\u00f3n de plantas para usted de un vistazo:<\/p>\n<p><strong>Planificaci\u00f3n preliminar (ingenier\u00eda b\u00e1sica previa) e Ingenier\u00eda de procesos (ingenier\u00eda b\u00e1sica)<\/strong><\/p>\n<ul>\n<li>Realizaci\u00f3n de comparaciones de procesos para la selecci\u00f3n u optimizaci\u00f3n de procesos de producci\u00f3n<\/li>\n<li>Elaboraci\u00f3n de conceptos de ingenier\u00eda de procesos y energ\u00e9tica<\/li>\n<li>Elaboraci\u00f3n de diagramas de flujo b\u00e1sicos, de proceso y de RI (con Microstation SE o AutoCAD)<\/li>\n<li>Elaboraci\u00f3n de balances de materia, masa y energ\u00eda, en su caso con ayuda de simulaciones de procesos (con ChemCAD o ASPEN).<\/li>\n<li>Elaboraci\u00f3n de descripciones de instalaciones y procesos<\/li>\n<li>Ingenier\u00eda de procesos y dise\u00f1o de m\u00e1quinas y equipos conforme a las cGMP<\/li>\n<li>Preparaci\u00f3n de especificaciones t\u00e9cnicas, hojas de datos y planos de consulta de todos los equipos para consultas y pedidos<\/li>\n<\/ul>\n<p><strong>Planificaci\u00f3n de ingenier\u00eda (ingenier\u00eda de detalle)<\/strong><\/p>\n<ul>\n<li>Ingenier\u00eda de detalle y dise\u00f1o teniendo en cuenta\n<ul>\n<li>las normas, c\u00f3digos y est\u00e1ndares<\/li>\n<li>de las normativas medioambientales y de seguridad<\/li>\n<li>las normas cGMP,<\/li>\n<li>los requisitos de mantenimiento y revisi\u00f3n,<\/li>\n<li>la infraestructura existente (situaci\u00f3n in situ)<\/li>\n<li>Dimensionamiento de los componentes est\u00e1ndar (por ejemplo, tuber\u00edas, v\u00e1lvulas de control, v\u00e1lvulas de seguridad).<\/li>\n<\/ul>\n<\/li>\n<li>Elaboraci\u00f3n de las especificaciones t\u00e9cnicas de las fichas t\u00e9cnicas<\/li>\n<li>Preparaci\u00f3n de planos de consulta de todos los equipos para consultas y pedidos<\/li>\n<li>Comparaci\u00f3n de ofertas t\u00e9cnicas (elaboraci\u00f3n de una matriz de decisi\u00f3n)<\/li>\n<li>Compilaci\u00f3n de la documentaci\u00f3n t\u00e9cnica seg\u00fan las especificaciones del cliente<br \/>\nSupervisi\u00f3n de la instalaci\u00f3n y la puesta en servicio, incluida la ingenier\u00eda de conformidad<\/li>\n<li>Asunci\u00f3n de la supervisi\u00f3n de la construcci\u00f3n y el montaje<\/li>\n<li>Preparaci\u00f3n de pruebas de aceptaci\u00f3n e inspecciones (por ejemplo, de conformidad con la Directiva sobre equipos a presi\u00f3n)<\/li>\n<li>Puesta en servicio de sistemas<\/li>\n<li>Realizaci\u00f3n de pruebas de instalaci\u00f3n, funcionamiento y rendimiento<\/li>\n<li>Inspecci\u00f3n de instalaciones (parciales) reconstruidas o de nueva construcci\u00f3n<\/li>\n<\/ul>\n<p>UTEK es su socio competente en ingenier\u00eda en todas las fases. Nuestra fuerza reside en la capacidad de afrontar nuevos retos. Estaremos encantados de atenderle.<\/p>\n ","protected":false},"excerpt":{"rendered":"<p>UTEK es minucioso Una planificaci\u00f3n que tiene en cuenta todos los aspectos relevantes En UTEK siempre puede esperar la mejor ingenier\u00eda. Apoyamos su proyecto desde el principio. Nuestros servicios de ingenier\u00eda en la planificaci\u00f3n de plantas para usted de un vistazo: Planificaci\u00f3n preliminar (ingenier\u00eda b\u00e1sica previa) e Ingenier\u00eda de procesos (ingenier\u00eda b\u00e1sica) Realizaci\u00f3n de comparaciones [&hellip;]<\/p>\n","protected":false},"author":1,"featured_media":2971,"parent":4302,"menu_order":8,"comment_status":"closed","ping_status":"closed","template":"","meta":{"_acf_changed":false,"footnotes":""},"class_list":["post-4308","page","type-page","status-publish","has-post-thumbnail","hentry"],"acf":[],"yoast_head":"<!-- This site is optimized with the Yoast SEO plugin v27.1.1 - https:\/\/yoast.com\/product\/yoast-seo-wordpress\/ -->\n<title>Ingenier\u00eda con UTEK - competencia en planificaci\u00f3n y ejecuci\u00f3n<\/title>\n<meta name=\"description\" content=\"Ingenier\u00eda a partir de una amplia cartera: Elaboraci\u00f3n de conceptos de proceso, diagramas de flujo, balances energ\u00e9ticos, ...\" \/>\n<meta name=\"robots\" content=\"index, follow, max-snippet:-1, max-image-preview:large, max-video-preview:-1\" \/>\n<link rel=\"canonical\" href=\"https:\/\/utek.de\/es\/servicios\/planificacion\/\" \/>\n<meta property=\"og:locale\" content=\"es_ES\" \/>\n<meta property=\"og:type\" content=\"article\" \/>\n<meta property=\"og:title\" content=\"Ingenier\u00eda con UTEK - competencia en planificaci\u00f3n y ejecuci\u00f3n\" \/>\n<meta property=\"og:description\" content=\"Ingenier\u00eda a partir de una amplia cartera: Elaboraci\u00f3n de conceptos de proceso, diagramas de flujo, balances energ\u00e9ticos, ...\" \/>\n<meta property=\"og:url\" content=\"https:\/\/utek.de\/es\/servicios\/planificacion\/\" \/>\n<meta property=\"og:site_name\" content=\"utek\" \/>\n<meta property=\"article:modified_time\" content=\"2023-10-12T11:59:09+00:00\" \/>\n<meta property=\"og:image\" content=\"https:\/\/utek.de\/wp-content\/uploads\/2020\/02\/utek-dortmund-philosophie-ingenieurdienstleistungen-engineering.jpg\" \/>\n\t<meta property=\"og:image:width\" content=\"2560\" \/>\n\t<meta property=\"og:image:height\" content=\"848\" \/>\n\t<meta property=\"og:image:type\" content=\"image\/jpeg\" \/>\n<meta name=\"twitter:card\" content=\"summary_large_image\" \/>\n<meta name=\"twitter:label1\" content=\"Tiempo de lectura\" \/>\n\t<meta name=\"twitter:data1\" content=\"2 minutos\" \/>\n<script type=\"application\/ld+json\" class=\"yoast-schema-graph\">{\"@context\":\"https:\/\/schema.org\",\"@graph\":[{\"@type\":\"WebPage\",\"@id\":\"https:\/\/utek.de\/es\/servicios\/planificacion\/\",\"url\":\"https:\/\/utek.de\/es\/servicios\/planificacion\/\",\"name\":\"Ingenier\u00eda con UTEK - competencia en planificaci\u00f3n y ejecuci\u00f3n\",\"isPartOf\":{\"@id\":\"https:\/\/utek.de\/es\/#website\"},\"primaryImageOfPage\":{\"@id\":\"https:\/\/utek.de\/es\/servicios\/planificacion\/#primaryimage\"},\"image\":{\"@id\":\"https:\/\/utek.de\/es\/servicios\/planificacion\/#primaryimage\"},\"thumbnailUrl\":\"https:\/\/utek.de\/wp-content\/uploads\/2020\/02\/utek-dortmund-philosophie-ingenieurdienstleistungen-engineering.jpg\",\"datePublished\":\"2020-01-20T13:20:36+00:00\",\"dateModified\":\"2023-10-12T11:59:09+00:00\",\"description\":\"Ingenier\u00eda a partir de una amplia cartera: Elaboraci\u00f3n de conceptos de proceso, diagramas de flujo, balances energ\u00e9ticos, ...\",\"breadcrumb\":{\"@id\":\"https:\/\/utek.de\/es\/servicios\/planificacion\/#breadcrumb\"},\"inLanguage\":\"es\",\"potentialAction\":[{\"@type\":\"ReadAction\",\"target\":[\"https:\/\/utek.de\/es\/servicios\/planificacion\/\"]}]},{\"@type\":\"ImageObject\",\"inLanguage\":\"es\",\"@id\":\"https:\/\/utek.de\/es\/servicios\/planificacion\/#primaryimage\",\"url\":\"https:\/\/utek.de\/wp-content\/uploads\/2020\/02\/utek-dortmund-philosophie-ingenieurdienstleistungen-engineering.jpg\",\"contentUrl\":\"https:\/\/utek.de\/wp-content\/uploads\/2020\/02\/utek-dortmund-philosophie-ingenieurdienstleistungen-engineering.jpg\",\"width\":2560,\"height\":848},{\"@type\":\"BreadcrumbList\",\"@id\":\"https:\/\/utek.de\/es\/servicios\/planificacion\/#breadcrumb\",\"itemListElement\":[{\"@type\":\"ListItem\",\"position\":1,\"name\":\"Startseite\",\"item\":\"https:\/\/utek.de\/es\/\"},{\"@type\":\"ListItem\",\"position\":2,\"name\":\"Servicios\",\"item\":\"https:\/\/utek.de\/es\/servicios\/\"},{\"@type\":\"ListItem\",\"position\":3,\"name\":\"Planificaci\u00f3n de la planta\"}]},{\"@type\":\"WebSite\",\"@id\":\"https:\/\/utek.de\/es\/#website\",\"url\":\"https:\/\/utek.de\/es\/\",\"name\":\"utek\",\"description\":\"\",\"potentialAction\":[{\"@type\":\"SearchAction\",\"target\":{\"@type\":\"EntryPoint\",\"urlTemplate\":\"https:\/\/utek.de\/es\/?s={search_term_string}\"},\"query-input\":{\"@type\":\"PropertyValueSpecification\",\"valueRequired\":true,\"valueName\":\"search_term_string\"}}],\"inLanguage\":\"es\"}]}<\/script>\n<!-- \/ Yoast SEO plugin. -->","yoast_head_json":{"title":"Ingenier\u00eda con UTEK - competencia en planificaci\u00f3n y ejecuci\u00f3n","description":"Ingenier\u00eda a partir de una amplia cartera: Elaboraci\u00f3n de conceptos de proceso, diagramas de flujo, balances energ\u00e9ticos, ...","robots":{"index":"index","follow":"follow","max-snippet":"max-snippet:-1","max-image-preview":"max-image-preview:large","max-video-preview":"max-video-preview:-1"},"canonical":"https:\/\/utek.de\/es\/servicios\/planificacion\/","og_locale":"es_ES","og_type":"article","og_title":"Ingenier\u00eda con UTEK - competencia en planificaci\u00f3n y ejecuci\u00f3n","og_description":"Ingenier\u00eda a partir de una amplia cartera: Elaboraci\u00f3n de conceptos de proceso, diagramas de flujo, balances energ\u00e9ticos, ...","og_url":"https:\/\/utek.de\/es\/servicios\/planificacion\/","og_site_name":"utek","article_modified_time":"2023-10-12T11:59:09+00:00","og_image":[{"width":2560,"height":848,"url":"https:\/\/utek.de\/wp-content\/uploads\/2020\/02\/utek-dortmund-philosophie-ingenieurdienstleistungen-engineering.jpg","type":"image\/jpeg"}],"twitter_card":"summary_large_image","twitter_misc":{"Tiempo de lectura":"2 minutos"},"schema":{"@context":"https:\/\/schema.org","@graph":[{"@type":"WebPage","@id":"https:\/\/utek.de\/es\/servicios\/planificacion\/","url":"https:\/\/utek.de\/es\/servicios\/planificacion\/","name":"Ingenier\u00eda con UTEK - competencia en planificaci\u00f3n y ejecuci\u00f3n","isPartOf":{"@id":"https:\/\/utek.de\/es\/#website"},"primaryImageOfPage":{"@id":"https:\/\/utek.de\/es\/servicios\/planificacion\/#primaryimage"},"image":{"@id":"https:\/\/utek.de\/es\/servicios\/planificacion\/#primaryimage"},"thumbnailUrl":"https:\/\/utek.de\/wp-content\/uploads\/2020\/02\/utek-dortmund-philosophie-ingenieurdienstleistungen-engineering.jpg","datePublished":"2020-01-20T13:20:36+00:00","dateModified":"2023-10-12T11:59:09+00:00","description":"Ingenier\u00eda a partir de una amplia cartera: Elaboraci\u00f3n de conceptos de proceso, diagramas de flujo, balances energ\u00e9ticos, ...","breadcrumb":{"@id":"https:\/\/utek.de\/es\/servicios\/planificacion\/#breadcrumb"},"inLanguage":"es","potentialAction":[{"@type":"ReadAction","target":["https:\/\/utek.de\/es\/servicios\/planificacion\/"]}]},{"@type":"ImageObject","inLanguage":"es","@id":"https:\/\/utek.de\/es\/servicios\/planificacion\/#primaryimage","url":"https:\/\/utek.de\/wp-content\/uploads\/2020\/02\/utek-dortmund-philosophie-ingenieurdienstleistungen-engineering.jpg","contentUrl":"https:\/\/utek.de\/wp-content\/uploads\/2020\/02\/utek-dortmund-philosophie-ingenieurdienstleistungen-engineering.jpg","width":2560,"height":848},{"@type":"BreadcrumbList","@id":"https:\/\/utek.de\/es\/servicios\/planificacion\/#breadcrumb","itemListElement":[{"@type":"ListItem","position":1,"name":"Startseite","item":"https:\/\/utek.de\/es\/"},{"@type":"ListItem","position":2,"name":"Servicios","item":"https:\/\/utek.de\/es\/servicios\/"},{"@type":"ListItem","position":3,"name":"Planificaci\u00f3n de la planta"}]},{"@type":"WebSite","@id":"https:\/\/utek.de\/es\/#website","url":"https:\/\/utek.de\/es\/","name":"utek","description":"","potentialAction":[{"@type":"SearchAction","target":{"@type":"EntryPoint","urlTemplate":"https:\/\/utek.de\/es\/?s={search_term_string}"},"query-input":{"@type":"PropertyValueSpecification","valueRequired":true,"valueName":"search_term_string"}}],"inLanguage":"es"}]}},"_links":{"self":[{"href":"https:\/\/utek.de\/es\/wp-json\/wp\/v2\/pages\/4308","targetHints":{"allow":["GET"]}}],"collection":[{"href":"https:\/\/utek.de\/es\/wp-json\/wp\/v2\/pages"}],"about":[{"href":"https:\/\/utek.de\/es\/wp-json\/wp\/v2\/types\/page"}],"author":[{"embeddable":true,"href":"https:\/\/utek.de\/es\/wp-json\/wp\/v2\/users\/1"}],"replies":[{"embeddable":true,"href":"https:\/\/utek.de\/es\/wp-json\/wp\/v2\/comments?post=4308"}],"version-history":[{"count":2,"href":"https:\/\/utek.de\/es\/wp-json\/wp\/v2\/pages\/4308\/revisions"}],"predecessor-version":[{"id":4310,"href":"https:\/\/utek.de\/es\/wp-json\/wp\/v2\/pages\/4308\/revisions\/4310"}],"up":[{"embeddable":true,"href":"https:\/\/utek.de\/es\/wp-json\/wp\/v2\/pages\/4302"}],"wp:featuredmedia":[{"embeddable":true,"href":"https:\/\/utek.de\/es\/wp-json\/wp\/v2\/media\/2971"}],"wp:attachment":[{"href":"https:\/\/utek.de\/es\/wp-json\/wp\/v2\/media?parent=4308"}],"curies":[{"name":"wp","href":"https:\/\/api.w.org\/{rel}","templated":true}]}}