{"id":4299,"date":"2020-01-20T17:24:15","date_gmt":"2020-01-20T16:24:15","guid":{"rendered":"https:\/\/utek.de\/ansprechpartnerinnen\/"},"modified":"2025-04-10T13:52:25","modified_gmt":"2025-04-10T11:52:25","slug":"contacto","status":"publish","type":"page","link":"https:\/\/utek.de\/es\/contacto\/","title":{"rendered":"Contacto"},"content":{"rendered":"<h1>La oficina de ingenier\u00eda UTEK y la automatizaci\u00f3n de procesos UTEK<\/h1>\n<h2>Estamos a su disposici\u00f3n<\/h2>\n<p>\u00bfTiene una solicitud, un proyecto o preguntas? \u00bfDesea conocernos como posible empleador? La oficina de ingenier\u00eda UTEK y UTEK Prozessautomation est\u00e1n a su disposici\u00f3n para lo que necesite. S\u00f3lo tiene que enviarnos un breve mensaje de texto o marcar el n\u00famero de tel\u00e9fono correspondiente.<\/p>\n ","protected":false},"excerpt":{"rendered":"<p>La oficina de ingenier\u00eda UTEK y la automatizaci\u00f3n de procesos UTEK Estamos a su disposici\u00f3n \u00bfTiene una solicitud, un proyecto o preguntas? \u00bfDesea conocernos como posible empleador? La oficina de ingenier\u00eda UTEK y UTEK Prozessautomation est\u00e1n a su disposici\u00f3n para lo que necesite. S\u00f3lo tiene que enviarnos un breve mensaje de texto o marcar el [&hellip;]<\/p>\n","protected":false},"author":1,"featured_media":4613,"parent":0,"menu_order":21,"comment_status":"closed","ping_status":"closed","template":"page-kontakt.php","meta":{"_acf_changed":false,"footnotes":""},"class_list":["post-4299","page","type-page","status-publish","has-post-thumbnail","hentry"],"acf":[],"yoast_head":"<!-- This site is optimized with the Yoast SEO plugin v27.1.1 - https:\/\/yoast.com\/product\/yoast-seo-wordpress\/ -->\n<title>Contacto UTEK \u2013 oficina de ingenier\u00eda Dortmund\/Alemania<\/title>\n<meta name=\"description\" content=\"Contacto UTEK Ingenieurb\u00fcro, Huckarder Str. 8, 44147 Dortmund, Tel: 0049 231 91 44 43-0. CEO: M. Egbring, D. Kunert, M. Tump, U. Marschner\" \/>\n<meta name=\"robots\" content=\"index, follow, max-snippet:-1, max-image-preview:large, max-video-preview:-1\" \/>\n<link rel=\"canonical\" href=\"https:\/\/utek.de\/es\/contacto\/\" \/>\n<meta property=\"og:locale\" content=\"es_ES\" \/>\n<meta property=\"og:type\" content=\"article\" \/>\n<meta property=\"og:title\" content=\"Contacto UTEK \u2013 oficina de ingenier\u00eda Dortmund\/Alemania\" \/>\n<meta property=\"og:description\" content=\"Contacto UTEK Ingenieurb\u00fcro, Huckarder Str. 8, 44147 Dortmund, Tel: 0049 231 91 44 43-0. CEO: M. Egbring, D. Kunert, M. Tump, U. Marschner\" \/>\n<meta property=\"og:url\" content=\"https:\/\/utek.de\/es\/contacto\/\" \/>\n<meta property=\"og:site_name\" content=\"utek\" \/>\n<meta property=\"article:modified_time\" content=\"2025-04-10T11:52:25+00:00\" \/>\n<meta property=\"og:image\" content=\"https:\/\/utek.de\/wp-content\/uploads\/2024\/03\/kontakt-utek-ingenieurbuero-dortmund.webp\" \/>\n\t<meta property=\"og:image:width\" content=\"2560\" \/>\n\t<meta property=\"og:image:height\" content=\"848\" \/>\n\t<meta property=\"og:image:type\" content=\"image\/webp\" \/>\n<meta name=\"twitter:card\" content=\"summary_large_image\" \/>\n<meta name=\"twitter:label1\" content=\"Tiempo de lectura\" \/>\n\t<meta name=\"twitter:data1\" content=\"7 minutos\" \/>\n<script type=\"application\/ld+json\" class=\"yoast-schema-graph\">{\"@context\":\"https:\/\/schema.org\",\"@graph\":[{\"@type\":\"WebPage\",\"@id\":\"https:\/\/utek.de\/es\/contacto\/\",\"url\":\"https:\/\/utek.de\/es\/contacto\/\",\"name\":\"Contacto UTEK \u2013 oficina de ingenier\u00eda Dortmund\/Alemania\",\"isPartOf\":{\"@id\":\"https:\/\/utek.de\/es\/#website\"},\"primaryImageOfPage\":{\"@id\":\"https:\/\/utek.de\/es\/contacto\/#primaryimage\"},\"image\":{\"@id\":\"https:\/\/utek.de\/es\/contacto\/#primaryimage\"},\"thumbnailUrl\":\"https:\/\/utek.de\/wp-content\/uploads\/2024\/03\/kontakt-utek-ingenieurbuero-dortmund.webp\",\"datePublished\":\"2020-01-20T16:24:15+00:00\",\"dateModified\":\"2025-04-10T11:52:25+00:00\",\"description\":\"Contacto UTEK Ingenieurb\u00fcro, Huckarder Str. 8, 44147 Dortmund, Tel: 0049 231 91 44 43-0. CEO: M. Egbring, D. Kunert, M. Tump, U. Marschner\",\"breadcrumb\":{\"@id\":\"https:\/\/utek.de\/es\/contacto\/#breadcrumb\"},\"inLanguage\":\"es\",\"potentialAction\":[{\"@type\":\"ReadAction\",\"target\":[\"https:\/\/utek.de\/es\/contacto\/\"]}]},{\"@type\":\"ImageObject\",\"inLanguage\":\"es\",\"@id\":\"https:\/\/utek.de\/es\/contacto\/#primaryimage\",\"url\":\"https:\/\/utek.de\/wp-content\/uploads\/2024\/03\/kontakt-utek-ingenieurbuero-dortmund.webp\",\"contentUrl\":\"https:\/\/utek.de\/wp-content\/uploads\/2024\/03\/kontakt-utek-ingenieurbuero-dortmund.webp\",\"width\":2560,\"height\":848,\"caption\":\"Sekretariat Empfang Ingenieurb\u00fcro UTEK Dortmund\"},{\"@type\":\"BreadcrumbList\",\"@id\":\"https:\/\/utek.de\/es\/contacto\/#breadcrumb\",\"itemListElement\":[{\"@type\":\"ListItem\",\"position\":1,\"name\":\"Startseite\",\"item\":\"https:\/\/utek.de\/es\/\"},{\"@type\":\"ListItem\",\"position\":2,\"name\":\"Contacto\"}]},{\"@type\":\"WebSite\",\"@id\":\"https:\/\/utek.de\/es\/#website\",\"url\":\"https:\/\/utek.de\/es\/\",\"name\":\"utek\",\"description\":\"\",\"potentialAction\":[{\"@type\":\"SearchAction\",\"target\":{\"@type\":\"EntryPoint\",\"urlTemplate\":\"https:\/\/utek.de\/es\/?s={search_term_string}\"},\"query-input\":{\"@type\":\"PropertyValueSpecification\",\"valueRequired\":true,\"valueName\":\"search_term_string\"}}],\"inLanguage\":\"es\"}]}<\/script>\n<!-- \/ Yoast SEO plugin. -->","yoast_head_json":{"title":"Contacto UTEK \u2013 oficina de ingenier\u00eda Dortmund\/Alemania","description":"Contacto UTEK Ingenieurb\u00fcro, Huckarder Str. 8, 44147 Dortmund, Tel: 0049 231 91 44 43-0. CEO: M. Egbring, D. Kunert, M. Tump, U. Marschner","robots":{"index":"index","follow":"follow","max-snippet":"max-snippet:-1","max-image-preview":"max-image-preview:large","max-video-preview":"max-video-preview:-1"},"canonical":"https:\/\/utek.de\/es\/contacto\/","og_locale":"es_ES","og_type":"article","og_title":"Contacto UTEK \u2013 oficina de ingenier\u00eda Dortmund\/Alemania","og_description":"Contacto UTEK Ingenieurb\u00fcro, Huckarder Str. 8, 44147 Dortmund, Tel: 0049 231 91 44 43-0. CEO: M. Egbring, D. Kunert, M. Tump, U. Marschner","og_url":"https:\/\/utek.de\/es\/contacto\/","og_site_name":"utek","article_modified_time":"2025-04-10T11:52:25+00:00","og_image":[{"width":2560,"height":848,"url":"https:\/\/utek.de\/wp-content\/uploads\/2024\/03\/kontakt-utek-ingenieurbuero-dortmund.webp","type":"image\/webp"}],"twitter_card":"summary_large_image","twitter_misc":{"Tiempo de lectura":"7 minutos"},"schema":{"@context":"https:\/\/schema.org","@graph":[{"@type":"WebPage","@id":"https:\/\/utek.de\/es\/contacto\/","url":"https:\/\/utek.de\/es\/contacto\/","name":"Contacto UTEK \u2013 oficina de ingenier\u00eda Dortmund\/Alemania","isPartOf":{"@id":"https:\/\/utek.de\/es\/#website"},"primaryImageOfPage":{"@id":"https:\/\/utek.de\/es\/contacto\/#primaryimage"},"image":{"@id":"https:\/\/utek.de\/es\/contacto\/#primaryimage"},"thumbnailUrl":"https:\/\/utek.de\/wp-content\/uploads\/2024\/03\/kontakt-utek-ingenieurbuero-dortmund.webp","datePublished":"2020-01-20T16:24:15+00:00","dateModified":"2025-04-10T11:52:25+00:00","description":"Contacto UTEK Ingenieurb\u00fcro, Huckarder Str. 8, 44147 Dortmund, Tel: 0049 231 91 44 43-0. CEO: M. Egbring, D. Kunert, M. Tump, U. Marschner","breadcrumb":{"@id":"https:\/\/utek.de\/es\/contacto\/#breadcrumb"},"inLanguage":"es","potentialAction":[{"@type":"ReadAction","target":["https:\/\/utek.de\/es\/contacto\/"]}]},{"@type":"ImageObject","inLanguage":"es","@id":"https:\/\/utek.de\/es\/contacto\/#primaryimage","url":"https:\/\/utek.de\/wp-content\/uploads\/2024\/03\/kontakt-utek-ingenieurbuero-dortmund.webp","contentUrl":"https:\/\/utek.de\/wp-content\/uploads\/2024\/03\/kontakt-utek-ingenieurbuero-dortmund.webp","width":2560,"height":848,"caption":"Sekretariat Empfang Ingenieurb\u00fcro UTEK Dortmund"},{"@type":"BreadcrumbList","@id":"https:\/\/utek.de\/es\/contacto\/#breadcrumb","itemListElement":[{"@type":"ListItem","position":1,"name":"Startseite","item":"https:\/\/utek.de\/es\/"},{"@type":"ListItem","position":2,"name":"Contacto"}]},{"@type":"WebSite","@id":"https:\/\/utek.de\/es\/#website","url":"https:\/\/utek.de\/es\/","name":"utek","description":"","potentialAction":[{"@type":"SearchAction","target":{"@type":"EntryPoint","urlTemplate":"https:\/\/utek.de\/es\/?s={search_term_string}"},"query-input":{"@type":"PropertyValueSpecification","valueRequired":true,"valueName":"search_term_string"}}],"inLanguage":"es"}]}},"_links":{"self":[{"href":"https:\/\/utek.de\/es\/wp-json\/wp\/v2\/pages\/4299","targetHints":{"allow":["GET"]}}],"collection":[{"href":"https:\/\/utek.de\/es\/wp-json\/wp\/v2\/pages"}],"about":[{"href":"https:\/\/utek.de\/es\/wp-json\/wp\/v2\/types\/page"}],"author":[{"embeddable":true,"href":"https:\/\/utek.de\/es\/wp-json\/wp\/v2\/users\/1"}],"replies":[{"embeddable":true,"href":"https:\/\/utek.de\/es\/wp-json\/wp\/v2\/comments?post=4299"}],"version-history":[{"count":5,"href":"https:\/\/utek.de\/es\/wp-json\/wp\/v2\/pages\/4299\/revisions"}],"predecessor-version":[{"id":7711,"href":"https:\/\/utek.de\/es\/wp-json\/wp\/v2\/pages\/4299\/revisions\/7711"}],"wp:featuredmedia":[{"embeddable":true,"href":"https:\/\/utek.de\/es\/wp-json\/wp\/v2\/media\/4613"}],"wp:attachment":[{"href":"https:\/\/utek.de\/es\/wp-json\/wp\/v2\/media?parent=4299"}],"curies":[{"name":"wp","href":"https:\/\/api.w.org\/{rel}","templated":true}]}}