{"id":3358,"date":"2019-05-15T14:45:04","date_gmt":"2019-05-15T12:45:04","guid":{"rendered":"https:\/\/utek.de\/startseite\/"},"modified":"2025-02-07T15:25:13","modified_gmt":"2025-02-07T14:25:13","slug":"startseite","status":"publish","type":"page","link":"https:\/\/utek.de\/es\/","title":{"rendered":"Home"},"content":{"rendered":"<h1>Oficina de ingenier\u00eda UTEK: resoluci\u00f3n de complejas tareas de ingenier\u00eda de forma segura y puntual<\/h1>\n<h2>Socio profesional del sector desde hace m\u00e1s de tres d\u00e9cadas<\/h2>\n<p>&nbsp;<\/p>\n<p>La oficina de ingenier\u00eda UTEK planifica, supervisa y ejecuta. Llevamos m\u00e1s de treinta a\u00f1os siendo un socio profesional de soluciones, principalmente para empresas de los sectores qu\u00edmico, farmac\u00e9utico y de ingenier\u00eda de plantas. Nuestros especialistas ofrecen soluciones completas y parciales para la construcci\u00f3n, ampliaci\u00f3n, optimizaci\u00f3n, mantenimiento y supervisi\u00f3n de procesos y plantas existentes.<\/p>\n<p>Nuestros clientes valoran las jerarqu\u00edas planas de nuestra empresa, la calidad de nuestro trabajo y nuestra absoluta fiabilidad. La seguridad de las personas, las plantas, los procesos y el medio ambiente es siempre una prioridad m\u00e1xima para UTEK. Siempre realizamos con aplomo retos t\u00e9cnicamente complejos.<\/p>\n<p>Si es necesario, los ingenieros de UTEK trabajar\u00e1n en su proyecto directamente in situ o, alternativamente, en nuestras oficinas. Para nosotros es importante estar siempre muy cerca de la tarea y en estrecho di\u00e1logo con usted.<\/p>\n<p>&nbsp;<\/p>\n ","protected":false},"excerpt":{"rendered":"<p>Oficina de ingenier\u00eda UTEK: resoluci\u00f3n de complejas tareas de ingenier\u00eda de forma segura y puntual Socio profesional del sector desde hace m\u00e1s de tres d\u00e9cadas &nbsp; La oficina de ingenier\u00eda UTEK planifica, supervisa y ejecuta. Llevamos m\u00e1s de treinta a\u00f1os siendo un socio profesional de soluciones, principalmente para empresas de los sectores qu\u00edmico, farmac\u00e9utico y [&hellip;]<\/p>\n","protected":false},"author":1,"featured_media":5643,"parent":0,"menu_order":1,"comment_status":"closed","ping_status":"closed","template":"","meta":{"_acf_changed":false,"footnotes":""},"class_list":["post-3358","page","type-page","status-publish","has-post-thumbnail","hentry"],"acf":[],"yoast_head":"<!-- This site is optimized with the Yoast SEO plugin v27.1.1 - https:\/\/yoast.com\/product\/yoast-seo-wordpress\/ -->\n<title>UTEK, resoluci\u00f3n de complejas tareas de ingenier\u00eda en los plazos previstos<\/title>\n<meta name=\"description\" content=\"La oficina de ingenier\u00eda de UTEK planifica, supervisa y ejecuta competente en soluciones para empresas de los sectores qu\u00edmico y farmac\u00e9utico\" \/>\n<meta name=\"robots\" content=\"index, follow, max-snippet:-1, max-image-preview:large, max-video-preview:-1\" \/>\n<link rel=\"canonical\" href=\"https:\/\/utek.de\/es\/\" \/>\n<meta property=\"og:locale\" content=\"es_ES\" \/>\n<meta property=\"og:type\" content=\"article\" \/>\n<meta property=\"og:title\" content=\"UTEK, resoluci\u00f3n de complejas tareas de ingenier\u00eda en los plazos previstos\" \/>\n<meta property=\"og:description\" content=\"La oficina de ingenier\u00eda de UTEK planifica, supervisa y ejecuta competente en soluciones para empresas de los sectores qu\u00edmico y farmac\u00e9utico\" \/>\n<meta property=\"og:url\" content=\"https:\/\/utek.de\/es\/\" \/>\n<meta property=\"og:site_name\" content=\"utek\" \/>\n<meta property=\"article:modified_time\" content=\"2025-02-07T14:25:13+00:00\" \/>\n<meta property=\"og:image\" content=\"https:\/\/utek.de\/wp-content\/uploads\/2024\/03\/kontakt-utek-huckarder-strasse-8-44147-dortmund-1.webp\" \/>\n\t<meta property=\"og:image:width\" content=\"2560\" \/>\n\t<meta property=\"og:image:height\" content=\"848\" \/>\n\t<meta property=\"og:image:type\" content=\"image\/webp\" \/>\n<meta name=\"twitter:card\" content=\"summary_large_image\" \/>\n<meta name=\"twitter:label1\" content=\"Tiempo de lectura\" \/>\n\t<meta name=\"twitter:data1\" content=\"4 minutos\" \/>\n<script type=\"application\/ld+json\" class=\"yoast-schema-graph\">{\"@context\":\"https:\/\/schema.org\",\"@graph\":[{\"@type\":\"WebPage\",\"@id\":\"https:\/\/utek.de\/es\/\",\"url\":\"https:\/\/utek.de\/es\/\",\"name\":\"UTEK, resoluci\u00f3n de complejas tareas de ingenier\u00eda en los plazos previstos\",\"isPartOf\":{\"@id\":\"https:\/\/utek.de\/es\/#website\"},\"primaryImageOfPage\":{\"@id\":\"https:\/\/utek.de\/es\/#primaryimage\"},\"image\":{\"@id\":\"https:\/\/utek.de\/es\/#primaryimage\"},\"thumbnailUrl\":\"https:\/\/utek.de\/wp-content\/uploads\/2024\/03\/kontakt-utek-huckarder-strasse-8-44147-dortmund-1.webp\",\"datePublished\":\"2019-05-15T12:45:04+00:00\",\"dateModified\":\"2025-02-07T14:25:13+00:00\",\"description\":\"La oficina de ingenier\u00eda de UTEK planifica, supervisa y ejecuta competente en soluciones para empresas de los sectores qu\u00edmico y farmac\u00e9utico\",\"breadcrumb\":{\"@id\":\"https:\/\/utek.de\/es\/#breadcrumb\"},\"inLanguage\":\"es\",\"potentialAction\":[{\"@type\":\"ReadAction\",\"target\":[\"https:\/\/utek.de\/es\/\"]}]},{\"@type\":\"ImageObject\",\"inLanguage\":\"es\",\"@id\":\"https:\/\/utek.de\/es\/#primaryimage\",\"url\":\"https:\/\/utek.de\/wp-content\/uploads\/2024\/03\/kontakt-utek-huckarder-strasse-8-44147-dortmund-1.webp\",\"contentUrl\":\"https:\/\/utek.de\/wp-content\/uploads\/2024\/03\/kontakt-utek-huckarder-strasse-8-44147-dortmund-1.webp\",\"width\":2560,\"height\":848,\"caption\":\"Kontakt UTEK Ingenieurb\u00fcro Prozessautomation Dortmund\"},{\"@type\":\"BreadcrumbList\",\"@id\":\"https:\/\/utek.de\/es\/#breadcrumb\",\"itemListElement\":[{\"@type\":\"ListItem\",\"position\":1,\"name\":\"Startseite\",\"item\":\"https:\/\/utek.de\/es\/\"},{\"@type\":\"ListItem\",\"position\":2,\"name\":\"Home\"}]},{\"@type\":\"WebSite\",\"@id\":\"https:\/\/utek.de\/es\/#website\",\"url\":\"https:\/\/utek.de\/es\/\",\"name\":\"utek\",\"description\":\"\",\"potentialAction\":[{\"@type\":\"SearchAction\",\"target\":{\"@type\":\"EntryPoint\",\"urlTemplate\":\"https:\/\/utek.de\/es\/?s={search_term_string}\"},\"query-input\":{\"@type\":\"PropertyValueSpecification\",\"valueRequired\":true,\"valueName\":\"search_term_string\"}}],\"inLanguage\":\"es\"}]}<\/script>\n<!-- \/ Yoast SEO plugin. -->","yoast_head_json":{"title":"UTEK, resoluci\u00f3n de complejas tareas de ingenier\u00eda en los plazos previstos","description":"La oficina de ingenier\u00eda de UTEK planifica, supervisa y ejecuta competente en soluciones para empresas de los sectores qu\u00edmico y farmac\u00e9utico","robots":{"index":"index","follow":"follow","max-snippet":"max-snippet:-1","max-image-preview":"max-image-preview:large","max-video-preview":"max-video-preview:-1"},"canonical":"https:\/\/utek.de\/es\/","og_locale":"es_ES","og_type":"article","og_title":"UTEK, resoluci\u00f3n de complejas tareas de ingenier\u00eda en los plazos previstos","og_description":"La oficina de ingenier\u00eda de UTEK planifica, supervisa y ejecuta competente en soluciones para empresas de los sectores qu\u00edmico y farmac\u00e9utico","og_url":"https:\/\/utek.de\/es\/","og_site_name":"utek","article_modified_time":"2025-02-07T14:25:13+00:00","og_image":[{"width":2560,"height":848,"url":"https:\/\/utek.de\/wp-content\/uploads\/2024\/03\/kontakt-utek-huckarder-strasse-8-44147-dortmund-1.webp","type":"image\/webp"}],"twitter_card":"summary_large_image","twitter_misc":{"Tiempo de lectura":"4 minutos"},"schema":{"@context":"https:\/\/schema.org","@graph":[{"@type":"WebPage","@id":"https:\/\/utek.de\/es\/","url":"https:\/\/utek.de\/es\/","name":"UTEK, resoluci\u00f3n de complejas tareas de ingenier\u00eda en los plazos previstos","isPartOf":{"@id":"https:\/\/utek.de\/es\/#website"},"primaryImageOfPage":{"@id":"https:\/\/utek.de\/es\/#primaryimage"},"image":{"@id":"https:\/\/utek.de\/es\/#primaryimage"},"thumbnailUrl":"https:\/\/utek.de\/wp-content\/uploads\/2024\/03\/kontakt-utek-huckarder-strasse-8-44147-dortmund-1.webp","datePublished":"2019-05-15T12:45:04+00:00","dateModified":"2025-02-07T14:25:13+00:00","description":"La oficina de ingenier\u00eda de UTEK planifica, supervisa y ejecuta competente en soluciones para empresas de los sectores qu\u00edmico y farmac\u00e9utico","breadcrumb":{"@id":"https:\/\/utek.de\/es\/#breadcrumb"},"inLanguage":"es","potentialAction":[{"@type":"ReadAction","target":["https:\/\/utek.de\/es\/"]}]},{"@type":"ImageObject","inLanguage":"es","@id":"https:\/\/utek.de\/es\/#primaryimage","url":"https:\/\/utek.de\/wp-content\/uploads\/2024\/03\/kontakt-utek-huckarder-strasse-8-44147-dortmund-1.webp","contentUrl":"https:\/\/utek.de\/wp-content\/uploads\/2024\/03\/kontakt-utek-huckarder-strasse-8-44147-dortmund-1.webp","width":2560,"height":848,"caption":"Kontakt UTEK Ingenieurb\u00fcro Prozessautomation Dortmund"},{"@type":"BreadcrumbList","@id":"https:\/\/utek.de\/es\/#breadcrumb","itemListElement":[{"@type":"ListItem","position":1,"name":"Startseite","item":"https:\/\/utek.de\/es\/"},{"@type":"ListItem","position":2,"name":"Home"}]},{"@type":"WebSite","@id":"https:\/\/utek.de\/es\/#website","url":"https:\/\/utek.de\/es\/","name":"utek","description":"","potentialAction":[{"@type":"SearchAction","target":{"@type":"EntryPoint","urlTemplate":"https:\/\/utek.de\/es\/?s={search_term_string}"},"query-input":{"@type":"PropertyValueSpecification","valueRequired":true,"valueName":"search_term_string"}}],"inLanguage":"es"}]}},"_links":{"self":[{"href":"https:\/\/utek.de\/es\/wp-json\/wp\/v2\/pages\/3358","targetHints":{"allow":["GET"]}}],"collection":[{"href":"https:\/\/utek.de\/es\/wp-json\/wp\/v2\/pages"}],"about":[{"href":"https:\/\/utek.de\/es\/wp-json\/wp\/v2\/types\/page"}],"author":[{"embeddable":true,"href":"https:\/\/utek.de\/es\/wp-json\/wp\/v2\/users\/1"}],"replies":[{"embeddable":true,"href":"https:\/\/utek.de\/es\/wp-json\/wp\/v2\/comments?post=3358"}],"version-history":[{"count":8,"href":"https:\/\/utek.de\/es\/wp-json\/wp\/v2\/pages\/3358\/revisions"}],"predecessor-version":[{"id":7663,"href":"https:\/\/utek.de\/es\/wp-json\/wp\/v2\/pages\/3358\/revisions\/7663"}],"wp:featuredmedia":[{"embeddable":true,"href":"https:\/\/utek.de\/es\/wp-json\/wp\/v2\/media\/5643"}],"wp:attachment":[{"href":"https:\/\/utek.de\/es\/wp-json\/wp\/v2\/media?parent=3358"}],"curies":[{"name":"wp","href":"https:\/\/api.w.org\/{rel}","templated":true}]}}